{"id":72915,"date":"2026-04-20T13:56:34","date_gmt":"2026-04-20T10:56:34","guid":{"rendered":"https:\/\/fawe.org\/?page_id=72915"},"modified":"2026-04-20T21:49:13","modified_gmt":"2026-04-20T18:49:13","slug":"regional-teacher-initiative-in-africa","status":"publish","type":"page","link":"https:\/\/fawe.org\/fr\/regional-teacher-initiative-in-africa\/","title":{"rendered":"Initiative r\u00e9gionale pour les enseignants en Afrique"},"content":{"rendered":"<div data-elementor-type=\"wp-page\" data-elementor-id=\"72915\" class=\"elementor elementor-72915\" data-elementor-post-type=\"page\">\n\t\t\t\t<div class=\"elementor-element elementor-element-23be71c6 e-flex e-con-boxed e-con e-parent\" data-id=\"23be71c6\" data-element_type=\"container\" data-e-type=\"container\" data-settings=\"{&quot;background_background&quot;:&quot;classic&quot;}\">\n\t\t\t\t\t<div class=\"e-con-inner\">\n\t\t<div class=\"elementor-element elementor-element-30b25a03 e-con-full animated-slow e-flex elementor-invisible e-con e-child\" data-id=\"30b25a03\" data-element_type=\"container\" data-e-type=\"container\" data-settings=\"{&quot;animation&quot;:&quot;fadeIn&quot;,&quot;animation_delay&quot;:100}\">\n\t\t\t\t<\/div>\n\t\t<div class=\"elementor-element elementor-element-37b857c2 e-con-full e-flex e-con e-child\" data-id=\"37b857c2\" data-element_type=\"container\" data-e-type=\"container\">\n\t\t\t\t<div class=\"elementor-element elementor-element-5b965563 elementor-widget__width-initial animated-slow elementor-invisible elementor-widget elementor-widget-heading\" data-id=\"5b965563\" data-element_type=\"widget\" data-e-type=\"widget\" data-settings=\"{&quot;_animation&quot;:&quot;fadeInUp&quot;}\" data-widget_type=\"heading.default\">\n\t\t\t\t<div class=\"elementor-widget-container\">\n\t\t\t\t\t<h2 class=\"elementor-heading-title elementor-size-default\">Initiative r\u00e9gionale pour les enseignants en Afrique<\/h2>\t\t\t\t<\/div>\n\t\t\t\t<\/div>\n\t\t\t\t<div class=\"elementor-element elementor-element-349a2342 elementor-widget-divider--view-line elementor-widget elementor-widget-divider\" data-id=\"349a2342\" data-element_type=\"widget\" data-e-type=\"widget\" data-widget_type=\"divider.default\">\n\t\t\t\t<div class=\"elementor-widget-container\">\n\t\t\t\t\t\t\t<div class=\"elementor-divider\">\n\t\t\t<span class=\"elementor-divider-separator\">\n\t\t\t\t\t\t<\/span>\n\t\t<\/div>\n\t\t\t\t\t\t<\/div>\n\t\t\t\t<\/div>\n\t\t\t\t<div class=\"elementor-element elementor-element-f04170c elementor-widget elementor-widget-text-editor\" data-id=\"f04170c\" data-element_type=\"widget\" data-e-type=\"widget\" data-widget_type=\"text-editor.default\">\n\t\t\t\t<div class=\"elementor-widget-container\">\n\t\t\t\t\t\t\t\t\t<p>Le FAWE est partenaire de VVOB - Education for Development dans le cadre de l'Initiative r\u00e9gionale des enseignants pour l'Afrique (RTIA), un programme mis en \u0153uvre en collaboration avec l'Union africaine, les partenaires de Team Europe (Belgique, Finlande et France) et l'UNESCO. Cette initiative vise \u00e0 renforcer le corps enseignant et \u00e0 am\u00e9liorer les r\u00e9sultats de l'apprentissage, ainsi que le d\u00e9veloppement socio-\u00e9motionnel des apprenants dans toute l'Afrique.<br \/>Gr\u00e2ce \u00e0 cette collaboration, le FAWE soutient la mise \u00e0 l'\u00e9chelle de la p\u00e9dagogie sensible au genre (PSG) sur le continent dans le cadre du d\u00e9veloppement professionnel des enseignants (DPE), en dotant les enseignants des comp\u00e9tences n\u00e9cessaires pour dispenser une \u00e9ducation inclusive et \u00e9quitable du point de vue du genre.<\/p><p><br \/><strong>Objectifs :<\/strong><br \/>Le programme vise \u00e0 :<br \/>I. \u00c9tablir et renforcer des partenariats et des alliances afin d'\u00e9tendre les initiatives de formation professionnelle des enseignants (FPE) sur la p\u00e9dagogie transformatrice et sensible au genre (GTP\/GRP).<br \/>II. Favoriser la collaboration, les \u00e9changes r\u00e9gionaux et l'apprentissage par les pairs au sein des r\u00e9seaux \u00e9ducatifs.<br \/>III. Sensibiliser, approfondir la compr\u00e9hension des parties prenantes et renforcer le soutien pour influencer les politiques sur le genre et l'\u00e9ducation.<br \/>IV. Promouvoir l'adoption et la g\u00e9n\u00e9ralisation de pratiques d'enseignement tenant compte de la dimension de genre.<br \/>V. Diffuser les donn\u00e9es probantes et les enseignements tir\u00e9s afin d'\u00e9tayer les actions de sensibilisation et d'encourager les r\u00e9formes de l'\u00e9ducation.<\/p>\t\t\t\t\t\t\t\t<\/div>\n\t\t\t\t<\/div>\n\t\t\t\t<\/div>\n\t\t\t\t\t<\/div>\n\t\t\t\t<\/div>\n\t\t\t\t<\/div>","protected":false},"excerpt":{"rendered":"<p>Regional Teacher Initiative in Africa FAWE is partnering with VVOB \u2013 Education for Development under the Regional Teachers Initiative for Africa (RTIA), a programme implemented in collaboration with the African Union, Team Europe partners (Belgium, Finland, and France), and UNESCO. The initiative aims to strengthen the teacher workforce and improve learning outcomes, as well as [&hellip;]<\/p>\n","protected":false},"author":1,"featured_media":0,"parent":0,"menu_order":0,"comment_status":"closed","ping_status":"closed","template":"","meta":{"footnotes":""},"class_list":["post-72915","page","type-page","status-publish","hentry"],"yoast_head":"<!-- This site is optimized with the Yoast SEO plugin v27.1.1 - https:\/\/yoast.com\/product\/yoast-seo-wordpress\/ -->\n<title>Regional Teacher Initiative in Africa - FORUM FOR AFRICAN WOMEN EDUCATIONALISTS (FAWE)<\/title>\n<meta name=\"robots\" content=\"index, follow, max-snippet:-1, max-image-preview:large, max-video-preview:-1\" \/>\n<link rel=\"canonical\" href=\"https:\/\/fawe.org\/fr\/regional-teacher-initiative-in-africa\/\" \/>\n<meta property=\"og:locale\" content=\"fr_FR\" \/>\n<meta property=\"og:type\" content=\"article\" \/>\n<meta property=\"og:title\" content=\"Regional Teacher Initiative in Africa - FORUM FOR AFRICAN WOMEN EDUCATIONALISTS (FAWE)\" \/>\n<meta property=\"og:description\" content=\"Regional Teacher Initiative in Africa FAWE is partnering with VVOB \u2013 Education for Development under the Regional Teachers Initiative for Africa (RTIA), a programme implemented in collaboration with the African Union, Team Europe partners (Belgium, Finland, and France), and UNESCO. The initiative aims to strengthen the teacher workforce and improve learning outcomes, as well as [&hellip;]\" \/>\n<meta property=\"og:url\" content=\"https:\/\/fawe.org\/fr\/regional-teacher-initiative-in-africa\/\" \/>\n<meta property=\"og:site_name\" content=\"FORUM FOR AFRICAN WOMEN EDUCATIONALISTS (FAWE)\" \/>\n<meta property=\"article:publisher\" content=\"https:\/\/www.facebook.com\/Forum.for.African.Women.Educationalists\" \/>\n<meta property=\"article:modified_time\" content=\"2026-04-20T18:49:13+00:00\" \/>\n<meta property=\"og:image\" content=\"https:\/\/fawe.org\/wp-content\/uploads\/2025\/07\/511197692_1117918787032068_1548540696703686237_n.jpg\" \/>\n\t<meta property=\"og:image:width\" content=\"1600\" \/>\n\t<meta property=\"og:image:height\" content=\"1066\" \/>\n\t<meta property=\"og:image:type\" content=\"image\/jpeg\" \/>\n<meta name=\"twitter:card\" content=\"summary_large_image\" \/>\n<meta name=\"twitter:site\" content=\"@FAWEAfrica\" \/>\n<meta name=\"twitter:label1\" content=\"Dur\u00e9e de lecture estim\u00e9e\" \/>\n\t<meta name=\"twitter:data1\" content=\"1 minute\" \/>\n<script type=\"application\/ld+json\" class=\"yoast-schema-graph\">{\"@context\":\"https:\/\/schema.org\",\"@graph\":[{\"@type\":\"WebPage\",\"@id\":\"https:\/\/fawe.org\/en\/regional-teacher-initiative-in-africa\/\",\"url\":\"https:\/\/fawe.org\/en\/regional-teacher-initiative-in-africa\/\",\"name\":\"Regional Teacher Initiative in Africa - FORUM FOR AFRICAN WOMEN EDUCATIONALISTS (FAWE)\",\"isPartOf\":{\"@id\":\"http:\/\/fawe.org\/en\/#website\"},\"datePublished\":\"2026-04-20T10:56:34+00:00\",\"dateModified\":\"2026-04-20T18:49:13+00:00\",\"breadcrumb\":{\"@id\":\"https:\/\/fawe.org\/en\/regional-teacher-initiative-in-africa\/#breadcrumb\"},\"inLanguage\":\"fr-FR\",\"potentialAction\":[{\"@type\":\"ReadAction\",\"target\":[\"https:\/\/fawe.org\/en\/regional-teacher-initiative-in-africa\/\"]}]},{\"@type\":\"BreadcrumbList\",\"@id\":\"https:\/\/fawe.org\/en\/regional-teacher-initiative-in-africa\/#breadcrumb\",\"itemListElement\":[{\"@type\":\"ListItem\",\"position\":1,\"name\":\"Home\",\"item\":\"http:\/\/fawe.org\/en\/\"},{\"@type\":\"ListItem\",\"position\":2,\"name\":\"Regional Teacher Initiative in Africa\"}]},{\"@type\":\"WebSite\",\"@id\":\"http:\/\/fawe.org\/en\/#website\",\"url\":\"http:\/\/fawe.org\/en\/\",\"name\":\"FORUM FOR AFRICAN WOMEN EDUCATIONALISTS (FAWE)\",\"description\":\"Education for Change\",\"publisher\":{\"@id\":\"http:\/\/fawe.org\/en\/#organization\"},\"alternateName\":\"FAWE RS\",\"potentialAction\":[{\"@type\":\"SearchAction\",\"target\":{\"@type\":\"EntryPoint\",\"urlTemplate\":\"http:\/\/fawe.org\/en\/?s={search_term_string}\"},\"query-input\":{\"@type\":\"PropertyValueSpecification\",\"valueRequired\":true,\"valueName\":\"search_term_string\"}}],\"inLanguage\":\"fr-FR\"},{\"@type\":\"Organization\",\"@id\":\"http:\/\/fawe.org\/en\/#organization\",\"name\":\"FORUM FOR AFRICAN WOMEN EDUCATIONALISTS (FAWE)\",\"url\":\"http:\/\/fawe.org\/en\/\",\"logo\":{\"@type\":\"ImageObject\",\"inLanguage\":\"fr-FR\",\"@id\":\"http:\/\/fawe.org\/en\/#\/schema\/logo\/image\/\",\"url\":\"https:\/\/fawe.org\/wp-content\/uploads\/2025\/02\/FAWE-FINAL-PRIMARY-LOGO-1-Photoroom.png\",\"contentUrl\":\"https:\/\/fawe.org\/wp-content\/uploads\/2025\/02\/FAWE-FINAL-PRIMARY-LOGO-1-Photoroom.png\",\"width\":1280,\"height\":510,\"caption\":\"FORUM FOR AFRICAN WOMEN EDUCATIONALISTS (FAWE)\"},\"image\":{\"@id\":\"http:\/\/fawe.org\/en\/#\/schema\/logo\/image\/\"},\"sameAs\":[\"https:\/\/www.facebook.com\/Forum.for.African.Women.Educationalists\",\"https:\/\/x.com\/FAWEAfrica\",\"https:\/\/www.instagram.com\/fawe_africa\/\",\"https:\/\/www.linkedin.com\/company\/fawe-africa\/\",\"https:\/\/www.youtube.com\/@FAWEAfrica\"]}]}<\/script>\n<!-- \/ Yoast SEO plugin. -->","yoast_head_json":{"title":"Regional Teacher Initiative in Africa - FORUM FOR AFRICAN WOMEN EDUCATIONALISTS (FAWE)","robots":{"index":"index","follow":"follow","max-snippet":"max-snippet:-1","max-image-preview":"max-image-preview:large","max-video-preview":"max-video-preview:-1"},"canonical":"https:\/\/fawe.org\/fr\/regional-teacher-initiative-in-africa\/","og_locale":"fr_FR","og_type":"article","og_title":"Regional Teacher Initiative in Africa - FORUM FOR AFRICAN WOMEN EDUCATIONALISTS (FAWE)","og_description":"Regional Teacher Initiative in Africa FAWE is partnering with VVOB \u2013 Education for Development under the Regional Teachers Initiative for Africa (RTIA), a programme implemented in collaboration with the African Union, Team Europe partners (Belgium, Finland, and France), and UNESCO. The initiative aims to strengthen the teacher workforce and improve learning outcomes, as well as [&hellip;]","og_url":"https:\/\/fawe.org\/fr\/regional-teacher-initiative-in-africa\/","og_site_name":"FORUM FOR AFRICAN WOMEN EDUCATIONALISTS (FAWE)","article_publisher":"https:\/\/www.facebook.com\/Forum.for.African.Women.Educationalists","article_modified_time":"2026-04-20T18:49:13+00:00","og_image":[{"width":1600,"height":1066,"url":"https:\/\/fawe.org\/wp-content\/uploads\/2025\/07\/511197692_1117918787032068_1548540696703686237_n.jpg","type":"image\/jpeg"}],"twitter_card":"summary_large_image","twitter_site":"@FAWEAfrica","twitter_misc":{"Dur\u00e9e de lecture estim\u00e9e":"1 minute"},"schema":{"@context":"https:\/\/schema.org","@graph":[{"@type":"WebPage","@id":"https:\/\/fawe.org\/en\/regional-teacher-initiative-in-africa\/","url":"https:\/\/fawe.org\/en\/regional-teacher-initiative-in-africa\/","name":"Regional Teacher Initiative in Africa - FORUM FOR AFRICAN WOMEN EDUCATIONALISTS (FAWE)","isPartOf":{"@id":"http:\/\/fawe.org\/en\/#website"},"datePublished":"2026-04-20T10:56:34+00:00","dateModified":"2026-04-20T18:49:13+00:00","breadcrumb":{"@id":"https:\/\/fawe.org\/en\/regional-teacher-initiative-in-africa\/#breadcrumb"},"inLanguage":"fr-FR","potentialAction":[{"@type":"ReadAction","target":["https:\/\/fawe.org\/en\/regional-teacher-initiative-in-africa\/"]}]},{"@type":"BreadcrumbList","@id":"https:\/\/fawe.org\/en\/regional-teacher-initiative-in-africa\/#breadcrumb","itemListElement":[{"@type":"ListItem","position":1,"name":"Home","item":"http:\/\/fawe.org\/en\/"},{"@type":"ListItem","position":2,"name":"Regional Teacher Initiative in Africa"}]},{"@type":"WebSite","@id":"http:\/\/fawe.org\/en\/#website","url":"http:\/\/fawe.org\/en\/","name":"FORUM DES \u00c9DUCATRICES AFRICAINES (FAWE)","description":"L'\u00e9ducation au changement","publisher":{"@id":"http:\/\/fawe.org\/en\/#organization"},"alternateName":"FAWE RS","potentialAction":[{"@type":"SearchAction","target":{"@type":"EntryPoint","urlTemplate":"http:\/\/fawe.org\/en\/?s={search_term_string}"},"query-input":{"@type":"PropertyValueSpecification","valueRequired":true,"valueName":"search_term_string"}}],"inLanguage":"fr-FR"},{"@type":"Organization","@id":"http:\/\/fawe.org\/en\/#organization","name":"FORUM DES \u00c9DUCATRICES AFRICAINES (FAWE)","url":"http:\/\/fawe.org\/en\/","logo":{"@type":"ImageObject","inLanguage":"fr-FR","@id":"http:\/\/fawe.org\/en\/#\/schema\/logo\/image\/","url":"https:\/\/fawe.org\/wp-content\/uploads\/2025\/02\/FAWE-FINAL-PRIMARY-LOGO-1-Photoroom.png","contentUrl":"https:\/\/fawe.org\/wp-content\/uploads\/2025\/02\/FAWE-FINAL-PRIMARY-LOGO-1-Photoroom.png","width":1280,"height":510,"caption":"FORUM FOR AFRICAN WOMEN EDUCATIONALISTS (FAWE)"},"image":{"@id":"http:\/\/fawe.org\/en\/#\/schema\/logo\/image\/"},"sameAs":["https:\/\/www.facebook.com\/Forum.for.African.Women.Educationalists","https:\/\/x.com\/FAWEAfrica","https:\/\/www.instagram.com\/fawe_africa\/","https:\/\/www.linkedin.com\/company\/fawe-africa\/","https:\/\/www.youtube.com\/@FAWEAfrica"]}]}},"_links":{"self":[{"href":"https:\/\/fawe.org\/fr\/wp-json\/wp\/v2\/pages\/72915","targetHints":{"allow":["GET"]}}],"collection":[{"href":"https:\/\/fawe.org\/fr\/wp-json\/wp\/v2\/pages"}],"about":[{"href":"https:\/\/fawe.org\/fr\/wp-json\/wp\/v2\/types\/page"}],"author":[{"embeddable":true,"href":"https:\/\/fawe.org\/fr\/wp-json\/wp\/v2\/users\/1"}],"replies":[{"embeddable":true,"href":"https:\/\/fawe.org\/fr\/wp-json\/wp\/v2\/comments?post=72915"}],"version-history":[{"count":13,"href":"https:\/\/fawe.org\/fr\/wp-json\/wp\/v2\/pages\/72915\/revisions"}],"predecessor-version":[{"id":72949,"href":"https:\/\/fawe.org\/fr\/wp-json\/wp\/v2\/pages\/72915\/revisions\/72949"}],"wp:attachment":[{"href":"https:\/\/fawe.org\/fr\/wp-json\/wp\/v2\/media?parent=72915"}],"curies":[{"name":"wp","href":"https:\/\/api.w.org\/{rel}","templated":true}]}}