{"id":72913,"date":"2026-04-20T13:55:18","date_gmt":"2026-04-20T10:55:18","guid":{"rendered":"https:\/\/fawe.org\/?page_id=72913"},"modified":"2026-04-20T22:35:20","modified_gmt":"2026-04-20T19:35:20","slug":"echidna-iv","status":"publish","type":"page","link":"https:\/\/fawe.org\/fr\/echidna-iv\/","title":{"rendered":"Echidna IV"},"content":{"rendered":"<div data-elementor-type=\"wp-page\" data-elementor-id=\"72913\" class=\"elementor elementor-72913\" data-elementor-post-type=\"page\">\n\t\t\t\t<div class=\"elementor-element elementor-element-d1cedc5 e-con-full e-flex e-con e-parent\" data-id=\"d1cedc5\" data-element_type=\"container\" data-e-type=\"container\">\n\t\t<div class=\"elementor-element elementor-element-aa29664 e-flex e-con-boxed e-con e-child\" data-id=\"aa29664\" data-element_type=\"container\" data-e-type=\"container\">\n\t\t\t\t\t<div class=\"e-con-inner\">\n\t\t\t\t\t<\/div>\n\t\t\t\t<\/div>\n\t\t\t\t<\/div>\n\t\t<div class=\"elementor-element elementor-element-17406d37 e-flex e-con-boxed e-con e-parent\" data-id=\"17406d37\" data-element_type=\"container\" data-e-type=\"container\" data-settings=\"{&quot;background_background&quot;:&quot;classic&quot;}\">\n\t\t\t\t\t<div class=\"e-con-inner\">\n\t\t<div class=\"elementor-element elementor-element-6f0ade90 e-con-full e-flex e-con e-child\" data-id=\"6f0ade90\" data-element_type=\"container\" data-e-type=\"container\">\n\t\t\t\t<div class=\"elementor-element elementor-element-5b04a83e elementor-align-left animated-slow elementor-invisible elementor-widget elementor-widget-elementskit-button\" data-id=\"5b04a83e\" data-element_type=\"widget\" data-e-type=\"widget\" data-settings=\"{&quot;_animation&quot;:&quot;fadeInUp&quot;}\" data-widget_type=\"elementskit-button.default\">\n\t\t\t\t<div class=\"elementor-widget-container\">\n\t\t\t\t\t<div class=\"ekit-wid-con\" >\t\t<div class=\"ekit-btn-wraper\">\n\t\t\t\t\t\t\t<a href=\"#\" class=\"elementskit-btn  whitespace--normal\" id=\"\">\n\t\t\t\t\t\u00c0 propos de nous\t\t\t\t<\/a>\n\t\t\t\t\t<\/div>\n        <\/div>\t\t\t\t<\/div>\n\t\t\t\t<\/div>\n\t\t\t\t<div class=\"elementor-element elementor-element-2e2ca4e8 elementor-widget__width-initial animated-slow elementor-invisible elementor-widget elementor-widget-heading\" data-id=\"2e2ca4e8\" data-element_type=\"widget\" data-e-type=\"widget\" data-settings=\"{&quot;_animation&quot;:&quot;fadeInUp&quot;}\" data-widget_type=\"heading.default\">\n\t\t\t\t<div class=\"elementor-widget-container\">\n\t\t\t\t\t<h2 class=\"elementor-heading-title elementor-size-default\">Ensemble pour un avenir meilleur<\/h2>\t\t\t\t<\/div>\n\t\t\t\t<\/div>\n\t\t\t\t<\/div>\n\t\t<div class=\"elementor-element elementor-element-16bafaeb e-con-full e-flex e-con e-child\" data-id=\"16bafaeb\" data-element_type=\"container\" data-e-type=\"container\">\n\t\t\t\t<div class=\"elementor-element elementor-element-e81719a e-transform elementor-widget__width-initial elementor-widget elementor-widget-rkit-running_text\" data-id=\"e81719a\" data-element_type=\"widget\" data-e-type=\"widget\" data-settings=\"{&quot;_transform_rotateZ_effect&quot;:{&quot;unit&quot;:&quot;px&quot;,&quot;size&quot;:-48,&quot;sizes&quot;:[]},&quot;_transform_rotateZ_effect_tablet&quot;:{&quot;unit&quot;:&quot;deg&quot;,&quot;size&quot;:-70,&quot;sizes&quot;:[]},&quot;_transform_rotateZ_effect_mobile&quot;:{&quot;unit&quot;:&quot;deg&quot;,&quot;size&quot;:&quot;&quot;,&quot;sizes&quot;:[]}}\" data-widget_type=\"rkit-running_text.default\">\n\t\t\t\t<div class=\"elementor-widget-container\">\n\t\t\t\t\t\r\n        <div class=\"rkit-text-marquee\">\r\n            <div class=\"rkit-marquee-container\">\r\n                <div class=\"rkit-marquee-content pause-hover\">\r\n                                            <div class=\"rkit-marquee-item elementor-repeater-item-19cbbe8\">\r\n                            <h3 class=\"rkit-marquee-item-content\">\r\n\r\n                                \r\n                                                                    <div style=\"width: 0px; height:0px;\"> <\/div>\r\n                                \r\n\r\n                                <div class=\"rkit-running-text__text\">\r\n                                    RENFORCER LES VIES, CONSTRUIRE L'AVENIR                                <\/div>\r\n\r\n                                <\/dh3>\r\n                        <\/div>\r\n                                    <\/div>\r\n            <\/div>\r\n        <\/div>\r\n\t\t\t\t<\/div>\n\t\t\t\t<\/div>\n\t\t\t\t<div class=\"elementor-element elementor-element-37c4b821 elementor-widget__width-initial animated-slow elementor-invisible elementor-widget elementor-widget-text-editor\" data-id=\"37c4b821\" data-element_type=\"widget\" data-e-type=\"widget\" data-settings=\"{&quot;_animation&quot;:&quot;fadeInUp&quot;,&quot;_animation_delay&quot;:100}\" data-widget_type=\"text-editor.default\">\n\t\t\t\t<div class=\"elementor-widget-container\">\n\t\t\t\t\t\t\t\t\t<p>Nous sommes une organisation \u00e0 but non lucratif qui se consacre \u00e0 la promotion d'initiatives efficaces, \u00e0 l'am\u00e9lioration des conditions de vie et \u00e0 la construction d'un avenir meilleur pour les communaut\u00e9s du monde entier.<\/p>\t\t\t\t\t\t\t\t<\/div>\n\t\t\t\t<\/div>\n\t\t\t\t<\/div>\n\t\t\t\t\t<\/div>\n\t\t\t\t<\/div>\n\t\t<div class=\"elementor-element elementor-element-149cff50 e-flex e-con-boxed e-con e-parent\" data-id=\"149cff50\" data-element_type=\"container\" data-e-type=\"container\" data-settings=\"{&quot;background_background&quot;:&quot;classic&quot;}\">\n\t\t\t\t\t<div class=\"e-con-inner\">\n\t\t<div class=\"elementor-element elementor-element-2c8365b9 e-con-full animated-slow e-flex elementor-invisible e-con e-child\" data-id=\"2c8365b9\" data-element_type=\"container\" data-e-type=\"container\" data-settings=\"{&quot;animation&quot;:&quot;fadeIn&quot;,&quot;animation_delay&quot;:100}\">\n\t\t\t\t<\/div>\n\t\t<div class=\"elementor-element elementor-element-666fc9b9 e-con-full e-flex e-con e-child\" data-id=\"666fc9b9\" data-element_type=\"container\" data-e-type=\"container\">\n\t\t\t\t<div class=\"elementor-element elementor-element-e851550 elementor-widget__width-initial animated-slow elementor-invisible elementor-widget elementor-widget-heading\" data-id=\"e851550\" data-element_type=\"widget\" data-e-type=\"widget\" data-settings=\"{&quot;_animation&quot;:&quot;fadeInUp&quot;}\" data-widget_type=\"heading.default\">\n\t\t\t\t<div class=\"elementor-widget-container\">\n\t\t\t\t\t<h2 class=\"elementor-heading-title elementor-size-default\">Echidna IV<\/h2>\t\t\t\t<\/div>\n\t\t\t\t<\/div>\n\t\t\t\t<div class=\"elementor-element elementor-element-383ca860 elementor-widget-divider--view-line elementor-widget elementor-widget-divider\" data-id=\"383ca860\" data-element_type=\"widget\" data-e-type=\"widget\" data-widget_type=\"divider.default\">\n\t\t\t\t<div class=\"elementor-widget-container\">\n\t\t\t\t\t\t\t<div class=\"elementor-divider\">\n\t\t\t<span class=\"elementor-divider-separator\">\n\t\t\t\t\t\t<\/span>\n\t\t<\/div>\n\t\t\t\t\t\t<\/div>\n\t\t\t\t<\/div>\n\t\t\t\t<div class=\"elementor-element elementor-element-34044aa elementor-widget elementor-widget-text-editor\" data-id=\"34044aa\" data-element_type=\"widget\" data-e-type=\"widget\" data-widget_type=\"text-editor.default\">\n\t\t\t\t<div class=\"elementor-widget-container\">\n\t\t\t\t\t\t\t\t\t<p>Le projet Echidna IV est une initiative r\u00e9gionale men\u00e9e par le FAWE pour susciter un changement syst\u00e9mique dans l'\u00e9ducation des filles par le biais d'un plaidoyer fond\u00e9 sur des donn\u00e9es probantes, d'une p\u00e9dagogie int\u00e9grant le genre et d'une collaboration renforc\u00e9e entre les parties prenantes. Mis en \u0153uvre au Nigeria, \u00e0 Zanzibar et en R\u00e9publique d\u00e9mocratique du Congo (RDC), le projet r\u00e9pond aux in\u00e9galit\u00e9s persistantes entre les sexes qui continuent de limiter l'acc\u00e8s des filles \u00e0 une \u00e9ducation de qualit\u00e9 malgr\u00e9 les progr\u00e8s significatifs r\u00e9alis\u00e9s en Afrique.<br \/>Au cours des deux derni\u00e8res d\u00e9cennies, le continent a fait des progr\u00e8s notables en mati\u00e8re d'\u00e9ducation des filles, notamment en augmentant le taux de scolarisation et en renfor\u00e7ant l'engagement politique. Toutefois, des barri\u00e8res socioculturelles profond\u00e9ment enracin\u00e9es, des conflits, la pauvret\u00e9 et une faible mise en \u0153uvre des politiques continuent d'exclure de nombreuses filles de l'\u00e9ducation, en particulier dans les contextes fragiles et marginalis\u00e9s. Les in\u00e9galit\u00e9s au niveau des salles de classe, les pratiques d'enseignement peu sensibles au genre et la participation restreinte des filles aux postes de direction renforcent encore ces disparit\u00e9s.<br \/>Echidna IV s'attaque directement \u00e0 ces d\u00e9fis en renfor\u00e7ant les syst\u00e8mes \u00e9ducatifs et les communaut\u00e9s par le biais d'une approche globale et fond\u00e9e sur des donn\u00e9es probantes. Le projet se concentre sur l'institutionnalisation de la p\u00e9dagogie sensible au genre, sur l'autonomisation des communaut\u00e9s par le biais de mod\u00e8les tels que les clubs de m\u00e8res et les plateformes de leadership pour les filles, et sur l'avancement des r\u00e9formes politiques par le biais d'un plaidoyer strat\u00e9gique aux niveaux national, r\u00e9gional et mondial.<\/p><p><strong>Objectifs du programme<\/strong><\/p><p>Le projet vise \u00e0 :<br \/>I. Promouvoir un apprentissage accessible, \u00e9quitable et inclusif pour les filles en renfor\u00e7ant la mise en \u0153uvre des politiques aux niveaux r\u00e9gional et national.<br \/>II. Am\u00e9liorer les syst\u00e8mes \u00e9ducatifs en institutionnalisant et en int\u00e9grant la p\u00e9dagogie sensible au genre dans la formation des enseignants et la pratique en classe.<br \/>III. Renforcer les capacit\u00e9s institutionnelles et techniques au sein du r\u00e9seau du FAWE afin de soutenir les r\u00e9formes \u00e9ducatives localis\u00e9es et la collaboration entre les diff\u00e9rentes parties prenantes.<br \/>IV. G\u00e9n\u00e9rer et utiliser des donn\u00e9es probantes et des enseignements pour \u00e9clairer les politiques, mettre \u00e0 l'\u00e9chelle des interventions efficaces et promouvoir une \u00e9ducation transformatrice en mati\u00e8re de genre dans tous les pays.<br \/>Gr\u00e2ce \u00e0 ce programme, le FAWE renforce la capacit\u00e9 de son r\u00e9seau et de ses partenaires \u00e0 dispenser une \u00e9ducation transformatrice en mati\u00e8re de genre, tout en g\u00e9n\u00e9rant et en utilisant des donn\u00e9es pour informer les politiques et les pratiques. En encourageant les partenariats avec les gouvernements, la soci\u00e9t\u00e9 civile et les organismes r\u00e9gionaux, le projet promeut des solutions durables et \u00e9volutives qui am\u00e9liorent l'acc\u00e8s, la r\u00e9tention et les r\u00e9sultats d'apprentissage des filles.<\/p>\t\t\t\t\t\t\t\t<\/div>\n\t\t\t\t<\/div>\n\t\t\t\t<\/div>\n\t\t\t\t\t<\/div>\n\t\t\t\t<\/div>\n\t\t\t\t<\/div>","protected":false},"excerpt":{"rendered":"<p>About Us Together for a Better Tomorrow EMPOWERING LIVES, BUILDING FUTURES We are a nonprofit organization dedicated to fostering impactful initiatives, uplifting lives, and building a brighter future for communities worldwide. Echidna IV The Echidna IV Project is a regional initiative led by FAWE to drive systemic change in girls\u2019 education through evidence-based advocacy, gender-inclusive [&hellip;]<\/p>\n","protected":false},"author":1,"featured_media":0,"parent":0,"menu_order":0,"comment_status":"closed","ping_status":"closed","template":"","meta":{"footnotes":""},"class_list":["post-72913","page","type-page","status-publish","hentry"],"yoast_head":"<!-- This site is optimized with the Yoast SEO plugin v27.1.1 - https:\/\/yoast.com\/product\/yoast-seo-wordpress\/ -->\n<title>Echidna IV - FORUM FOR AFRICAN WOMEN EDUCATIONALISTS (FAWE)<\/title>\n<meta name=\"robots\" content=\"index, follow, max-snippet:-1, max-image-preview:large, max-video-preview:-1\" \/>\n<link rel=\"canonical\" href=\"https:\/\/fawe.org\/fr\/echidna-iv\/\" \/>\n<meta property=\"og:locale\" content=\"fr_FR\" \/>\n<meta property=\"og:type\" content=\"article\" \/>\n<meta property=\"og:title\" content=\"Echidna IV - FORUM FOR AFRICAN WOMEN EDUCATIONALISTS (FAWE)\" \/>\n<meta property=\"og:description\" content=\"About Us Together for a Better Tomorrow EMPOWERING LIVES, BUILDING FUTURES We are a nonprofit organization dedicated to fostering impactful initiatives, uplifting lives, and building a brighter future for communities worldwide. Echidna IV The Echidna IV Project is a regional initiative led by FAWE to drive systemic change in girls\u2019 education through evidence-based advocacy, gender-inclusive [&hellip;]\" \/>\n<meta property=\"og:url\" content=\"https:\/\/fawe.org\/fr\/echidna-iv\/\" \/>\n<meta property=\"og:site_name\" content=\"FORUM FOR AFRICAN WOMEN EDUCATIONALISTS (FAWE)\" \/>\n<meta property=\"article:publisher\" content=\"https:\/\/www.facebook.com\/Forum.for.African.Women.Educationalists\" \/>\n<meta property=\"article:modified_time\" content=\"2026-04-20T19:35:20+00:00\" \/>\n<meta property=\"og:image\" content=\"https:\/\/fawe.org\/wp-content\/uploads\/2025\/07\/511197692_1117918787032068_1548540696703686237_n.jpg\" \/>\n\t<meta property=\"og:image:width\" content=\"1600\" \/>\n\t<meta property=\"og:image:height\" content=\"1066\" \/>\n\t<meta property=\"og:image:type\" content=\"image\/jpeg\" \/>\n<meta name=\"twitter:card\" content=\"summary_large_image\" \/>\n<meta name=\"twitter:site\" content=\"@FAWEAfrica\" \/>\n<meta name=\"twitter:label1\" content=\"Dur\u00e9e de lecture estim\u00e9e\" \/>\n\t<meta name=\"twitter:data1\" content=\"2 minutes\" \/>\n<script type=\"application\/ld+json\" class=\"yoast-schema-graph\">{\"@context\":\"https:\/\/schema.org\",\"@graph\":[{\"@type\":\"WebPage\",\"@id\":\"https:\/\/fawe.org\/en\/echidna-iv\/\",\"url\":\"https:\/\/fawe.org\/en\/echidna-iv\/\",\"name\":\"Echidna IV - FORUM FOR AFRICAN WOMEN EDUCATIONALISTS (FAWE)\",\"isPartOf\":{\"@id\":\"http:\/\/fawe.org\/en\/#website\"},\"datePublished\":\"2026-04-20T10:55:18+00:00\",\"dateModified\":\"2026-04-20T19:35:20+00:00\",\"breadcrumb\":{\"@id\":\"https:\/\/fawe.org\/en\/echidna-iv\/#breadcrumb\"},\"inLanguage\":\"fr-FR\",\"potentialAction\":[{\"@type\":\"ReadAction\",\"target\":[\"https:\/\/fawe.org\/en\/echidna-iv\/\"]}]},{\"@type\":\"BreadcrumbList\",\"@id\":\"https:\/\/fawe.org\/en\/echidna-iv\/#breadcrumb\",\"itemListElement\":[{\"@type\":\"ListItem\",\"position\":1,\"name\":\"Home\",\"item\":\"http:\/\/fawe.org\/en\/\"},{\"@type\":\"ListItem\",\"position\":2,\"name\":\"Echidna IV\"}]},{\"@type\":\"WebSite\",\"@id\":\"http:\/\/fawe.org\/en\/#website\",\"url\":\"http:\/\/fawe.org\/en\/\",\"name\":\"FORUM FOR AFRICAN WOMEN EDUCATIONALISTS (FAWE)\",\"description\":\"Education for Change\",\"publisher\":{\"@id\":\"http:\/\/fawe.org\/en\/#organization\"},\"alternateName\":\"FAWE RS\",\"potentialAction\":[{\"@type\":\"SearchAction\",\"target\":{\"@type\":\"EntryPoint\",\"urlTemplate\":\"http:\/\/fawe.org\/en\/?s={search_term_string}\"},\"query-input\":{\"@type\":\"PropertyValueSpecification\",\"valueRequired\":true,\"valueName\":\"search_term_string\"}}],\"inLanguage\":\"fr-FR\"},{\"@type\":\"Organization\",\"@id\":\"http:\/\/fawe.org\/en\/#organization\",\"name\":\"FORUM FOR AFRICAN WOMEN EDUCATIONALISTS (FAWE)\",\"url\":\"http:\/\/fawe.org\/en\/\",\"logo\":{\"@type\":\"ImageObject\",\"inLanguage\":\"fr-FR\",\"@id\":\"http:\/\/fawe.org\/en\/#\/schema\/logo\/image\/\",\"url\":\"https:\/\/fawe.org\/wp-content\/uploads\/2025\/02\/FAWE-FINAL-PRIMARY-LOGO-1-Photoroom.png\",\"contentUrl\":\"https:\/\/fawe.org\/wp-content\/uploads\/2025\/02\/FAWE-FINAL-PRIMARY-LOGO-1-Photoroom.png\",\"width\":1280,\"height\":510,\"caption\":\"FORUM FOR AFRICAN WOMEN EDUCATIONALISTS (FAWE)\"},\"image\":{\"@id\":\"http:\/\/fawe.org\/en\/#\/schema\/logo\/image\/\"},\"sameAs\":[\"https:\/\/www.facebook.com\/Forum.for.African.Women.Educationalists\",\"https:\/\/x.com\/FAWEAfrica\",\"https:\/\/www.instagram.com\/fawe_africa\/\",\"https:\/\/www.linkedin.com\/company\/fawe-africa\/\",\"https:\/\/www.youtube.com\/@FAWEAfrica\"]}]}<\/script>\n<!-- \/ Yoast SEO plugin. -->","yoast_head_json":{"title":"Echidna IV - FORUM FOR AFRICAN WOMEN EDUCATIONALISTS (FAWE)","robots":{"index":"index","follow":"follow","max-snippet":"max-snippet:-1","max-image-preview":"max-image-preview:large","max-video-preview":"max-video-preview:-1"},"canonical":"https:\/\/fawe.org\/fr\/echidna-iv\/","og_locale":"fr_FR","og_type":"article","og_title":"Echidna IV - FORUM FOR AFRICAN WOMEN EDUCATIONALISTS (FAWE)","og_description":"About Us Together for a Better Tomorrow EMPOWERING LIVES, BUILDING FUTURES We are a nonprofit organization dedicated to fostering impactful initiatives, uplifting lives, and building a brighter future for communities worldwide. Echidna IV The Echidna IV Project is a regional initiative led by FAWE to drive systemic change in girls\u2019 education through evidence-based advocacy, gender-inclusive [&hellip;]","og_url":"https:\/\/fawe.org\/fr\/echidna-iv\/","og_site_name":"FORUM FOR AFRICAN WOMEN EDUCATIONALISTS (FAWE)","article_publisher":"https:\/\/www.facebook.com\/Forum.for.African.Women.Educationalists","article_modified_time":"2026-04-20T19:35:20+00:00","og_image":[{"width":1600,"height":1066,"url":"https:\/\/fawe.org\/wp-content\/uploads\/2025\/07\/511197692_1117918787032068_1548540696703686237_n.jpg","type":"image\/jpeg"}],"twitter_card":"summary_large_image","twitter_site":"@FAWEAfrica","twitter_misc":{"Dur\u00e9e de lecture estim\u00e9e":"2 minutes"},"schema":{"@context":"https:\/\/schema.org","@graph":[{"@type":"WebPage","@id":"https:\/\/fawe.org\/en\/echidna-iv\/","url":"https:\/\/fawe.org\/en\/echidna-iv\/","name":"Echidna IV - FORUM FOR AFRICAN WOMEN EDUCATIONALISTS (FAWE)","isPartOf":{"@id":"http:\/\/fawe.org\/en\/#website"},"datePublished":"2026-04-20T10:55:18+00:00","dateModified":"2026-04-20T19:35:20+00:00","breadcrumb":{"@id":"https:\/\/fawe.org\/en\/echidna-iv\/#breadcrumb"},"inLanguage":"fr-FR","potentialAction":[{"@type":"ReadAction","target":["https:\/\/fawe.org\/en\/echidna-iv\/"]}]},{"@type":"BreadcrumbList","@id":"https:\/\/fawe.org\/en\/echidna-iv\/#breadcrumb","itemListElement":[{"@type":"ListItem","position":1,"name":"Home","item":"http:\/\/fawe.org\/en\/"},{"@type":"ListItem","position":2,"name":"Echidna IV"}]},{"@type":"WebSite","@id":"http:\/\/fawe.org\/en\/#website","url":"http:\/\/fawe.org\/en\/","name":"FORUM DES \u00c9DUCATRICES AFRICAINES (FAWE)","description":"L'\u00e9ducation au changement","publisher":{"@id":"http:\/\/fawe.org\/en\/#organization"},"alternateName":"FAWE RS","potentialAction":[{"@type":"SearchAction","target":{"@type":"EntryPoint","urlTemplate":"http:\/\/fawe.org\/en\/?s={search_term_string}"},"query-input":{"@type":"PropertyValueSpecification","valueRequired":true,"valueName":"search_term_string"}}],"inLanguage":"fr-FR"},{"@type":"Organization","@id":"http:\/\/fawe.org\/en\/#organization","name":"FORUM DES \u00c9DUCATRICES AFRICAINES (FAWE)","url":"http:\/\/fawe.org\/en\/","logo":{"@type":"ImageObject","inLanguage":"fr-FR","@id":"http:\/\/fawe.org\/en\/#\/schema\/logo\/image\/","url":"https:\/\/fawe.org\/wp-content\/uploads\/2025\/02\/FAWE-FINAL-PRIMARY-LOGO-1-Photoroom.png","contentUrl":"https:\/\/fawe.org\/wp-content\/uploads\/2025\/02\/FAWE-FINAL-PRIMARY-LOGO-1-Photoroom.png","width":1280,"height":510,"caption":"FORUM FOR AFRICAN WOMEN EDUCATIONALISTS (FAWE)"},"image":{"@id":"http:\/\/fawe.org\/en\/#\/schema\/logo\/image\/"},"sameAs":["https:\/\/www.facebook.com\/Forum.for.African.Women.Educationalists","https:\/\/x.com\/FAWEAfrica","https:\/\/www.instagram.com\/fawe_africa\/","https:\/\/www.linkedin.com\/company\/fawe-africa\/","https:\/\/www.youtube.com\/@FAWEAfrica"]}]}},"_links":{"self":[{"href":"https:\/\/fawe.org\/fr\/wp-json\/wp\/v2\/pages\/72913","targetHints":{"allow":["GET"]}}],"collection":[{"href":"https:\/\/fawe.org\/fr\/wp-json\/wp\/v2\/pages"}],"about":[{"href":"https:\/\/fawe.org\/fr\/wp-json\/wp\/v2\/types\/page"}],"author":[{"embeddable":true,"href":"https:\/\/fawe.org\/fr\/wp-json\/wp\/v2\/users\/1"}],"replies":[{"embeddable":true,"href":"https:\/\/fawe.org\/fr\/wp-json\/wp\/v2\/comments?post=72913"}],"version-history":[{"count":7,"href":"https:\/\/fawe.org\/fr\/wp-json\/wp\/v2\/pages\/72913\/revisions"}],"predecessor-version":[{"id":72955,"href":"https:\/\/fawe.org\/fr\/wp-json\/wp\/v2\/pages\/72913\/revisions\/72955"}],"wp:attachment":[{"href":"https:\/\/fawe.org\/fr\/wp-json\/wp\/v2\/media?parent=72913"}],"curies":[{"name":"wp","href":"https:\/\/api.w.org\/{rel}","templated":true}]}}