{"id":72911,"date":"2026-04-20T13:52:18","date_gmt":"2026-04-20T10:52:18","guid":{"rendered":"https:\/\/fawe.org\/?page_id=72911"},"modified":"2026-04-21T16:26:17","modified_gmt":"2026-04-21T13:26:17","slug":"accelerator-for-shifting-gender-norms","status":"publish","type":"page","link":"https:\/\/fawe.org\/fr\/accelerator-for-shifting-gender-norms\/","title":{"rendered":"Acc\u00e9l\u00e9rateur de changement des normes de genre"},"content":{"rendered":"<div data-elementor-type=\"wp-page\" data-elementor-id=\"72911\" class=\"elementor elementor-72911\" data-elementor-post-type=\"page\">\n\t\t\t\t<div class=\"elementor-element elementor-element-c31a07c e-flex e-con-boxed e-con e-parent\" data-id=\"c31a07c\" data-element_type=\"container\" data-e-type=\"container\">\n\t\t\t\t\t<div class=\"e-con-inner\">\n\t\t\t\t\t<\/div>\n\t\t\t\t<\/div>\n\t\t<div class=\"elementor-element elementor-element-2ef5cda8 e-flex e-con-boxed e-con e-parent\" data-id=\"2ef5cda8\" data-element_type=\"container\" data-e-type=\"container\" data-settings=\"{&quot;background_background&quot;:&quot;classic&quot;}\">\n\t\t\t\t\t<div class=\"e-con-inner\">\n\t\t<div class=\"elementor-element elementor-element-5516d363 e-con-full e-flex e-con e-child\" data-id=\"5516d363\" data-element_type=\"container\" data-e-type=\"container\">\n\t\t\t\t<div class=\"elementor-element elementor-element-1532fbe elementor-align-left animated-slow elementor-invisible elementor-widget elementor-widget-elementskit-button\" data-id=\"1532fbe\" data-element_type=\"widget\" data-e-type=\"widget\" data-settings=\"{&quot;_animation&quot;:&quot;fadeInUp&quot;}\" data-widget_type=\"elementskit-button.default\">\n\t\t\t\t<div class=\"elementor-widget-container\">\n\t\t\t\t\t<div class=\"ekit-wid-con\" >\t\t<div class=\"ekit-btn-wraper\">\n\t\t\t\t\t\t\t<a href=\"#\" class=\"elementskit-btn  whitespace--normal\" id=\"\">\n\t\t\t\t\t\u00c0 propos de nous\t\t\t\t<\/a>\n\t\t\t\t\t<\/div>\n        <\/div>\t\t\t\t<\/div>\n\t\t\t\t<\/div>\n\t\t\t\t<div class=\"elementor-element elementor-element-549ef60a elementor-widget__width-initial animated-slow elementor-invisible elementor-widget elementor-widget-heading\" data-id=\"549ef60a\" data-element_type=\"widget\" data-e-type=\"widget\" data-settings=\"{&quot;_animation&quot;:&quot;fadeInUp&quot;}\" data-widget_type=\"heading.default\">\n\t\t\t\t<div class=\"elementor-widget-container\">\n\t\t\t\t\t<h2 class=\"elementor-heading-title elementor-size-default\">Ensemble pour un avenir meilleur<\/h2>\t\t\t\t<\/div>\n\t\t\t\t<\/div>\n\t\t\t\t<\/div>\n\t\t<div class=\"elementor-element elementor-element-1eb7d2e6 e-con-full e-flex e-con e-child\" data-id=\"1eb7d2e6\" data-element_type=\"container\" data-e-type=\"container\">\n\t\t\t\t<div class=\"elementor-element elementor-element-145dd481 elementor-widget__width-initial animated-slow elementor-invisible elementor-widget elementor-widget-text-editor\" data-id=\"145dd481\" data-element_type=\"widget\" data-e-type=\"widget\" data-settings=\"{&quot;_animation&quot;:&quot;fadeInUp&quot;,&quot;_animation_delay&quot;:100}\" data-widget_type=\"text-editor.default\">\n\t\t\t\t<div class=\"elementor-widget-container\">\n\t\t\t\t\t\t\t\t\t<p>Nous sommes une organisation \u00e0 but non lucratif qui se consacre \u00e0 la promotion d'initiatives efficaces, \u00e0 l'am\u00e9lioration des conditions de vie et \u00e0 la construction d'un avenir meilleur pour les communaut\u00e9s du monde entier.<\/p>\t\t\t\t\t\t\t\t<\/div>\n\t\t\t\t<\/div>\n\t\t\t\t<\/div>\n\t\t\t\t\t<\/div>\n\t\t\t\t<\/div>\n\t\t<div class=\"elementor-element elementor-element-5c7f277f e-flex e-con-boxed e-con e-parent\" data-id=\"5c7f277f\" data-element_type=\"container\" data-e-type=\"container\" data-settings=\"{&quot;background_background&quot;:&quot;classic&quot;}\">\n\t\t\t\t\t<div class=\"e-con-inner\">\n\t\t<div class=\"elementor-element elementor-element-23349b93 e-con-full animated-slow e-flex elementor-invisible e-con e-child\" data-id=\"23349b93\" data-element_type=\"container\" data-e-type=\"container\" data-settings=\"{&quot;animation&quot;:&quot;fadeIn&quot;,&quot;animation_delay&quot;:100}\">\n\t\t\t\t<\/div>\n\t\t<div class=\"elementor-element elementor-element-31a5d1c3 e-con-full e-flex e-con e-child\" data-id=\"31a5d1c3\" data-element_type=\"container\" data-e-type=\"container\">\n\t\t\t\t<div class=\"elementor-element elementor-element-6bc24c15 elementor-widget__width-initial animated-slow elementor-invisible elementor-widget elementor-widget-heading\" data-id=\"6bc24c15\" data-element_type=\"widget\" data-e-type=\"widget\" data-settings=\"{&quot;_animation&quot;:&quot;fadeInUp&quot;}\" data-widget_type=\"heading.default\">\n\t\t\t\t<div class=\"elementor-widget-container\">\n\t\t\t\t\t<h2 class=\"elementor-heading-title elementor-size-default\">Acc\u00e9l\u00e9rateur de changement des normes de genre<\/h2>\t\t\t\t<\/div>\n\t\t\t\t<\/div>\n\t\t\t\t<div class=\"elementor-element elementor-element-7da30da0 elementor-widget-divider--view-line elementor-widget elementor-widget-divider\" data-id=\"7da30da0\" data-element_type=\"widget\" data-e-type=\"widget\" data-widget_type=\"divider.default\">\n\t\t\t\t<div class=\"elementor-widget-container\">\n\t\t\t\t\t\t\t<div class=\"elementor-divider\">\n\t\t\t<span class=\"elementor-divider-separator\">\n\t\t\t\t\t\t<\/span>\n\t\t<\/div>\n\t\t\t\t\t\t<\/div>\n\t\t\t\t<\/div>\n\t\t\t\t<div class=\"elementor-element elementor-element-96e4cab elementor-widget elementor-widget-text-editor\" data-id=\"96e4cab\" data-element_type=\"widget\" data-e-type=\"widget\" data-widget_type=\"text-editor.default\">\n\t\t\t\t<div class=\"elementor-widget-container\">\n\t\t\t\t\t\t\t\t\t<p>Le <strong>Acc\u00e9l\u00e9rateur de changement des normes de genre<\/strong> par l'\u00e9ducation est une initiative de collaboration visant \u00e0 renforcer et \u00e0 \u00e9tendre les approches fond\u00e9es sur des donn\u00e9es probantes qui transforment les normes sexosp\u00e9cifiques pr\u00e9judiciables pendant l'adolescence par le biais des syst\u00e8mes \u00e9ducatifs.<\/p><p>Le Forum des \u00e9ducatrices africaines (FAWE) fait partie de cette collaboration mondiale, apportant sa vaste exp\u00e9rience en mati\u00e8re de promotion de l'\u00e9ducation des filles et de l'\u00e9galit\u00e9 des sexes en Afrique.<\/p><p>L'Acc\u00e9l\u00e9rateur rassemble des organisations qui ont fait leurs preuves dans la conception et la mise en \u0153uvre de programmes ayant un impact sur les st\u00e9r\u00e9otypes, les attitudes et les normes sociales sexistes n\u00e9fastes qui affectent les apprenants, en particulier les filles, dans les environnements scolaires.<\/p><p>Gr\u00e2ce \u00e0 cette collaboration, les partenaires travaillent collectivement pour :<\/p><p><strong>Cr\u00e9er un centre d'apprentissage par la pratique<\/strong><br \/>Cr\u00e9er une plateforme qui rassemble des organisations de mise en \u0153uvre s\u00e9lectionn\u00e9es travaillant dans les syst\u00e8mes scolaires publics afin de tester, d'affiner et d'\u00e9tendre les interventions qui modifient les normes sexosp\u00e9cifiques n\u00e9fastes.<\/p><p><strong>Approfondir la programmation et g\u00e9n\u00e9rer des biens publics<\/strong><\/p><p>Renforcer la conception et la mise en \u0153uvre des programmes gr\u00e2ce \u00e0 l'apprentissage partag\u00e9 et \u00e0 la collaboration. L'Acc\u00e9l\u00e9rateur d\u00e9veloppe et diffuse \u00e9galement des biens publics, notamment des programmes d'\u00e9tudes, des contenus d'apprentissage, du mat\u00e9riel de formation des enseignants et des documents de sensibilisation, afin d'influencer les politiques et les pratiques visant \u00e0 faire progresser l'\u00e9galit\u00e9 entre les sexes dans l'\u00e9ducation.<\/p><p><strong>Concevoir et tester les cadres de mesure<\/strong><\/p><p>\u00c9laborer et piloter des mesures et des outils d'\u00e9valuation communs pour mesurer l'\u00e9volution des normes en mati\u00e8re d'\u00e9galit\u00e9 entre les hommes et les femmes, afin de contribuer \u00e0 la production de preuves plus solides et \u00e0 l'am\u00e9lioration de la responsabilisation dans l'ensemble du secteur.<\/p><p><strong>Cr\u00e9er un mouvement pour la transformation des normes en mati\u00e8re de genre<\/strong><br \/>Positionner l'acc\u00e9l\u00e9rateur comme une ressource de premier plan et une communaut\u00e9 de pratique pour les gouvernements, les bailleurs de fonds et les organisations de la soci\u00e9t\u00e9 civile qui s'engagent \u00e0 faire progresser l'\u00e9ducation des adolescents qui transforme le genre.<\/p>\t\t\t\t\t\t\t\t<\/div>\n\t\t\t\t<\/div>\n\t\t\t\t<\/div>\n\t\t\t\t\t<\/div>\n\t\t\t\t<\/div>\n\t\t\t\t<\/div>","protected":false},"excerpt":{"rendered":"<p>About Us Together for a Better Tomorrow We are a nonprofit organization dedicated to fostering impactful initiatives, uplifting lives, and building a brighter future for communities worldwide. Accelerator for Shifting Gender Norms The Accelerator for Shifting Gender Norms through Education is a collaborative initiative aimed at strengthening and scaling evidence-based approaches that transform harmful gender [&hellip;]<\/p>\n","protected":false},"author":1,"featured_media":0,"parent":0,"menu_order":0,"comment_status":"closed","ping_status":"closed","template":"","meta":{"footnotes":""},"class_list":["post-72911","page","type-page","status-publish","hentry"],"yoast_head":"<!-- This site is optimized with the Yoast SEO plugin v27.1.1 - https:\/\/yoast.com\/product\/yoast-seo-wordpress\/ -->\n<title>Accelerator for Shifting Gender Norms - FORUM FOR AFRICAN WOMEN EDUCATIONALISTS (FAWE)<\/title>\n<meta name=\"robots\" content=\"index, follow, max-snippet:-1, max-image-preview:large, max-video-preview:-1\" \/>\n<link rel=\"canonical\" href=\"https:\/\/fawe.org\/fr\/accelerator-for-shifting-gender-norms\/\" \/>\n<meta property=\"og:locale\" content=\"fr_FR\" \/>\n<meta property=\"og:type\" content=\"article\" \/>\n<meta property=\"og:title\" content=\"Accelerator for Shifting Gender Norms - FORUM FOR AFRICAN WOMEN EDUCATIONALISTS (FAWE)\" \/>\n<meta property=\"og:description\" content=\"About Us Together for a Better Tomorrow We are a nonprofit organization dedicated to fostering impactful initiatives, uplifting lives, and building a brighter future for communities worldwide. Accelerator for Shifting Gender Norms The Accelerator for Shifting Gender Norms through Education is a collaborative initiative aimed at strengthening and scaling evidence-based approaches that transform harmful gender [&hellip;]\" \/>\n<meta property=\"og:url\" content=\"https:\/\/fawe.org\/fr\/accelerator-for-shifting-gender-norms\/\" \/>\n<meta property=\"og:site_name\" content=\"FORUM FOR AFRICAN WOMEN EDUCATIONALISTS (FAWE)\" \/>\n<meta property=\"article:publisher\" content=\"https:\/\/www.facebook.com\/Forum.for.African.Women.Educationalists\" \/>\n<meta property=\"article:modified_time\" content=\"2026-04-21T13:26:17+00:00\" \/>\n<meta property=\"og:image\" content=\"https:\/\/fawe.org\/wp-content\/uploads\/2025\/07\/511197692_1117918787032068_1548540696703686237_n.jpg\" \/>\n\t<meta property=\"og:image:width\" content=\"1600\" \/>\n\t<meta property=\"og:image:height\" content=\"1066\" \/>\n\t<meta property=\"og:image:type\" content=\"image\/jpeg\" \/>\n<meta name=\"twitter:card\" content=\"summary_large_image\" \/>\n<meta name=\"twitter:site\" content=\"@FAWEAfrica\" \/>\n<meta name=\"twitter:label1\" content=\"Dur\u00e9e de lecture estim\u00e9e\" \/>\n\t<meta name=\"twitter:data1\" content=\"2 minutes\" \/>\n<script type=\"application\/ld+json\" class=\"yoast-schema-graph\">{\"@context\":\"https:\/\/schema.org\",\"@graph\":[{\"@type\":\"WebPage\",\"@id\":\"https:\/\/fawe.org\/accelerator-for-shifting-gender-norms\/\",\"url\":\"https:\/\/fawe.org\/accelerator-for-shifting-gender-norms\/\",\"name\":\"Accelerator for Shifting Gender Norms - FORUM FOR AFRICAN WOMEN EDUCATIONALISTS (FAWE)\",\"isPartOf\":{\"@id\":\"http:\/\/fawe.org\/en\/#website\"},\"datePublished\":\"2026-04-20T10:52:18+00:00\",\"dateModified\":\"2026-04-21T13:26:17+00:00\",\"breadcrumb\":{\"@id\":\"https:\/\/fawe.org\/accelerator-for-shifting-gender-norms\/#breadcrumb\"},\"inLanguage\":\"fr-FR\",\"potentialAction\":[{\"@type\":\"ReadAction\",\"target\":[\"https:\/\/fawe.org\/accelerator-for-shifting-gender-norms\/\"]}]},{\"@type\":\"BreadcrumbList\",\"@id\":\"https:\/\/fawe.org\/accelerator-for-shifting-gender-norms\/#breadcrumb\",\"itemListElement\":[{\"@type\":\"ListItem\",\"position\":1,\"name\":\"Home\",\"item\":\"http:\/\/fawe.org\/en\/\"},{\"@type\":\"ListItem\",\"position\":2,\"name\":\"Accelerator for Shifting Gender Norms\"}]},{\"@type\":\"WebSite\",\"@id\":\"http:\/\/fawe.org\/en\/#website\",\"url\":\"http:\/\/fawe.org\/en\/\",\"name\":\"FORUM FOR AFRICAN WOMEN EDUCATIONALISTS (FAWE)\",\"description\":\"Education for Change\",\"publisher\":{\"@id\":\"http:\/\/fawe.org\/en\/#organization\"},\"alternateName\":\"FAWE RS\",\"potentialAction\":[{\"@type\":\"SearchAction\",\"target\":{\"@type\":\"EntryPoint\",\"urlTemplate\":\"http:\/\/fawe.org\/en\/?s={search_term_string}\"},\"query-input\":{\"@type\":\"PropertyValueSpecification\",\"valueRequired\":true,\"valueName\":\"search_term_string\"}}],\"inLanguage\":\"fr-FR\"},{\"@type\":\"Organization\",\"@id\":\"http:\/\/fawe.org\/en\/#organization\",\"name\":\"FORUM FOR AFRICAN WOMEN EDUCATIONALISTS (FAWE)\",\"url\":\"http:\/\/fawe.org\/en\/\",\"logo\":{\"@type\":\"ImageObject\",\"inLanguage\":\"fr-FR\",\"@id\":\"http:\/\/fawe.org\/en\/#\/schema\/logo\/image\/\",\"url\":\"https:\/\/fawe.org\/wp-content\/uploads\/2025\/02\/FAWE-FINAL-PRIMARY-LOGO-1-Photoroom.png\",\"contentUrl\":\"https:\/\/fawe.org\/wp-content\/uploads\/2025\/02\/FAWE-FINAL-PRIMARY-LOGO-1-Photoroom.png\",\"width\":1280,\"height\":510,\"caption\":\"FORUM FOR AFRICAN WOMEN EDUCATIONALISTS (FAWE)\"},\"image\":{\"@id\":\"http:\/\/fawe.org\/en\/#\/schema\/logo\/image\/\"},\"sameAs\":[\"https:\/\/www.facebook.com\/Forum.for.African.Women.Educationalists\",\"https:\/\/x.com\/FAWEAfrica\",\"https:\/\/www.instagram.com\/fawe_africa\/\",\"https:\/\/www.linkedin.com\/company\/fawe-africa\/\",\"https:\/\/www.youtube.com\/@FAWEAfrica\"]}]}<\/script>\n<!-- \/ Yoast SEO plugin. -->","yoast_head_json":{"title":"Accelerator for Shifting Gender Norms - FORUM FOR AFRICAN WOMEN EDUCATIONALISTS (FAWE)","robots":{"index":"index","follow":"follow","max-snippet":"max-snippet:-1","max-image-preview":"max-image-preview:large","max-video-preview":"max-video-preview:-1"},"canonical":"https:\/\/fawe.org\/fr\/accelerator-for-shifting-gender-norms\/","og_locale":"fr_FR","og_type":"article","og_title":"Accelerator for Shifting Gender Norms - FORUM FOR AFRICAN WOMEN EDUCATIONALISTS (FAWE)","og_description":"About Us Together for a Better Tomorrow We are a nonprofit organization dedicated to fostering impactful initiatives, uplifting lives, and building a brighter future for communities worldwide. Accelerator for Shifting Gender Norms The Accelerator for Shifting Gender Norms through Education is a collaborative initiative aimed at strengthening and scaling evidence-based approaches that transform harmful gender [&hellip;]","og_url":"https:\/\/fawe.org\/fr\/accelerator-for-shifting-gender-norms\/","og_site_name":"FORUM FOR AFRICAN WOMEN EDUCATIONALISTS (FAWE)","article_publisher":"https:\/\/www.facebook.com\/Forum.for.African.Women.Educationalists","article_modified_time":"2026-04-21T13:26:17+00:00","og_image":[{"width":1600,"height":1066,"url":"https:\/\/fawe.org\/wp-content\/uploads\/2025\/07\/511197692_1117918787032068_1548540696703686237_n.jpg","type":"image\/jpeg"}],"twitter_card":"summary_large_image","twitter_site":"@FAWEAfrica","twitter_misc":{"Dur\u00e9e de lecture estim\u00e9e":"2 minutes"},"schema":{"@context":"https:\/\/schema.org","@graph":[{"@type":"WebPage","@id":"https:\/\/fawe.org\/accelerator-for-shifting-gender-norms\/","url":"https:\/\/fawe.org\/accelerator-for-shifting-gender-norms\/","name":"Accelerator for Shifting Gender Norms - FORUM FOR AFRICAN WOMEN EDUCATIONALISTS (FAWE)","isPartOf":{"@id":"http:\/\/fawe.org\/en\/#website"},"datePublished":"2026-04-20T10:52:18+00:00","dateModified":"2026-04-21T13:26:17+00:00","breadcrumb":{"@id":"https:\/\/fawe.org\/accelerator-for-shifting-gender-norms\/#breadcrumb"},"inLanguage":"fr-FR","potentialAction":[{"@type":"ReadAction","target":["https:\/\/fawe.org\/accelerator-for-shifting-gender-norms\/"]}]},{"@type":"BreadcrumbList","@id":"https:\/\/fawe.org\/accelerator-for-shifting-gender-norms\/#breadcrumb","itemListElement":[{"@type":"ListItem","position":1,"name":"Home","item":"http:\/\/fawe.org\/en\/"},{"@type":"ListItem","position":2,"name":"Accelerator for Shifting Gender Norms"}]},{"@type":"WebSite","@id":"http:\/\/fawe.org\/en\/#website","url":"http:\/\/fawe.org\/en\/","name":"FORUM DES \u00c9DUCATRICES AFRICAINES (FAWE)","description":"L'\u00e9ducation au changement","publisher":{"@id":"http:\/\/fawe.org\/en\/#organization"},"alternateName":"FAWE RS","potentialAction":[{"@type":"SearchAction","target":{"@type":"EntryPoint","urlTemplate":"http:\/\/fawe.org\/en\/?s={search_term_string}"},"query-input":{"@type":"PropertyValueSpecification","valueRequired":true,"valueName":"search_term_string"}}],"inLanguage":"fr-FR"},{"@type":"Organization","@id":"http:\/\/fawe.org\/en\/#organization","name":"FORUM DES \u00c9DUCATRICES AFRICAINES (FAWE)","url":"http:\/\/fawe.org\/en\/","logo":{"@type":"ImageObject","inLanguage":"fr-FR","@id":"http:\/\/fawe.org\/en\/#\/schema\/logo\/image\/","url":"https:\/\/fawe.org\/wp-content\/uploads\/2025\/02\/FAWE-FINAL-PRIMARY-LOGO-1-Photoroom.png","contentUrl":"https:\/\/fawe.org\/wp-content\/uploads\/2025\/02\/FAWE-FINAL-PRIMARY-LOGO-1-Photoroom.png","width":1280,"height":510,"caption":"FORUM FOR AFRICAN WOMEN EDUCATIONALISTS (FAWE)"},"image":{"@id":"http:\/\/fawe.org\/en\/#\/schema\/logo\/image\/"},"sameAs":["https:\/\/www.facebook.com\/Forum.for.African.Women.Educationalists","https:\/\/x.com\/FAWEAfrica","https:\/\/www.instagram.com\/fawe_africa\/","https:\/\/www.linkedin.com\/company\/fawe-africa\/","https:\/\/www.youtube.com\/@FAWEAfrica"]}]}},"_links":{"self":[{"href":"https:\/\/fawe.org\/fr\/wp-json\/wp\/v2\/pages\/72911","targetHints":{"allow":["GET"]}}],"collection":[{"href":"https:\/\/fawe.org\/fr\/wp-json\/wp\/v2\/pages"}],"about":[{"href":"https:\/\/fawe.org\/fr\/wp-json\/wp\/v2\/types\/page"}],"author":[{"embeddable":true,"href":"https:\/\/fawe.org\/fr\/wp-json\/wp\/v2\/users\/1"}],"replies":[{"embeddable":true,"href":"https:\/\/fawe.org\/fr\/wp-json\/wp\/v2\/comments?post=72911"}],"version-history":[{"count":10,"href":"https:\/\/fawe.org\/fr\/wp-json\/wp\/v2\/pages\/72911\/revisions"}],"predecessor-version":[{"id":72970,"href":"https:\/\/fawe.org\/fr\/wp-json\/wp\/v2\/pages\/72911\/revisions\/72970"}],"wp:attachment":[{"href":"https:\/\/fawe.org\/fr\/wp-json\/wp\/v2\/media?parent=72911"}],"curies":[{"name":"wp","href":"https:\/\/api.w.org\/{rel}","templated":true}]}}