{"id":61546,"date":"2025-07-16T10:05:42","date_gmt":"2025-07-16T10:05:42","guid":{"rendered":"https:\/\/fawe.robilworld.co.ke\/document-library\/"},"modified":"2026-03-11T17:14:12","modified_gmt":"2026-03-11T14:14:12","slug":"document-library","status":"publish","type":"page","link":"https:\/\/fawe.org\/fr\/document-library\/","title":{"rendered":"Biblioth\u00e8que de documents"},"content":{"rendered":"<div id=\"dlp_grid_d2b879b6153ce9e1_1\" class=\"dlp-grid-container\"><header class=\"dlp-grid-header dlp-grid-above dlp-grid-controls\"><div class=\"dlp-grid-search\"><label>Rechercher :<input type=\"search\" value=\"\"><\/label><\/div><\/header><div class=\"dlp-grid-documents grid-autosize\"><div class=\"dlp-grid-card dlp-document-gci_annual_report_2025_fr\"><div class=\"dlp-grid-card-inner\">\n<div class=\"dlp-grid-card-featured-img\">\n\n\t<a href=\"https:\/\/fawe.org\/fr\/document\/gci_annual_report_2025_fr\/\"><img fetchpriority=\"high\" decoding=\"async\" width=\"724\" height=\"1024\" src=\"https:\/\/fawe.org\/wp-content\/uploads\/2026\/04\/GCI_Annual_Report_2025_FR-pdf-724x1024.jpg\" class=\"\" alt=\"GCI_Annual_Report_2025_FR\" title=\"GCI_Annual_Report_2025_FR\" sizes=\"(max-width: 530px) 724px, 212px\" srcset=\"https:\/\/fawe.org\/wp-content\/uploads\/2026\/04\/GCI_Annual_Report_2025_FR-pdf-724x1024.jpg 724w, https:\/\/fawe.org\/wp-content\/uploads\/2026\/04\/GCI_Annual_Report_2025_FR-pdf-212x300.jpg 212w\" data-caption=\"GCI_Annual_Report_2025_FR\" data-src=\"https:\/\/fawe.org\/wp-content\/uploads\/2026\/04\/GCI_Annual_Report_2025_FR-pdf.jpg\" data-large_image=\"https:\/\/fawe.org\/wp-content\/uploads\/2026\/04\/GCI_Annual_Report_2025_FR-pdf.jpg\" data-large_image_width=\"1058\" data-large_image_height=\"1497\" \/><\/a>\n<\/div>\n<div class=\"dlp-grid-card-content\">\n<div class=\"dlp-grid-card-title\">\n\n\t<a href=\"https:\/\/fawe.org\/fr\/document\/gci_annual_report_2025_fr\/\" >GCI_Annual_Report_2025_FR<\/a>\n<\/div>\n\n<div class=\"dlp-grid-card-excerpt\">\n\t<\/div>\n\n<div class=\"dlp-grid-card-document-link-wrap\">\n\n\t<a href=\"https:\/\/fawe.org\/wp-content\/uploads\/2026\/04\/GCI_Annual_Report_2025_FR.pdf\" class=\"dlp-download-link dlp-download-button document-library-pro-button button btn\" data-download-id=\"72555\"  download=\"GCI_Annual_Report_2025_FR.pdf\" type=\"application\/pdf\">T\u00e9l\u00e9charger<\/a>\n<\/div>\n<\/div><\/div><\/div><div class=\"dlp-grid-card dlp-document-gci_annual_report_2025_en\"><div class=\"dlp-grid-card-inner\">\n<div class=\"dlp-grid-card-featured-img\">\n\n\t<a href=\"https:\/\/fawe.org\/fr\/document\/gci_annual_report_2025_en\/\"><img decoding=\"async\" width=\"724\" height=\"1024\" src=\"https:\/\/fawe.org\/wp-content\/uploads\/2026\/04\/GCI_Annual_Report_2025_EN-pdf-724x1024.jpg\" class=\"\" alt=\"GCI_Annual_Report_2025_EN\" title=\"GCI_Annual_Report_2025_EN\" sizes=\"(max-width: 530px) 724px, 212px\" srcset=\"https:\/\/fawe.org\/wp-content\/uploads\/2026\/04\/GCI_Annual_Report_2025_EN-pdf-724x1024.jpg 724w, https:\/\/fawe.org\/wp-content\/uploads\/2026\/04\/GCI_Annual_Report_2025_EN-pdf-212x300.jpg 212w\" data-caption=\"GCI_Annual_Report_2025_EN\" data-src=\"https:\/\/fawe.org\/wp-content\/uploads\/2026\/04\/GCI_Annual_Report_2025_EN-pdf.jpg\" data-large_image=\"https:\/\/fawe.org\/wp-content\/uploads\/2026\/04\/GCI_Annual_Report_2025_EN-pdf.jpg\" data-large_image_width=\"1058\" data-large_image_height=\"1497\" \/><\/a>\n<\/div>\n<div class=\"dlp-grid-card-content\">\n<div class=\"dlp-grid-card-title\">\n\n\t<a href=\"https:\/\/fawe.org\/fr\/document\/gci_annual_report_2025_en\/\" >GCI_Annual_Report_2025_EN<\/a>\n<\/div>\n\n<div class=\"dlp-grid-card-excerpt\">\n\t<\/div>\n\n<div class=\"dlp-grid-card-document-link-wrap\">\n\n\t<a href=\"https:\/\/fawe.org\/wp-content\/uploads\/2026\/04\/GCI_Annual_Report_2025_EN.pdf\" class=\"dlp-download-link dlp-download-button document-library-pro-button button btn\" data-download-id=\"72552\"  download=\"GCI_Annual_Report_2025_EN.pdf\" type=\"application\/pdf\">T\u00e9l\u00e9charger<\/a>\n<\/div>\n<\/div><\/div><\/div><div class=\"dlp-grid-card dlp-document-strategic-plan-french\"><div class=\"dlp-grid-card-inner\">\n<div class=\"dlp-grid-card-featured-img\">\n\n\t<a href=\"https:\/\/fawe.org\/fr\/document\/strategic-plan-french\/\"><img decoding=\"async\" width=\"800\" height=\"797\" src=\"https:\/\/fawe.org\/wp-content\/uploads\/2025\/07\/SP-FAWE.png\" class=\"\" alt=\"Strategic Plan French\" title=\"SP FAWE\" sizes=\"(max-width: 530px) 800px, 300px\" srcset=\"https:\/\/fawe.org\/wp-content\/uploads\/2025\/07\/SP-FAWE.png 800w, https:\/\/fawe.org\/wp-content\/uploads\/2025\/07\/SP-FAWE-300x300.png 300w\" data-caption=\"Strategic Plan French\" data-src=\"https:\/\/fawe.org\/wp-content\/uploads\/2025\/07\/SP-FAWE.png\" data-large_image=\"https:\/\/fawe.org\/wp-content\/uploads\/2025\/07\/SP-FAWE.png\" data-large_image_width=\"812\" data-large_image_height=\"809\" \/><\/a>\n<\/div>\n<div class=\"dlp-grid-card-content\">\n<div class=\"dlp-grid-card-title\">\n\n\t<a href=\"https:\/\/fawe.org\/fr\/document\/strategic-plan-french\/\" >Plan strat\u00e9gique Fran\u00e7ais<\/a>\n<\/div>\n\n<div class=\"dlp-grid-card-excerpt\">\n\t<\/div>\n\n<div class=\"dlp-grid-card-document-link-wrap\">\n\n\t<a href=\"https:\/\/fawe.org\/wp-content\/uploads\/2025\/07\/FAWE-Africa-Strategic-Plan-FR.pdf\" class=\"dlp-download-link dlp-download-button document-library-pro-button button btn\" data-download-id=\"61558\"  download=\"FAWE-Africa-Strategic-Plan-FR.pdf\" type=\"application\/pdf\">T\u00e9l\u00e9charger<\/a>\n<\/div>\n<\/div><\/div><\/div><div class=\"dlp-grid-card dlp-document-strategic-plan-english\"><div class=\"dlp-grid-card-inner\">\n<div class=\"dlp-grid-card-featured-img\">\n\n\t<a href=\"https:\/\/fawe.org\/fr\/document\/strategic-plan-english\/\"><img loading=\"lazy\" decoding=\"async\" width=\"800\" height=\"797\" src=\"https:\/\/fawe.org\/wp-content\/uploads\/2025\/07\/SP-FAWE.png\" class=\"\" alt=\"Strategic Plan English\" title=\"SP FAWE\" sizes=\"(max-width: 530px) 800px, 300px\" srcset=\"https:\/\/fawe.org\/wp-content\/uploads\/2025\/07\/SP-FAWE.png 800w, https:\/\/fawe.org\/wp-content\/uploads\/2025\/07\/SP-FAWE-300x300.png 300w\" data-caption=\"Strategic Plan English\" data-src=\"https:\/\/fawe.org\/wp-content\/uploads\/2025\/07\/SP-FAWE.png\" data-large_image=\"https:\/\/fawe.org\/wp-content\/uploads\/2025\/07\/SP-FAWE.png\" data-large_image_width=\"812\" data-large_image_height=\"809\" \/><\/a>\n<\/div>\n<div class=\"dlp-grid-card-content\">\n<div class=\"dlp-grid-card-title\">\n\n\t<a href=\"https:\/\/fawe.org\/fr\/document\/strategic-plan-english\/\" >Plan strat\u00e9gique Anglais<\/a>\n<\/div>\n\n<div class=\"dlp-grid-card-excerpt\">\n\t<\/div>\n\n<div class=\"dlp-grid-card-document-link-wrap\">\n\n\t<a href=\"https:\/\/fawe.org\/wp-content\/uploads\/2025\/07\/FAWE-Africa-Strategic-Plan-EN.pdf\" class=\"dlp-download-link dlp-download-button document-library-pro-button button btn\" data-download-id=\"61556\"  download=\"FAWE-Africa-Strategic-Plan-EN.pdf\" type=\"application\/pdf\">T\u00e9l\u00e9charger<\/a>\n<\/div>\n<\/div><\/div><\/div><div class=\"dlp-grid-card dlp-document-fawe-model-school-module-english\"><div class=\"dlp-grid-card-inner\">\n<div class=\"dlp-grid-card-featured-img\">\n\n\t<a href=\"https:\/\/fawe.org\/fr\/document\/fawe-model-school-module-english\/\"><img loading=\"lazy\" decoding=\"async\" width=\"740\" height=\"600\" src=\"https:\/\/fawe.org\/wp-content\/uploads\/2025\/07\/FAWE-Model-School-Module-English-Final.jpg\" class=\"\" alt=\"FAWE-Model-School-Module English\" title=\"Module de l&#039;\u00e9cole mod\u00e8le du FAWE - Anglais final\" sizes=\"(max-width: 530px) 740px, 300px\" srcset=\"https:\/\/fawe.org\/wp-content\/uploads\/2025\/07\/FAWE-Model-School-Module-English-Final.jpg 740w, https:\/\/fawe.org\/wp-content\/uploads\/2025\/07\/FAWE-Model-School-Module-English-Final-300x243.jpg 300w\" data-caption=\"FAWE-Model-School-Module English\" data-src=\"https:\/\/fawe.org\/wp-content\/uploads\/2025\/07\/FAWE-Model-School-Module-English-Final.jpg\" data-large_image=\"https:\/\/fawe.org\/wp-content\/uploads\/2025\/07\/FAWE-Model-School-Module-English-Final.jpg\" data-large_image_width=\"740\" data-large_image_height=\"600\" \/><\/a>\n<\/div>\n<div class=\"dlp-grid-card-content\">\n<div class=\"dlp-grid-card-title\">\n\n\t<a href=\"https:\/\/fawe.org\/fr\/document\/fawe-model-school-module-english\/\" >FAWE-Mod\u00e8le d'\u00e9cole-Module Anglais<\/a>\n<\/div>\n\n<div class=\"dlp-grid-card-excerpt\">\n\t<\/div>\n\n<div class=\"dlp-grid-card-document-link-wrap\">\n\n\t<a href=\"https:\/\/fawe.org\/wp-content\/uploads\/2025\/07\/FAWE-Model-School-Module-English-Final.pdf\" class=\"dlp-download-link dlp-download-button document-library-pro-button button btn\" data-download-id=\"61553\"  download=\"FAWE-Model-School-Module-English-Final.pdf\" type=\"application\/pdf\">T\u00e9l\u00e9charger<\/a>\n<\/div>\n<\/div><\/div><\/div><div class=\"dlp-grid-card dlp-document-fawe-model-school-module-french\"><div class=\"dlp-grid-card-inner\">\n<div class=\"dlp-grid-card-featured-img\">\n\n\t<a href=\"https:\/\/fawe.org\/fr\/document\/fawe-model-school-module-french\/\"><img loading=\"lazy\" decoding=\"async\" width=\"740\" height=\"600\" src=\"https:\/\/fawe.org\/wp-content\/uploads\/2025\/07\/FAWE-Model-School-Module-French-Final.jpg\" class=\"\" alt=\"FAWE-Model-School-Module-French\" title=\"Module de l&#039;\u00e9cole mod\u00e8le du FAWE - Finale fran\u00e7aise\" sizes=\"(max-width: 530px) 740px, 300px\" srcset=\"https:\/\/fawe.org\/wp-content\/uploads\/2025\/07\/FAWE-Model-School-Module-French-Final.jpg 740w, https:\/\/fawe.org\/wp-content\/uploads\/2025\/07\/FAWE-Model-School-Module-French-Final-300x243.jpg 300w\" data-caption=\"FAWE-Model-School-Module-French\" data-src=\"https:\/\/fawe.org\/wp-content\/uploads\/2025\/07\/FAWE-Model-School-Module-French-Final.jpg\" data-large_image=\"https:\/\/fawe.org\/wp-content\/uploads\/2025\/07\/FAWE-Model-School-Module-French-Final.jpg\" data-large_image_width=\"740\" data-large_image_height=\"600\" \/><\/a>\n<\/div>\n<div class=\"dlp-grid-card-content\">\n<div class=\"dlp-grid-card-title\">\n\n\t<a href=\"https:\/\/fawe.org\/fr\/document\/fawe-model-school-module-french\/\" >FAWE-Mod\u00e8le-Ecole-Module-Fran\u00e7ais<\/a>\n<\/div>\n\n<div class=\"dlp-grid-card-excerpt\">\n\t<\/div>\n\n<div class=\"dlp-grid-card-document-link-wrap\">\n\n\t<a href=\"https:\/\/fawe.org\/wp-content\/uploads\/2025\/07\/FAWE-Model-School-Module-French-Final.pdf\" class=\"dlp-download-link dlp-download-button document-library-pro-button button btn\" data-download-id=\"61551\"  download=\"FAWE-Model-School-Module-French-Final.pdf\" type=\"application\/pdf\">T\u00e9l\u00e9charger<\/a>\n<\/div>\n<\/div><\/div><\/div><div class=\"dlp-grid-card dlp-document-situational-analysis-report-on-teen-pregnancy-in-kenya\"><div class=\"dlp-grid-card-inner\">\n<div class=\"dlp-grid-card-featured-img\">\n\n\t<a href=\"https:\/\/fawe.org\/fr\/document\/situational-analysis-report-on-teen-pregnancy-in-kenya\/\"><img loading=\"lazy\" decoding=\"async\" width=\"703\" height=\"1024\" src=\"https:\/\/fawe.org\/wp-content\/uploads\/2025\/07\/SITUATIONAL-ANALYSIS-REPORT-ON-TEEN-PREGNANCY-IN-KENYA-703x1024.jpg\" class=\"\" alt=\"SITUATIONAL ANALYSIS REPORT ON TEEN PREGNANCY IN KENYA\" title=\"ANALYSE-SITUATIONNELLE-RAPPORT-SUR-LA-GROSSESSE-DES-ADOLESCENTES-AU-KENYA\" sizes=\"(max-width: 530px) 703px, 206px\" srcset=\"https:\/\/fawe.org\/wp-content\/uploads\/2025\/07\/SITUATIONAL-ANALYSIS-REPORT-ON-TEEN-PREGNANCY-IN-KENYA-703x1024.jpg 703w, https:\/\/fawe.org\/wp-content\/uploads\/2025\/07\/SITUATIONAL-ANALYSIS-REPORT-ON-TEEN-PREGNANCY-IN-KENYA-206x300.jpg 206w\" data-caption=\"SITUATIONAL ANALYSIS REPORT ON TEEN PREGNANCY IN KENYA\" data-src=\"https:\/\/fawe.org\/wp-content\/uploads\/2025\/07\/SITUATIONAL-ANALYSIS-REPORT-ON-TEEN-PREGNANCY-IN-KENYA-scaled.jpg\" data-large_image=\"https:\/\/fawe.org\/wp-content\/uploads\/2025\/07\/SITUATIONAL-ANALYSIS-REPORT-ON-TEEN-PREGNANCY-IN-KENYA-scaled.jpg\" data-large_image_width=\"1757\" data-large_image_height=\"2560\" \/><\/a>\n<\/div>\n<div class=\"dlp-grid-card-content\">\n<div class=\"dlp-grid-card-title\">\n\n\t<a href=\"https:\/\/fawe.org\/fr\/document\/situational-analysis-report-on-teen-pregnancy-in-kenya\/\" >RAPPORT D'ANALYSE SITUATIONNELLE SUR LA GROSSESSE CHEZ LES ADOLESCENTES AU KENYA<\/a>\n<\/div>\n\n<div class=\"dlp-grid-card-excerpt\">\n\t<\/div>\n\n<div class=\"dlp-grid-card-document-link-wrap\">\n\n\t<a href=\"https:\/\/fawe.org\/wp-content\/uploads\/2025\/07\/SITUATIONAL-ANALYSIS-REPORT-ON-TEEN-PREGNANCY-IN-KENYA.pdf\" class=\"dlp-download-link dlp-download-button document-library-pro-button button btn\" data-download-id=\"61547\"  download=\"SITUATIONAL-ANALYSIS-REPORT-ON-TEEN-PREGNANCY-IN-KENYA.pdf\" type=\"application\/pdf\">T\u00e9l\u00e9charger<\/a>\n<\/div>\n<\/div><\/div><\/div><\/div><footer class=\"dlp-grid-footer dlp-grid-below dlp-grid-controls\"><div class=\"dlp-grid-length\"><label>Afficher <select><option value=\"10\">10<\/option><option value=\"20\" selected='selected'>20<\/option><option value=\"25\">25<\/option><option value=\"50\">50<\/option><option value=\"100\">100<\/option><\/select> par page<\/label><\/div><div class=\"dlp-grid-totals\">7 documents<\/div><div class=\"dlp-grid-pagination\"><\/div><\/footer><\/div>","protected":false},"excerpt":{"rendered":"","protected":false},"author":1,"featured_media":0,"parent":0,"menu_order":0,"comment_status":"closed","ping_status":"closed","template":"","meta":{"footnotes":""},"class_list":["post-61546","page","type-page","status-publish","hentry"],"yoast_head":"<!-- This site is optimized with the Yoast SEO plugin v27.1.1 - https:\/\/yoast.com\/product\/yoast-seo-wordpress\/ -->\n<title>Document Library - FORUM FOR AFRICAN WOMEN EDUCATIONALISTS (FAWE)<\/title>\n<meta name=\"robots\" content=\"index, follow, max-snippet:-1, max-image-preview:large, max-video-preview:-1\" \/>\n<link rel=\"canonical\" href=\"https:\/\/fawe.org\/fr\/document-library\/\" \/>\n<meta property=\"og:locale\" content=\"fr_FR\" \/>\n<meta property=\"og:type\" content=\"article\" \/>\n<meta property=\"og:title\" content=\"Document Library - FORUM FOR AFRICAN WOMEN EDUCATIONALISTS (FAWE)\" \/>\n<meta property=\"og:url\" content=\"https:\/\/fawe.org\/fr\/document-library\/\" \/>\n<meta property=\"og:site_name\" content=\"FORUM FOR AFRICAN WOMEN EDUCATIONALISTS (FAWE)\" \/>\n<meta property=\"article:publisher\" content=\"https:\/\/www.facebook.com\/Forum.for.African.Women.Educationalists\" \/>\n<meta property=\"article:modified_time\" content=\"2026-03-11T14:14:12+00:00\" \/>\n<meta property=\"og:image\" content=\"https:\/\/fawe.org\/wp-content\/uploads\/2025\/07\/511197692_1117918787032068_1548540696703686237_n.jpg\" \/>\n\t<meta property=\"og:image:width\" content=\"1600\" \/>\n\t<meta property=\"og:image:height\" content=\"1066\" \/>\n\t<meta property=\"og:image:type\" content=\"image\/jpeg\" \/>\n<meta name=\"twitter:card\" content=\"summary_large_image\" \/>\n<meta name=\"twitter:site\" content=\"@FAWEAfrica\" \/>\n<meta name=\"twitter:label1\" content=\"Dur\u00e9e de lecture estim\u00e9e\" \/>\n\t<meta name=\"twitter:data1\" content=\"1 minute\" \/>\n<script type=\"application\/ld+json\" class=\"yoast-schema-graph\">{\"@context\":\"https:\/\/schema.org\",\"@graph\":[{\"@type\":\"WebPage\",\"@id\":\"https:\/\/fawe.org\/document-library\/\",\"url\":\"https:\/\/fawe.org\/document-library\/\",\"name\":\"Document Library - FORUM FOR AFRICAN WOMEN EDUCATIONALISTS (FAWE)\",\"isPartOf\":{\"@id\":\"http:\/\/fawe.org\/en\/#website\"},\"datePublished\":\"2025-07-16T10:05:42+00:00\",\"dateModified\":\"2026-03-11T14:14:12+00:00\",\"breadcrumb\":{\"@id\":\"https:\/\/fawe.org\/document-library\/#breadcrumb\"},\"inLanguage\":\"fr-FR\",\"potentialAction\":[{\"@type\":\"ReadAction\",\"target\":[\"https:\/\/fawe.org\/document-library\/\"]}]},{\"@type\":\"BreadcrumbList\",\"@id\":\"https:\/\/fawe.org\/document-library\/#breadcrumb\",\"itemListElement\":[{\"@type\":\"ListItem\",\"position\":1,\"name\":\"Home\",\"item\":\"http:\/\/fawe.org\/en\/\"},{\"@type\":\"ListItem\",\"position\":2,\"name\":\"Document Library\"}]},{\"@type\":\"WebSite\",\"@id\":\"http:\/\/fawe.org\/en\/#website\",\"url\":\"http:\/\/fawe.org\/en\/\",\"name\":\"FORUM FOR AFRICAN WOMEN EDUCATIONALISTS (FAWE)\",\"description\":\"Education for Change\",\"publisher\":{\"@id\":\"http:\/\/fawe.org\/en\/#organization\"},\"alternateName\":\"FAWE RS\",\"potentialAction\":[{\"@type\":\"SearchAction\",\"target\":{\"@type\":\"EntryPoint\",\"urlTemplate\":\"http:\/\/fawe.org\/en\/?s={search_term_string}\"},\"query-input\":{\"@type\":\"PropertyValueSpecification\",\"valueRequired\":true,\"valueName\":\"search_term_string\"}}],\"inLanguage\":\"fr-FR\"},{\"@type\":\"Organization\",\"@id\":\"http:\/\/fawe.org\/en\/#organization\",\"name\":\"FORUM FOR AFRICAN WOMEN EDUCATIONALISTS (FAWE)\",\"url\":\"http:\/\/fawe.org\/en\/\",\"logo\":{\"@type\":\"ImageObject\",\"inLanguage\":\"fr-FR\",\"@id\":\"http:\/\/fawe.org\/en\/#\/schema\/logo\/image\/\",\"url\":\"https:\/\/fawe.org\/wp-content\/uploads\/2025\/02\/FAWE-FINAL-PRIMARY-LOGO-1-Photoroom.png\",\"contentUrl\":\"https:\/\/fawe.org\/wp-content\/uploads\/2025\/02\/FAWE-FINAL-PRIMARY-LOGO-1-Photoroom.png\",\"width\":1280,\"height\":510,\"caption\":\"FORUM FOR AFRICAN WOMEN EDUCATIONALISTS (FAWE)\"},\"image\":{\"@id\":\"http:\/\/fawe.org\/en\/#\/schema\/logo\/image\/\"},\"sameAs\":[\"https:\/\/www.facebook.com\/Forum.for.African.Women.Educationalists\",\"https:\/\/x.com\/FAWEAfrica\",\"https:\/\/www.instagram.com\/fawe_africa\/\",\"https:\/\/www.linkedin.com\/company\/fawe-africa\/\",\"https:\/\/www.youtube.com\/@FAWEAfrica\"]}]}<\/script>\n<!-- \/ Yoast SEO plugin. -->","yoast_head_json":{"title":"Biblioth\u00e8que de documents - FORUM POUR LES FEMMES AFRICAINES \u00c9DUCATIVES (FAWE)","robots":{"index":"index","follow":"follow","max-snippet":"max-snippet:-1","max-image-preview":"max-image-preview:large","max-video-preview":"max-video-preview:-1"},"canonical":"https:\/\/fawe.org\/fr\/document-library\/","og_locale":"fr_FR","og_type":"article","og_title":"Document Library - FORUM FOR AFRICAN WOMEN EDUCATIONALISTS (FAWE)","og_url":"https:\/\/fawe.org\/fr\/document-library\/","og_site_name":"FORUM FOR AFRICAN WOMEN EDUCATIONALISTS (FAWE)","article_publisher":"https:\/\/www.facebook.com\/Forum.for.African.Women.Educationalists","article_modified_time":"2026-03-11T14:14:12+00:00","og_image":[{"width":1600,"height":1066,"url":"https:\/\/fawe.org\/wp-content\/uploads\/2025\/07\/511197692_1117918787032068_1548540696703686237_n.jpg","type":"image\/jpeg"}],"twitter_card":"summary_large_image","twitter_site":"@FAWEAfrica","twitter_misc":{"Dur\u00e9e de lecture estim\u00e9e":"1 minute"},"schema":{"@context":"https:\/\/schema.org","@graph":[{"@type":"WebPage","@id":"https:\/\/fawe.org\/document-library\/","url":"https:\/\/fawe.org\/document-library\/","name":"Biblioth\u00e8que de documents - FORUM POUR LES FEMMES AFRICAINES \u00c9DUCATIVES (FAWE)","isPartOf":{"@id":"http:\/\/fawe.org\/en\/#website"},"datePublished":"2025-07-16T10:05:42+00:00","dateModified":"2026-03-11T14:14:12+00:00","breadcrumb":{"@id":"https:\/\/fawe.org\/document-library\/#breadcrumb"},"inLanguage":"fr-FR","potentialAction":[{"@type":"ReadAction","target":["https:\/\/fawe.org\/document-library\/"]}]},{"@type":"BreadcrumbList","@id":"https:\/\/fawe.org\/document-library\/#breadcrumb","itemListElement":[{"@type":"ListItem","position":1,"name":"Home","item":"http:\/\/fawe.org\/en\/"},{"@type":"ListItem","position":2,"name":"Document Library"}]},{"@type":"WebSite","@id":"http:\/\/fawe.org\/en\/#website","url":"http:\/\/fawe.org\/en\/","name":"FORUM DES \u00c9DUCATRICES AFRICAINES (FAWE)","description":"L'\u00e9ducation au changement","publisher":{"@id":"http:\/\/fawe.org\/en\/#organization"},"alternateName":"FAWE RS","potentialAction":[{"@type":"SearchAction","target":{"@type":"EntryPoint","urlTemplate":"http:\/\/fawe.org\/en\/?s={search_term_string}"},"query-input":{"@type":"PropertyValueSpecification","valueRequired":true,"valueName":"search_term_string"}}],"inLanguage":"fr-FR"},{"@type":"Organization","@id":"http:\/\/fawe.org\/en\/#organization","name":"FORUM DES \u00c9DUCATRICES AFRICAINES (FAWE)","url":"http:\/\/fawe.org\/en\/","logo":{"@type":"ImageObject","inLanguage":"fr-FR","@id":"http:\/\/fawe.org\/en\/#\/schema\/logo\/image\/","url":"https:\/\/fawe.org\/wp-content\/uploads\/2025\/02\/FAWE-FINAL-PRIMARY-LOGO-1-Photoroom.png","contentUrl":"https:\/\/fawe.org\/wp-content\/uploads\/2025\/02\/FAWE-FINAL-PRIMARY-LOGO-1-Photoroom.png","width":1280,"height":510,"caption":"FORUM FOR AFRICAN WOMEN EDUCATIONALISTS (FAWE)"},"image":{"@id":"http:\/\/fawe.org\/en\/#\/schema\/logo\/image\/"},"sameAs":["https:\/\/www.facebook.com\/Forum.for.African.Women.Educationalists","https:\/\/x.com\/FAWEAfrica","https:\/\/www.instagram.com\/fawe_africa\/","https:\/\/www.linkedin.com\/company\/fawe-africa\/","https:\/\/www.youtube.com\/@FAWEAfrica"]}]}},"_links":{"self":[{"href":"https:\/\/fawe.org\/fr\/wp-json\/wp\/v2\/pages\/61546","targetHints":{"allow":["GET"]}}],"collection":[{"href":"https:\/\/fawe.org\/fr\/wp-json\/wp\/v2\/pages"}],"about":[{"href":"https:\/\/fawe.org\/fr\/wp-json\/wp\/v2\/types\/page"}],"author":[{"embeddable":true,"href":"https:\/\/fawe.org\/fr\/wp-json\/wp\/v2\/users\/1"}],"replies":[{"embeddable":true,"href":"https:\/\/fawe.org\/fr\/wp-json\/wp\/v2\/comments?post=61546"}],"version-history":[{"count":4,"href":"https:\/\/fawe.org\/fr\/wp-json\/wp\/v2\/pages\/61546\/revisions"}],"predecessor-version":[{"id":72175,"href":"https:\/\/fawe.org\/fr\/wp-json\/wp\/v2\/pages\/61546\/revisions\/72175"}],"wp:attachment":[{"href":"https:\/\/fawe.org\/fr\/wp-json\/wp\/v2\/media?parent=61546"}],"curies":[{"name":"wp","href":"https:\/\/api.w.org\/{rel}","templated":true}]}}