{"id":61317,"date":"2025-04-06T16:07:47","date_gmt":"2025-04-06T16:07:47","guid":{"rendered":"https:\/\/fawe.robilworld.co.ke\/?page_id=61317"},"modified":"2025-09-16T17:23:48","modified_gmt":"2025-09-16T14:23:48","slug":"wellspring-philanthropic","status":"publish","type":"page","link":"https:\/\/fawe.org\/fr\/wellspring-philanthropic\/","title":{"rendered":"WELLSPRING PHILANTHROPIC\u00a0"},"content":{"rendered":"<div data-elementor-type=\"wp-page\" data-elementor-id=\"61317\" class=\"elementor elementor-61317\" data-elementor-post-type=\"page\">\n\t\t\t\t<div class=\"elementor-element elementor-element-24bff889 e-flex e-con-boxed e-con e-parent\" data-id=\"24bff889\" data-element_type=\"container\" data-e-type=\"container\" data-settings=\"{&quot;background_background&quot;:&quot;classic&quot;}\">\n\t\t\t\t\t<div class=\"e-con-inner\">\n\t\t<div class=\"elementor-element elementor-element-639727f4 e-con-full e-flex e-con e-child\" data-id=\"639727f4\" data-element_type=\"container\" data-e-type=\"container\">\n\t\t\t\t<div class=\"elementor-element elementor-element-7f79652c elementor-align-left animated-slow elementor-invisible elementor-widget elementor-widget-elementskit-button\" data-id=\"7f79652c\" data-element_type=\"widget\" data-e-type=\"widget\" data-settings=\"{&quot;_animation&quot;:&quot;fadeInUp&quot;}\" data-widget_type=\"elementskit-button.default\">\n\t\t\t\t<div class=\"elementor-widget-container\">\n\t\t\t\t\t<div class=\"ekit-wid-con\" >\t\t<div class=\"ekit-btn-wraper\">\n\t\t\t\t\t\t\t<a href=\"#\" class=\"elementskit-btn  whitespace--normal\" id=\"\">\n\t\t\t\t\tProgrammes\t\t\t\t<\/a>\n\t\t\t\t\t<\/div>\n        <\/div>\t\t\t\t<\/div>\n\t\t\t\t<\/div>\n\t\t\t\t<div class=\"elementor-element elementor-element-79171e74 elementor-widget__width-initial animated-slow elementor-invisible elementor-widget elementor-widget-heading\" data-id=\"79171e74\" data-element_type=\"widget\" data-e-type=\"widget\" data-settings=\"{&quot;_animation&quot;:&quot;fadeInUp&quot;}\" data-widget_type=\"heading.default\">\n\t\t\t\t<div class=\"elementor-widget-container\">\n\t\t\t\t\t<h2 class=\"elementor-heading-title elementor-size-default\">Ensemble pour un avenir meilleur<\/h2>\t\t\t\t<\/div>\n\t\t\t\t<\/div>\n\t\t\t\t<\/div>\n\t\t<div class=\"elementor-element elementor-element-59fcdb68 e-con-full e-flex e-con e-child\" data-id=\"59fcdb68\" data-element_type=\"container\" data-e-type=\"container\">\n\t\t\t\t<div class=\"elementor-element elementor-element-24cb9290 elementor-widget__width-initial animated-slow elementor-invisible elementor-widget elementor-widget-text-editor\" data-id=\"24cb9290\" data-element_type=\"widget\" data-e-type=\"widget\" data-settings=\"{&quot;_animation&quot;:&quot;fadeInUp&quot;,&quot;_animation_delay&quot;:100}\" data-widget_type=\"text-editor.default\">\n\t\t\t\t<div class=\"elementor-widget-container\">\n\t\t\t\t\t\t\t\t\t<p>Nous sommes une organisation panafricaine \u00e0 but non lucratif qui s'engage \u00e0 faire progresser l'\u00e9ducation des filles, \u00e0 renforcer l'autonomie des femmes et \u00e0 construire des communaut\u00e9s plus fortes sur tout le continent.<\/p>\t\t\t\t\t\t\t\t<\/div>\n\t\t\t\t<\/div>\n\t\t\t\t<\/div>\n\t\t\t\t\t<\/div>\n\t\t\t\t<\/div>\n\t\t<div class=\"elementor-element elementor-element-381023f0 e-flex e-con-boxed e-con e-parent\" data-id=\"381023f0\" data-element_type=\"container\" data-e-type=\"container\" data-settings=\"{&quot;background_background&quot;:&quot;classic&quot;}\">\n\t\t\t\t\t<div class=\"e-con-inner\">\n\t\t<div class=\"elementor-element elementor-element-1dad6fa5 e-con-full animated-slow e-flex elementor-invisible e-con e-child\" data-id=\"1dad6fa5\" data-element_type=\"container\" data-e-type=\"container\" data-settings=\"{&quot;animation&quot;:&quot;fadeIn&quot;,&quot;animation_delay&quot;:100,&quot;background_background&quot;:&quot;classic&quot;}\">\n\t\t\t\t<\/div>\n\t\t<div class=\"elementor-element elementor-element-2c8541ff e-con-full e-flex e-con e-child\" data-id=\"2c8541ff\" data-element_type=\"container\" data-e-type=\"container\">\n\t\t\t\t<div class=\"elementor-element elementor-element-467bb3ae elementor-widget__width-initial animated-slow elementor-invisible elementor-widget elementor-widget-heading\" data-id=\"467bb3ae\" data-element_type=\"widget\" data-e-type=\"widget\" data-settings=\"{&quot;_animation&quot;:&quot;fadeInUp&quot;}\" data-widget_type=\"heading.default\">\n\t\t\t\t<div class=\"elementor-widget-container\">\n\t\t\t\t\t<h2 class=\"elementor-heading-title elementor-size-default\">WELLSPRING PHILANTHROPIC <\/h2>\t\t\t\t<\/div>\n\t\t\t\t<\/div>\n\t\t\t\t<div class=\"elementor-element elementor-element-66fdae81 elementor-widget-divider--view-line elementor-widget elementor-widget-divider\" data-id=\"66fdae81\" data-element_type=\"widget\" data-e-type=\"widget\" data-widget_type=\"divider.default\">\n\t\t\t\t<div class=\"elementor-widget-container\">\n\t\t\t\t\t\t\t<div class=\"elementor-divider\">\n\t\t\t<span class=\"elementor-divider-separator\">\n\t\t\t\t\t\t<\/span>\n\t\t<\/div>\n\t\t\t\t\t\t<\/div>\n\t\t\t\t<\/div>\n\t\t\t\t<div class=\"elementor-element elementor-element-850d8dd elementor-widget elementor-widget-text-editor\" data-id=\"850d8dd\" data-element_type=\"widget\" data-e-type=\"widget\" data-widget_type=\"text-editor.default\">\n\t\t\t\t<div class=\"elementor-widget-container\">\n\t\t\t\t\t\t\t\t\t<p><span data-contrast=\"auto\">Le FAWE, par le biais du programme Wellspring Philanthropy Fund, continue de d\u00e9fendre l'avancement de l'\u00e9ducation des filles \u00e0 travers l'Afrique subsaharienne, avec un accent particulier sur le Soudan du Sud, la Tanzanie et le Zanzibar. Cette initiative triennale, qui s'\u00e9tend de 2023 \u00e0 2025, vise \u00e0 lever les obstacles syst\u00e9miques qui entravent l'\u00e9ducation des filles et le bon fonctionnement d'environnements \u00e9ducatifs de qualit\u00e9. Le programme est con\u00e7u pour int\u00e9grer les mod\u00e8les de meilleures pratiques du FAWE - TUSEME, Centres d'excellence (COE), et P\u00e9dagogie sensible au genre (GRP) - dans un cadre global qui s'occupe \u00e0 la fois du bien-\u00eatre \u00e9ducatif et social des filles dans les r\u00e9gions cibl\u00e9es.\u00a0<\/span><span data-ccp-props=\"{}\">\u00a0<\/span><\/p><p><span data-contrast=\"auto\">L'objectif principal du programme est de faire \u00e9voluer les politiques et d'am\u00e9liorer les r\u00e9sultats scolaires des filles par le biais d'un plaidoyer fond\u00e9 sur des donn\u00e9es probantes et des meilleures pratiques. Le plaidoyer consistera notamment \u00e0 garantir l'utilisation de donn\u00e9es probantes dans l'\u00e9laboration des politiques en menant des recherches sur les questions relatives aux approches efficaces de l'\u00e9ducation des filles, en promouvant la certification de la p\u00e9dagogie sensible au genre pour les enseignants en formation initiale, en documentant les approches r\u00e9ussies en mati\u00e8re de promotion de l'\u00e9ducation des filles en Afrique sur la base de la riche exp\u00e9rience du FAWE, et en renfor\u00e7ant la capacit\u00e9 des sections nationales du FAWE \u00e0 plaider en faveur de politiques qui \u00e9limineront les obstacles auxquels les filles sont confront\u00e9es en mati\u00e8re d'acc\u00e8s \u00e0 une \u00e9ducation de qualit\u00e9.<\/span><span data-ccp-props=\"{}\">\u00a0<\/span><\/p><p><span data-contrast=\"auto\">Le programme a remarquablement atteint des niveaux gratifiants gr\u00e2ce au soutien du Wellspring Philanthropy Fund et \u00e0 une collaboration diversifi\u00e9e avec des parties prenantes importantes telles que les minist\u00e8res de l'\u00e9ducation et de la sant\u00e9. Le programme a impliqu\u00e9 deux \u00e9coles secondaires et un coll\u00e8ge en Tanzanie, o\u00f9 une formation \u00e0 la p\u00e9dagogie sensible au genre a \u00e9t\u00e9 dispens\u00e9e \u00e0 30 enseignants en formation. Deux clubs TUSEME ont mis en place des forums suppl\u00e9mentaires pour le d\u00e9veloppement de comp\u00e9tences en leadership et la d\u00e9fense des droits des filles. D'autre part, \u00e0 Zanzibar, deux \u00e9coles secondaires, deux coll\u00e8ges et 30 enseignants en formation ont \u00e9t\u00e9 form\u00e9s \u00e0 la p\u00e9dagogie sensible au genre. Deux clubs TUSEME ont \u00e9galement \u00e9t\u00e9 cr\u00e9\u00e9s \u00e0 Zanzibar. L'une des principales r\u00e9alisations du programme est la cr\u00e9ation d'un centre d'excellence \u00e0 l'\u00e9cole secondaire de Kizigo en Tanzanie, qui sert de guide pour les meilleures pratiques.<\/span><span data-ccp-props=\"{}\">\u00a0<\/span><\/p>\t\t\t\t\t\t\t\t<\/div>\n\t\t\t\t<\/div>\n\t\t\t\t<\/div>\n\t\t\t\t\t<\/div>\n\t\t\t\t<\/div>\n\t\t\t\t<\/div>","protected":false},"excerpt":{"rendered":"<p>Programmes Together for a Better Tomorrow We are a pan-African nonprofit committed to advancing girls\u2019 education, empowering women, and building stronger communities across the continent. WELLSPRING PHILANTHROPIC FAWE, through the Wellspring Philanthropy Fund programme, continues to champion the advancement of girls\u2019 education across Sub-Saharan Africa, with a particular focus on South Sudan, Tanzania, and Zanzibar. [&hellip;]<\/p>\n","protected":false},"author":1,"featured_media":0,"parent":0,"menu_order":0,"comment_status":"closed","ping_status":"closed","template":"","meta":{"footnotes":""},"class_list":["post-61317","page","type-page","status-publish","hentry"],"yoast_head":"<!-- This site is optimized with the Yoast SEO plugin v27.1.1 - https:\/\/yoast.com\/product\/yoast-seo-wordpress\/ -->\n<title>WELLSPRING PHILANTHROPIC\u00a0 - FORUM FOR AFRICAN WOMEN EDUCATIONALISTS (FAWE)<\/title>\n<meta name=\"robots\" content=\"index, follow, max-snippet:-1, max-image-preview:large, max-video-preview:-1\" \/>\n<link rel=\"canonical\" href=\"https:\/\/fawe.org\/fr\/wellspring-philanthropic\/\" \/>\n<meta property=\"og:locale\" content=\"fr_FR\" \/>\n<meta property=\"og:type\" content=\"article\" \/>\n<meta property=\"og:title\" content=\"WELLSPRING PHILANTHROPIC\u00a0 - FORUM FOR AFRICAN WOMEN EDUCATIONALISTS (FAWE)\" \/>\n<meta property=\"og:description\" content=\"Programmes Together for a Better Tomorrow We are a pan-African nonprofit committed to advancing girls\u2019 education, empowering women, and building stronger communities across the continent. WELLSPRING PHILANTHROPIC FAWE, through the Wellspring Philanthropy Fund programme, continues to champion the advancement of girls\u2019 education across Sub-Saharan Africa, with a particular focus on South Sudan, Tanzania, and Zanzibar. [&hellip;]\" \/>\n<meta property=\"og:url\" content=\"https:\/\/fawe.org\/fr\/wellspring-philanthropic\/\" \/>\n<meta property=\"og:site_name\" content=\"FORUM FOR AFRICAN WOMEN EDUCATIONALISTS (FAWE)\" \/>\n<meta property=\"article:publisher\" content=\"https:\/\/www.facebook.com\/Forum.for.African.Women.Educationalists\" \/>\n<meta property=\"article:modified_time\" content=\"2025-09-16T14:23:48+00:00\" \/>\n<meta property=\"og:image\" content=\"https:\/\/fawe.org\/wp-content\/uploads\/2025\/07\/511197692_1117918787032068_1548540696703686237_n.jpg\" \/>\n\t<meta property=\"og:image:width\" content=\"1600\" \/>\n\t<meta property=\"og:image:height\" content=\"1066\" \/>\n\t<meta property=\"og:image:type\" content=\"image\/jpeg\" \/>\n<meta name=\"twitter:card\" content=\"summary_large_image\" \/>\n<meta name=\"twitter:site\" content=\"@FAWEAfrica\" \/>\n<meta name=\"twitter:label1\" content=\"Dur\u00e9e de lecture estim\u00e9e\" \/>\n\t<meta name=\"twitter:data1\" content=\"2 minutes\" \/>\n<script type=\"application\/ld+json\" class=\"yoast-schema-graph\">{\"@context\":\"https:\/\/schema.org\",\"@graph\":[{\"@type\":\"WebPage\",\"@id\":\"https:\/\/fawe.org\/fr\/wellspring-philanthropic\/\",\"url\":\"https:\/\/fawe.org\/fr\/wellspring-philanthropic\/\",\"name\":\"WELLSPRING PHILANTHROPIC\u00a0 - FORUM FOR AFRICAN WOMEN EDUCATIONALISTS (FAWE)\",\"isPartOf\":{\"@id\":\"http:\/\/fawe.org\/en\/#website\"},\"datePublished\":\"2025-04-06T16:07:47+00:00\",\"dateModified\":\"2025-09-16T14:23:48+00:00\",\"breadcrumb\":{\"@id\":\"https:\/\/fawe.org\/fr\/wellspring-philanthropic\/#breadcrumb\"},\"inLanguage\":\"fr-FR\",\"potentialAction\":[{\"@type\":\"ReadAction\",\"target\":[\"https:\/\/fawe.org\/fr\/wellspring-philanthropic\/\"]}]},{\"@type\":\"BreadcrumbList\",\"@id\":\"https:\/\/fawe.org\/fr\/wellspring-philanthropic\/#breadcrumb\",\"itemListElement\":[{\"@type\":\"ListItem\",\"position\":1,\"name\":\"Home\",\"item\":\"http:\/\/fawe.org\/en\/\"},{\"@type\":\"ListItem\",\"position\":2,\"name\":\"WELLSPRING PHILANTHROPIC\u00a0\"}]},{\"@type\":\"WebSite\",\"@id\":\"http:\/\/fawe.org\/en\/#website\",\"url\":\"http:\/\/fawe.org\/en\/\",\"name\":\"FORUM FOR AFRICAN WOMEN EDUCATIONALISTS (FAWE)\",\"description\":\"Education for Change\",\"publisher\":{\"@id\":\"http:\/\/fawe.org\/en\/#organization\"},\"alternateName\":\"FAWE RS\",\"potentialAction\":[{\"@type\":\"SearchAction\",\"target\":{\"@type\":\"EntryPoint\",\"urlTemplate\":\"http:\/\/fawe.org\/en\/?s={search_term_string}\"},\"query-input\":{\"@type\":\"PropertyValueSpecification\",\"valueRequired\":true,\"valueName\":\"search_term_string\"}}],\"inLanguage\":\"fr-FR\"},{\"@type\":\"Organization\",\"@id\":\"http:\/\/fawe.org\/en\/#organization\",\"name\":\"FORUM FOR AFRICAN WOMEN EDUCATIONALISTS (FAWE)\",\"url\":\"http:\/\/fawe.org\/en\/\",\"logo\":{\"@type\":\"ImageObject\",\"inLanguage\":\"fr-FR\",\"@id\":\"http:\/\/fawe.org\/en\/#\/schema\/logo\/image\/\",\"url\":\"https:\/\/fawe.org\/wp-content\/uploads\/2025\/02\/FAWE-FINAL-PRIMARY-LOGO-1-Photoroom.png\",\"contentUrl\":\"https:\/\/fawe.org\/wp-content\/uploads\/2025\/02\/FAWE-FINAL-PRIMARY-LOGO-1-Photoroom.png\",\"width\":1280,\"height\":510,\"caption\":\"FORUM FOR AFRICAN WOMEN EDUCATIONALISTS (FAWE)\"},\"image\":{\"@id\":\"http:\/\/fawe.org\/en\/#\/schema\/logo\/image\/\"},\"sameAs\":[\"https:\/\/www.facebook.com\/Forum.for.African.Women.Educationalists\",\"https:\/\/x.com\/FAWEAfrica\",\"https:\/\/www.instagram.com\/fawe_africa\/\",\"https:\/\/www.linkedin.com\/company\/fawe-africa\/\",\"https:\/\/www.youtube.com\/@FAWEAfrica\"]}]}<\/script>\n<!-- \/ Yoast SEO plugin. -->","yoast_head_json":{"title":"WELLSPRING PHILANTHROPIC - FORUM DES \u00c9DUCATRICES AFRICAINES (FAWE)","robots":{"index":"index","follow":"follow","max-snippet":"max-snippet:-1","max-image-preview":"max-image-preview:large","max-video-preview":"max-video-preview:-1"},"canonical":"https:\/\/fawe.org\/fr\/wellspring-philanthropic\/","og_locale":"fr_FR","og_type":"article","og_title":"WELLSPRING PHILANTHROPIC\u00a0 - FORUM FOR AFRICAN WOMEN EDUCATIONALISTS (FAWE)","og_description":"Programmes Together for a Better Tomorrow We are a pan-African nonprofit committed to advancing girls\u2019 education, empowering women, and building stronger communities across the continent. WELLSPRING PHILANTHROPIC FAWE, through the Wellspring Philanthropy Fund programme, continues to champion the advancement of girls\u2019 education across Sub-Saharan Africa, with a particular focus on South Sudan, Tanzania, and Zanzibar. [&hellip;]","og_url":"https:\/\/fawe.org\/fr\/wellspring-philanthropic\/","og_site_name":"FORUM FOR AFRICAN WOMEN EDUCATIONALISTS (FAWE)","article_publisher":"https:\/\/www.facebook.com\/Forum.for.African.Women.Educationalists","article_modified_time":"2025-09-16T14:23:48+00:00","og_image":[{"width":1600,"height":1066,"url":"https:\/\/fawe.org\/wp-content\/uploads\/2025\/07\/511197692_1117918787032068_1548540696703686237_n.jpg","type":"image\/jpeg"}],"twitter_card":"summary_large_image","twitter_site":"@FAWEAfrica","twitter_misc":{"Dur\u00e9e de lecture estim\u00e9e":"2 minutes"},"schema":{"@context":"https:\/\/schema.org","@graph":[{"@type":"WebPage","@id":"https:\/\/fawe.org\/fr\/wellspring-philanthropic\/","url":"https:\/\/fawe.org\/fr\/wellspring-philanthropic\/","name":"WELLSPRING PHILANTHROPIC - FORUM DES \u00c9DUCATRICES AFRICAINES (FAWE)","isPartOf":{"@id":"http:\/\/fawe.org\/en\/#website"},"datePublished":"2025-04-06T16:07:47+00:00","dateModified":"2025-09-16T14:23:48+00:00","breadcrumb":{"@id":"https:\/\/fawe.org\/fr\/wellspring-philanthropic\/#breadcrumb"},"inLanguage":"fr-FR","potentialAction":[{"@type":"ReadAction","target":["https:\/\/fawe.org\/fr\/wellspring-philanthropic\/"]}]},{"@type":"BreadcrumbList","@id":"https:\/\/fawe.org\/fr\/wellspring-philanthropic\/#breadcrumb","itemListElement":[{"@type":"ListItem","position":1,"name":"Home","item":"http:\/\/fawe.org\/en\/"},{"@type":"ListItem","position":2,"name":"WELLSPRING PHILANTHROPIC\u00a0"}]},{"@type":"WebSite","@id":"http:\/\/fawe.org\/en\/#website","url":"http:\/\/fawe.org\/en\/","name":"FORUM DES \u00c9DUCATRICES AFRICAINES (FAWE)","description":"L'\u00e9ducation au changement","publisher":{"@id":"http:\/\/fawe.org\/en\/#organization"},"alternateName":"FAWE RS","potentialAction":[{"@type":"SearchAction","target":{"@type":"EntryPoint","urlTemplate":"http:\/\/fawe.org\/en\/?s={search_term_string}"},"query-input":{"@type":"PropertyValueSpecification","valueRequired":true,"valueName":"search_term_string"}}],"inLanguage":"fr-FR"},{"@type":"Organization","@id":"http:\/\/fawe.org\/en\/#organization","name":"FORUM DES \u00c9DUCATRICES AFRICAINES (FAWE)","url":"http:\/\/fawe.org\/en\/","logo":{"@type":"ImageObject","inLanguage":"fr-FR","@id":"http:\/\/fawe.org\/en\/#\/schema\/logo\/image\/","url":"https:\/\/fawe.org\/wp-content\/uploads\/2025\/02\/FAWE-FINAL-PRIMARY-LOGO-1-Photoroom.png","contentUrl":"https:\/\/fawe.org\/wp-content\/uploads\/2025\/02\/FAWE-FINAL-PRIMARY-LOGO-1-Photoroom.png","width":1280,"height":510,"caption":"FORUM FOR AFRICAN WOMEN EDUCATIONALISTS (FAWE)"},"image":{"@id":"http:\/\/fawe.org\/en\/#\/schema\/logo\/image\/"},"sameAs":["https:\/\/www.facebook.com\/Forum.for.African.Women.Educationalists","https:\/\/x.com\/FAWEAfrica","https:\/\/www.instagram.com\/fawe_africa\/","https:\/\/www.linkedin.com\/company\/fawe-africa\/","https:\/\/www.youtube.com\/@FAWEAfrica"]}]}},"_links":{"self":[{"href":"https:\/\/fawe.org\/fr\/wp-json\/wp\/v2\/pages\/61317","targetHints":{"allow":["GET"]}}],"collection":[{"href":"https:\/\/fawe.org\/fr\/wp-json\/wp\/v2\/pages"}],"about":[{"href":"https:\/\/fawe.org\/fr\/wp-json\/wp\/v2\/types\/page"}],"author":[{"embeddable":true,"href":"https:\/\/fawe.org\/fr\/wp-json\/wp\/v2\/users\/1"}],"replies":[{"embeddable":true,"href":"https:\/\/fawe.org\/fr\/wp-json\/wp\/v2\/comments?post=61317"}],"version-history":[{"count":0,"href":"https:\/\/fawe.org\/fr\/wp-json\/wp\/v2\/pages\/61317\/revisions"}],"wp:attachment":[{"href":"https:\/\/fawe.org\/fr\/wp-json\/wp\/v2\/media?parent=61317"}],"curies":[{"name":"wp","href":"https:\/\/api.w.org\/{rel}","templated":true}]}}