{"id":61308,"date":"2025-04-06T14:05:48","date_gmt":"2025-04-06T14:05:48","guid":{"rendered":"https:\/\/fawe.robilworld.co.ke\/?page_id=61308"},"modified":"2025-09-16T17:11:22","modified_gmt":"2025-09-16T14:11:22","slug":"imarisha-msichana-program","status":"publish","type":"page","link":"https:\/\/fawe.org\/fr\/imarisha-msichana-program\/","title":{"rendered":"PROGRAMME IMARISHA MSICHANA\u00a0"},"content":{"rendered":"<div data-elementor-type=\"wp-page\" data-elementor-id=\"61308\" class=\"elementor elementor-61308\" data-elementor-post-type=\"page\">\n\t\t\t\t<div class=\"elementor-element elementor-element-1d12bb9e e-flex e-con-boxed e-con e-parent\" data-id=\"1d12bb9e\" data-element_type=\"container\" data-e-type=\"container\" data-settings=\"{&quot;background_background&quot;:&quot;classic&quot;}\">\n\t\t\t\t\t<div class=\"e-con-inner\">\n\t\t<div class=\"elementor-element elementor-element-38f1de0c e-con-full e-flex e-con e-child\" data-id=\"38f1de0c\" data-element_type=\"container\" data-e-type=\"container\">\n\t\t\t\t<div class=\"elementor-element elementor-element-29ab1887 elementor-align-left animated-slow elementor-invisible elementor-widget elementor-widget-elementskit-button\" data-id=\"29ab1887\" data-element_type=\"widget\" data-e-type=\"widget\" data-settings=\"{&quot;_animation&quot;:&quot;fadeInUp&quot;}\" data-widget_type=\"elementskit-button.default\">\n\t\t\t\t<div class=\"elementor-widget-container\">\n\t\t\t\t\t<div class=\"ekit-wid-con\" >\t\t<div class=\"ekit-btn-wraper\">\n\t\t\t\t\t\t\t<a href=\"#\" class=\"elementskit-btn  whitespace--normal\" id=\"\">\n\t\t\t\t\tProgrammes\t\t\t\t<\/a>\n\t\t\t\t\t<\/div>\n        <\/div>\t\t\t\t<\/div>\n\t\t\t\t<\/div>\n\t\t\t\t<div class=\"elementor-element elementor-element-1fa5922e elementor-widget__width-initial animated-slow elementor-invisible elementor-widget elementor-widget-heading\" data-id=\"1fa5922e\" data-element_type=\"widget\" data-e-type=\"widget\" data-settings=\"{&quot;_animation&quot;:&quot;fadeInUp&quot;}\" data-widget_type=\"heading.default\">\n\t\t\t\t<div class=\"elementor-widget-container\">\n\t\t\t\t\t<h2 class=\"elementor-heading-title elementor-size-default\">Ensemble pour un avenir meilleur<\/h2>\t\t\t\t<\/div>\n\t\t\t\t<\/div>\n\t\t\t\t<\/div>\n\t\t<div class=\"elementor-element elementor-element-42769eee e-con-full e-flex e-con e-child\" data-id=\"42769eee\" data-element_type=\"container\" data-e-type=\"container\">\n\t\t\t\t<div class=\"elementor-element elementor-element-17c6f367 elementor-widget__width-initial animated-slow elementor-invisible elementor-widget elementor-widget-text-editor\" data-id=\"17c6f367\" data-element_type=\"widget\" data-e-type=\"widget\" data-settings=\"{&quot;_animation&quot;:&quot;fadeInUp&quot;,&quot;_animation_delay&quot;:100}\" data-widget_type=\"text-editor.default\">\n\t\t\t\t<div class=\"elementor-widget-container\">\n\t\t\t\t\t\t\t\t\t<p>Nous sommes une organisation panafricaine \u00e0 but non lucratif qui s'engage \u00e0 faire progresser l'\u00e9ducation des filles, \u00e0 autonomiser les femmes et \u00e0 construire des communaut\u00e9s plus fortes \u00e0 travers le continent.<\/p>\t\t\t\t\t\t\t\t<\/div>\n\t\t\t\t<\/div>\n\t\t\t\t<\/div>\n\t\t\t\t\t<\/div>\n\t\t\t\t<\/div>\n\t\t<div class=\"elementor-element elementor-element-779517e3 e-flex e-con-boxed e-con e-parent\" data-id=\"779517e3\" data-element_type=\"container\" data-e-type=\"container\" data-settings=\"{&quot;background_background&quot;:&quot;classic&quot;}\">\n\t\t\t\t\t<div class=\"e-con-inner\">\n\t\t<div class=\"elementor-element elementor-element-4b187df9 e-con-full animated-slow e-flex elementor-invisible e-con e-child\" data-id=\"4b187df9\" data-element_type=\"container\" data-e-type=\"container\" data-settings=\"{&quot;animation&quot;:&quot;fadeIn&quot;,&quot;animation_delay&quot;:100,&quot;background_background&quot;:&quot;classic&quot;}\">\n\t\t\t\t<\/div>\n\t\t<div class=\"elementor-element elementor-element-4354c963 e-con-full e-flex e-con e-child\" data-id=\"4354c963\" data-element_type=\"container\" data-e-type=\"container\">\n\t\t\t\t<div class=\"elementor-element elementor-element-66179911 elementor-widget__width-initial animated-slow elementor-invisible elementor-widget elementor-widget-heading\" data-id=\"66179911\" data-element_type=\"widget\" data-e-type=\"widget\" data-settings=\"{&quot;_animation&quot;:&quot;fadeInUp&quot;}\" data-widget_type=\"heading.default\">\n\t\t\t\t<div class=\"elementor-widget-container\">\n\t\t\t\t\t<h2 class=\"elementor-heading-title elementor-size-default\">Programme Imarisha Msichana<\/h2>\t\t\t\t<\/div>\n\t\t\t\t<\/div>\n\t\t\t\t<div class=\"elementor-element elementor-element-eb89ddc elementor-widget-divider--view-line elementor-widget elementor-widget-divider\" data-id=\"eb89ddc\" data-element_type=\"widget\" data-e-type=\"widget\" data-widget_type=\"divider.default\">\n\t\t\t\t<div class=\"elementor-widget-container\">\n\t\t\t\t\t\t\t<div class=\"elementor-divider\">\n\t\t\t<span class=\"elementor-divider-separator\">\n\t\t\t\t\t\t<\/span>\n\t\t<\/div>\n\t\t\t\t\t\t<\/div>\n\t\t\t\t<\/div>\n\t\t\t\t<div class=\"elementor-element elementor-element-5e55209 elementor-widget elementor-widget-text-editor\" data-id=\"5e55209\" data-element_type=\"widget\" data-e-type=\"widget\" data-widget_type=\"text-editor.default\">\n\t\t\t\t<div class=\"elementor-widget-container\">\n\t\t\t\t\t\t\t\t\t<p><span data-contrast=\"auto\">Imarisha Msichana est un programme de deux ans en partenariat avec la Fondation Mastercard pour lutter contre les grossesses chez les adolescentes et plaider pour le retour des filles \u00e0 l'\u00e9cole pendant et apr\u00e8s le COVID-19 19. Le programme a d\u00e9but\u00e9 le 1er septembre 2022 et se terminera le 28 f\u00e9vrier 2025. Il a \u00e9t\u00e9 rendu n\u00e9cessaire par la recrudescence des grossesses chez les adolescentes pendant la pand\u00e9mie du COVID, qui a vu 15% des filles \u00e2g\u00e9es de 15 \u00e0 19 ans tomber enceintes. Il est mis en \u0153uvre dans 20 comt\u00e9s du Kenya.<\/span> <span data-contrast=\"auto\">L'accent est mis sur le retour \u00e0 l'\u00e9cole de 5000 m\u00e8res adolescentes, tout en influen\u00e7ant les politiques de soutien aux filles. Les comt\u00e9s concern\u00e9s sont Nakuru, Nairobi, Machakos, Elgeyo-Marakwet, Kiambu, Garissa, Bungoma, Kakamega, Nyeri, Migori, Murang'a, Kajiado, Narok, Homabay, Trans-Nzoia, Nyandarua, Busia, Meru, Siaya et Turkana.<\/span><span data-ccp-props=\"{}\">\u00a0<\/span><\/p><p><span data-contrast=\"auto\">Le succ\u00e8s des programmes est principalement d\u00fb aux principaux partenaires, dont la Mastercard Foundation, <\/span><span data-contrast=\"auto\">Centre for Rights Education Awareness (CREAW), Kenya Redcross Society, Secr\u00e9tariat r\u00e9gional du FAWE et Antenne nationale du FAWE au Kenya. Ils travaillent \u00e0 l'unisson pour s'assurer que la mise en \u0153uvre du programme est prise en charge et que tout se d\u00e9roule sans heurts. Le FAWE est le partenaire principal, qui soutient les autres partenaires de mise en \u0153uvre gr\u00e2ce \u00e0 son expertise technique en mati\u00e8re de mise en \u0153uvre du programme et de gestion financi\u00e8re. Gr\u00e2ce aux plateformes r\u00e9gionales de plaidoyer, le programme a permis de s'assurer que les m\u00eames questions qui affectent les filles sont abord\u00e9es dans d'autres pays et que des politiques favorables sont influenc\u00e9es.\u00a0<\/span><span data-ccp-props=\"{}\">\u00a0<\/span><\/p>\t\t\t\t\t\t\t\t<\/div>\n\t\t\t\t<\/div>\n\t\t\t\t<\/div>\n\t\t\t\t\t<\/div>\n\t\t\t\t<\/div>\n\t\t<div class=\"elementor-element elementor-element-a353102 e-flex e-con-boxed e-con e-parent\" data-id=\"a353102\" data-element_type=\"container\" data-e-type=\"container\" data-settings=\"{&quot;background_background&quot;:&quot;classic&quot;}\">\n\t\t\t\t\t<div class=\"e-con-inner\">\n\t\t<div class=\"elementor-element elementor-element-033c6bd e-con-full e-flex e-con e-child\" data-id=\"033c6bd\" data-element_type=\"container\" data-e-type=\"container\">\n\t\t\t\t<div class=\"elementor-element elementor-element-b9c4a6e elementor-widget elementor-widget-text-editor\" data-id=\"b9c4a6e\" data-element_type=\"widget\" data-e-type=\"widget\" data-widget_type=\"text-editor.default\">\n\t\t\t\t<div class=\"elementor-widget-container\">\n\t\t\t\t\t\t\t\t\t<p><span data-contrast=\"auto\">Imarisha Msichana est un programme de deux ans en partenariat avec la Fondation Mastercard pour lutter contre les grossesses chez les adolescentes et plaider pour le retour des filles \u00e0 l'\u00e9cole pendant et apr\u00e8s le COVID-19 19. Le programme a d\u00e9but\u00e9 le 1er septembre 2022 et se terminera le 28 f\u00e9vrier 2025. Il a \u00e9t\u00e9 rendu n\u00e9cessaire par la recrudescence des grossesses chez les adolescentes pendant la pand\u00e9mie du COVID, qui a vu 15% des filles \u00e2g\u00e9es de 15 \u00e0 19 ans tomber enceintes. Il est mis en \u0153uvre dans 20 comt\u00e9s du Kenya.<\/span> <span data-contrast=\"auto\">L'accent est mis sur le retour \u00e0 l'\u00e9cole de 5000 m\u00e8res adolescentes, tout en influen\u00e7ant les politiques de soutien aux filles. Les comt\u00e9s concern\u00e9s sont Nakuru, Nairobi, Machakos, Elgeyo-Marakwet, Kiambu, Garissa, Bungoma, Kakamega, Nyeri, Migori, Murang'a, Kajiado, Narok, Homabay, Trans-Nzoia, Nyandarua, Busia, Meru, Siaya et Turkana.<\/span><span data-ccp-props=\"{}\">\u00a0<\/span><\/p><p><span data-contrast=\"auto\">Le succ\u00e8s des programmes est principalement d\u00fb aux principaux partenaires, dont la Mastercard Foundation, <\/span><span data-contrast=\"auto\">Centre for Rights Education Awareness (CREAW), Kenya Redcross Society, Secr\u00e9tariat r\u00e9gional du FAWE et Antenne nationale du FAWE au Kenya. Ils travaillent \u00e0 l'unisson pour s'assurer que la mise en \u0153uvre du programme est prise en charge et que tout se d\u00e9roule sans heurts. Le FAWE est le partenaire principal, qui soutient les autres partenaires de mise en \u0153uvre gr\u00e2ce \u00e0 son expertise technique en mati\u00e8re de mise en \u0153uvre du programme et de gestion financi\u00e8re. Gr\u00e2ce aux plateformes r\u00e9gionales de plaidoyer, le programme a permis de s'assurer que les m\u00eames questions qui affectent les filles sont abord\u00e9es dans d'autres pays et que des politiques favorables sont influenc\u00e9es.\u00a0<\/span><span data-ccp-props=\"{}\">\u00a0<\/span><\/p>\t\t\t\t\t\t\t\t<\/div>\n\t\t\t\t<\/div>\n\t\t\t\t<\/div>\n\t\t<div class=\"elementor-element elementor-element-d5c93a3 e-con-full e-flex e-con e-child\" data-id=\"d5c93a3\" data-element_type=\"container\" data-e-type=\"container\">\n\t\t\t\t<div class=\"elementor-element elementor-element-52f0844 elementor-widget elementor-widget-text-editor\" data-id=\"52f0844\" data-element_type=\"widget\" data-e-type=\"widget\" data-widget_type=\"text-editor.default\">\n\t\t\t\t<div class=\"elementor-widget-container\">\n\t\t\t\t\t\t\t\t\t<p><strong>Objectifs du programme Imarisha Msichana<\/strong><\/p><p>Collaborer avec les responsables et les parties prenantes \u00e0 la production de donn\u00e9es cr\u00e9dibles et acceptables pour des interventions plus structur\u00e9es et intentionnelles dans les cas de grossesse chez les adolescentes au Kenya.<\/p><p>Sessions de formation\/sensibilisation pour les filles, les jeunes femmes, les gar\u00e7ons, les jeunes hommes, les \u00e9ducateurs, les responsables et la communaut\u00e9 locale sur la sexualit\u00e9 et la pr\u00e9vention des grossesses chez les adolescentes.<\/p><p>Renforcer l'engagement des m\u00e9dias pour une information pr\u00e9cise et large<\/p><p>Impliquer les gar\u00e7ons et les jeunes hommes dans les programmes de pr\u00e9vention et en faire des d\u00e9fenseurs des droits des filles<\/p><p>Impact<\/p><p>Imarisha Msichana a dirig\u00e9 le lancement de l'enqu\u00eate et du rapport d'analyse situationnelle sur les m\u00e8res adolescentes dans 20 comt\u00e9s du Kenya. Le rapport a \u00e9t\u00e9 lanc\u00e9 en octobre 2024 avec 218 partenaires de d\u00e9veloppement et les minist\u00e8res de l'\u00e9ducation, de l'\u00e9galit\u00e9 des sexes, de l'enfance et des services sociaux. Sa diffusion a permis de sensibiliser davantage de personnes aux obstacles \u00e0 l'\u00e9ducation des filles, aux r\u00e9alit\u00e9s des grossesses pr\u00e9coces dans les comt\u00e9s et \u00e0 la mani\u00e8re de les combattre.<\/p>\t\t\t\t\t\t\t\t<\/div>\n\t\t\t\t<\/div>\n\t\t\t\t<\/div>\n\t\t\t\t\t<\/div>\n\t\t\t\t<\/div>\n\t\t\t\t<\/div>","protected":false},"excerpt":{"rendered":"<p>Programmes Together for a Better Tomorrow We are a pan-African nonprofit committed to advancing girls\u2019 education, empowering women, and building stronger communities across\u00a0the\u00a0continent. Imarisha Msichana programme Imarisha Msichana is a two-year program in partnership with Mastercard Foundation to address teen pregnancy and advocate for the re-entry of girls back to school during and after COVID-19 [&hellip;]<\/p>\n","protected":false},"author":1,"featured_media":0,"parent":0,"menu_order":0,"comment_status":"closed","ping_status":"closed","template":"","meta":{"footnotes":""},"class_list":["post-61308","page","type-page","status-publish","hentry"],"yoast_head":"<!-- This site is optimized with the Yoast SEO plugin v27.1.1 - https:\/\/yoast.com\/product\/yoast-seo-wordpress\/ -->\n<title>IMARISHA MSICHANA PROGRAM\u00a0 - FORUM FOR AFRICAN WOMEN EDUCATIONALISTS (FAWE)<\/title>\n<meta name=\"robots\" content=\"index, follow, max-snippet:-1, max-image-preview:large, max-video-preview:-1\" \/>\n<link rel=\"canonical\" href=\"https:\/\/fawe.org\/fr\/imarisha-msichana-program\/\" \/>\n<meta property=\"og:locale\" content=\"fr_FR\" \/>\n<meta property=\"og:type\" content=\"article\" \/>\n<meta property=\"og:title\" content=\"IMARISHA MSICHANA PROGRAM\u00a0 - FORUM FOR AFRICAN WOMEN EDUCATIONALISTS (FAWE)\" \/>\n<meta property=\"og:description\" content=\"Programmes Together for a Better Tomorrow We are a pan-African nonprofit committed to advancing girls\u2019 education, empowering women, and building stronger communities across\u00a0the\u00a0continent. Imarisha Msichana programme Imarisha Msichana is a two-year program in partnership with Mastercard Foundation to address teen pregnancy and advocate for the re-entry of girls back to school during and after COVID-19 [&hellip;]\" \/>\n<meta property=\"og:url\" content=\"https:\/\/fawe.org\/fr\/imarisha-msichana-program\/\" \/>\n<meta property=\"og:site_name\" content=\"FORUM FOR AFRICAN WOMEN EDUCATIONALISTS (FAWE)\" \/>\n<meta property=\"article:publisher\" content=\"https:\/\/www.facebook.com\/Forum.for.African.Women.Educationalists\" \/>\n<meta property=\"article:modified_time\" content=\"2025-09-16T14:11:22+00:00\" \/>\n<meta property=\"og:image\" content=\"https:\/\/fawe.org\/wp-content\/uploads\/2025\/07\/511197692_1117918787032068_1548540696703686237_n.jpg\" \/>\n\t<meta property=\"og:image:width\" content=\"1600\" \/>\n\t<meta property=\"og:image:height\" content=\"1066\" \/>\n\t<meta property=\"og:image:type\" content=\"image\/jpeg\" \/>\n<meta name=\"twitter:card\" content=\"summary_large_image\" \/>\n<meta name=\"twitter:site\" content=\"@FAWEAfrica\" \/>\n<meta name=\"twitter:label1\" content=\"Dur\u00e9e de lecture estim\u00e9e\" \/>\n\t<meta name=\"twitter:data1\" content=\"3 minutes\" \/>\n<script type=\"application\/ld+json\" class=\"yoast-schema-graph\">{\"@context\":\"https:\/\/schema.org\",\"@graph\":[{\"@type\":\"WebPage\",\"@id\":\"https:\/\/fawe.org\/en\/imarisha-msichana-program\/\",\"url\":\"https:\/\/fawe.org\/en\/imarisha-msichana-program\/\",\"name\":\"IMARISHA MSICHANA PROGRAM\u00a0 - FORUM FOR AFRICAN WOMEN EDUCATIONALISTS (FAWE)\",\"isPartOf\":{\"@id\":\"http:\/\/fawe.org\/en\/#website\"},\"datePublished\":\"2025-04-06T14:05:48+00:00\",\"dateModified\":\"2025-09-16T14:11:22+00:00\",\"breadcrumb\":{\"@id\":\"https:\/\/fawe.org\/en\/imarisha-msichana-program\/#breadcrumb\"},\"inLanguage\":\"fr-FR\",\"potentialAction\":[{\"@type\":\"ReadAction\",\"target\":[\"https:\/\/fawe.org\/en\/imarisha-msichana-program\/\"]}]},{\"@type\":\"BreadcrumbList\",\"@id\":\"https:\/\/fawe.org\/en\/imarisha-msichana-program\/#breadcrumb\",\"itemListElement\":[{\"@type\":\"ListItem\",\"position\":1,\"name\":\"Home\",\"item\":\"http:\/\/fawe.org\/en\/\"},{\"@type\":\"ListItem\",\"position\":2,\"name\":\"IMARISHA MSICHANA PROGRAM\u00a0\"}]},{\"@type\":\"WebSite\",\"@id\":\"http:\/\/fawe.org\/en\/#website\",\"url\":\"http:\/\/fawe.org\/en\/\",\"name\":\"FORUM FOR AFRICAN WOMEN EDUCATIONALISTS (FAWE)\",\"description\":\"Education for Change\",\"publisher\":{\"@id\":\"http:\/\/fawe.org\/en\/#organization\"},\"alternateName\":\"FAWE RS\",\"potentialAction\":[{\"@type\":\"SearchAction\",\"target\":{\"@type\":\"EntryPoint\",\"urlTemplate\":\"http:\/\/fawe.org\/en\/?s={search_term_string}\"},\"query-input\":{\"@type\":\"PropertyValueSpecification\",\"valueRequired\":true,\"valueName\":\"search_term_string\"}}],\"inLanguage\":\"fr-FR\"},{\"@type\":\"Organization\",\"@id\":\"http:\/\/fawe.org\/en\/#organization\",\"name\":\"FORUM FOR AFRICAN WOMEN EDUCATIONALISTS (FAWE)\",\"url\":\"http:\/\/fawe.org\/en\/\",\"logo\":{\"@type\":\"ImageObject\",\"inLanguage\":\"fr-FR\",\"@id\":\"http:\/\/fawe.org\/en\/#\/schema\/logo\/image\/\",\"url\":\"https:\/\/fawe.org\/wp-content\/uploads\/2025\/02\/FAWE-FINAL-PRIMARY-LOGO-1-Photoroom.png\",\"contentUrl\":\"https:\/\/fawe.org\/wp-content\/uploads\/2025\/02\/FAWE-FINAL-PRIMARY-LOGO-1-Photoroom.png\",\"width\":1280,\"height\":510,\"caption\":\"FORUM FOR AFRICAN WOMEN EDUCATIONALISTS (FAWE)\"},\"image\":{\"@id\":\"http:\/\/fawe.org\/en\/#\/schema\/logo\/image\/\"},\"sameAs\":[\"https:\/\/www.facebook.com\/Forum.for.African.Women.Educationalists\",\"https:\/\/x.com\/FAWEAfrica\",\"https:\/\/www.instagram.com\/fawe_africa\/\",\"https:\/\/www.linkedin.com\/company\/fawe-africa\/\",\"https:\/\/www.youtube.com\/@FAWEAfrica\"]}]}<\/script>\n<!-- \/ Yoast SEO plugin. -->","yoast_head_json":{"title":"PROGRAMME IMARISHA MSICHANA - FORUM DES \u00c9DUCATRICES AFRICAINES (FAWE)","robots":{"index":"index","follow":"follow","max-snippet":"max-snippet:-1","max-image-preview":"max-image-preview:large","max-video-preview":"max-video-preview:-1"},"canonical":"https:\/\/fawe.org\/fr\/imarisha-msichana-program\/","og_locale":"fr_FR","og_type":"article","og_title":"IMARISHA MSICHANA PROGRAM\u00a0 - FORUM FOR AFRICAN WOMEN EDUCATIONALISTS (FAWE)","og_description":"Programmes Together for a Better Tomorrow We are a pan-African nonprofit committed to advancing girls\u2019 education, empowering women, and building stronger communities across\u00a0the\u00a0continent. Imarisha Msichana programme Imarisha Msichana is a two-year program in partnership with Mastercard Foundation to address teen pregnancy and advocate for the re-entry of girls back to school during and after COVID-19 [&hellip;]","og_url":"https:\/\/fawe.org\/fr\/imarisha-msichana-program\/","og_site_name":"FORUM FOR AFRICAN WOMEN EDUCATIONALISTS (FAWE)","article_publisher":"https:\/\/www.facebook.com\/Forum.for.African.Women.Educationalists","article_modified_time":"2025-09-16T14:11:22+00:00","og_image":[{"width":1600,"height":1066,"url":"https:\/\/fawe.org\/wp-content\/uploads\/2025\/07\/511197692_1117918787032068_1548540696703686237_n.jpg","type":"image\/jpeg"}],"twitter_card":"summary_large_image","twitter_site":"@FAWEAfrica","twitter_misc":{"Dur\u00e9e de lecture estim\u00e9e":"3 minutes"},"schema":{"@context":"https:\/\/schema.org","@graph":[{"@type":"WebPage","@id":"https:\/\/fawe.org\/en\/imarisha-msichana-program\/","url":"https:\/\/fawe.org\/en\/imarisha-msichana-program\/","name":"PROGRAMME IMARISHA MSICHANA - FORUM DES \u00c9DUCATRICES AFRICAINES (FAWE)","isPartOf":{"@id":"http:\/\/fawe.org\/en\/#website"},"datePublished":"2025-04-06T14:05:48+00:00","dateModified":"2025-09-16T14:11:22+00:00","breadcrumb":{"@id":"https:\/\/fawe.org\/en\/imarisha-msichana-program\/#breadcrumb"},"inLanguage":"fr-FR","potentialAction":[{"@type":"ReadAction","target":["https:\/\/fawe.org\/en\/imarisha-msichana-program\/"]}]},{"@type":"BreadcrumbList","@id":"https:\/\/fawe.org\/en\/imarisha-msichana-program\/#breadcrumb","itemListElement":[{"@type":"ListItem","position":1,"name":"Home","item":"http:\/\/fawe.org\/en\/"},{"@type":"ListItem","position":2,"name":"IMARISHA MSICHANA PROGRAM\u00a0"}]},{"@type":"WebSite","@id":"http:\/\/fawe.org\/en\/#website","url":"http:\/\/fawe.org\/en\/","name":"FORUM DES \u00c9DUCATRICES AFRICAINES (FAWE)","description":"L'\u00e9ducation au changement","publisher":{"@id":"http:\/\/fawe.org\/en\/#organization"},"alternateName":"FAWE RS","potentialAction":[{"@type":"SearchAction","target":{"@type":"EntryPoint","urlTemplate":"http:\/\/fawe.org\/en\/?s={search_term_string}"},"query-input":{"@type":"PropertyValueSpecification","valueRequired":true,"valueName":"search_term_string"}}],"inLanguage":"fr-FR"},{"@type":"Organization","@id":"http:\/\/fawe.org\/en\/#organization","name":"FORUM DES \u00c9DUCATRICES AFRICAINES (FAWE)","url":"http:\/\/fawe.org\/en\/","logo":{"@type":"ImageObject","inLanguage":"fr-FR","@id":"http:\/\/fawe.org\/en\/#\/schema\/logo\/image\/","url":"https:\/\/fawe.org\/wp-content\/uploads\/2025\/02\/FAWE-FINAL-PRIMARY-LOGO-1-Photoroom.png","contentUrl":"https:\/\/fawe.org\/wp-content\/uploads\/2025\/02\/FAWE-FINAL-PRIMARY-LOGO-1-Photoroom.png","width":1280,"height":510,"caption":"FORUM FOR AFRICAN WOMEN EDUCATIONALISTS (FAWE)"},"image":{"@id":"http:\/\/fawe.org\/en\/#\/schema\/logo\/image\/"},"sameAs":["https:\/\/www.facebook.com\/Forum.for.African.Women.Educationalists","https:\/\/x.com\/FAWEAfrica","https:\/\/www.instagram.com\/fawe_africa\/","https:\/\/www.linkedin.com\/company\/fawe-africa\/","https:\/\/www.youtube.com\/@FAWEAfrica"]}]}},"_links":{"self":[{"href":"https:\/\/fawe.org\/fr\/wp-json\/wp\/v2\/pages\/61308","targetHints":{"allow":["GET"]}}],"collection":[{"href":"https:\/\/fawe.org\/fr\/wp-json\/wp\/v2\/pages"}],"about":[{"href":"https:\/\/fawe.org\/fr\/wp-json\/wp\/v2\/types\/page"}],"author":[{"embeddable":true,"href":"https:\/\/fawe.org\/fr\/wp-json\/wp\/v2\/users\/1"}],"replies":[{"embeddable":true,"href":"https:\/\/fawe.org\/fr\/wp-json\/wp\/v2\/comments?post=61308"}],"version-history":[{"count":0,"href":"https:\/\/fawe.org\/fr\/wp-json\/wp\/v2\/pages\/61308\/revisions"}],"wp:attachment":[{"href":"https:\/\/fawe.org\/fr\/wp-json\/wp\/v2\/media?parent=61308"}],"curies":[{"name":"wp","href":"https:\/\/api.w.org\/{rel}","templated":true}]}}