{"id":60926,"date":"2025-02-27T09:59:33","date_gmt":"2025-02-27T09:59:33","guid":{"rendered":"https:\/\/fawe.robilworld.co.ke\/?page_id=60926"},"modified":"2025-11-19T10:14:19","modified_gmt":"2025-11-19T07:14:19","slug":"our-partners","status":"publish","type":"page","link":"https:\/\/fawe.org\/fr\/our-partners\/","title":{"rendered":"Nos partenaires"},"content":{"rendered":"<div data-elementor-type=\"wp-page\" data-elementor-id=\"60926\" class=\"elementor elementor-60926\" data-elementor-post-type=\"page\">\n\t\t\t\t<div class=\"elementor-element elementor-element-1c333dae e-flex e-con-boxed e-con e-parent\" data-id=\"1c333dae\" data-element_type=\"container\" data-e-type=\"container\" data-settings=\"{&quot;background_background&quot;:&quot;classic&quot;}\">\n\t\t\t\t\t<div class=\"e-con-inner\">\n\t\t<div class=\"elementor-element elementor-element-6765d3a0 e-con-full e-flex e-con e-child\" data-id=\"6765d3a0\" data-element_type=\"container\" data-e-type=\"container\">\n\t\t\t\t<div class=\"elementor-element elementor-element-287e3a39 elementor-align-left animated-slow elementor-invisible elementor-widget elementor-widget-elementskit-button\" data-id=\"287e3a39\" data-element_type=\"widget\" data-e-type=\"widget\" data-settings=\"{&quot;_animation&quot;:&quot;fadeInUp&quot;}\" data-widget_type=\"elementskit-button.default\">\n\t\t\t\t<div class=\"elementor-widget-container\">\n\t\t\t\t\t<div class=\"ekit-wid-con\" >\t\t<div class=\"ekit-btn-wraper\">\n\t\t\t\t\t\t\t<a href=\"#\" class=\"elementskit-btn  whitespace--normal\" id=\"\">\n\t\t\t\t\tA propos de nous\t\t\t\t<\/a>\n\t\t\t\t\t<\/div>\n        <\/div>\t\t\t\t<\/div>\n\t\t\t\t<\/div>\n\t\t\t\t<div class=\"elementor-element elementor-element-2fc50886 elementor-widget__width-initial animated-slow elementor-invisible elementor-widget elementor-widget-heading\" data-id=\"2fc50886\" data-element_type=\"widget\" data-e-type=\"widget\" data-settings=\"{&quot;_animation&quot;:&quot;fadeInUp&quot;}\" data-widget_type=\"heading.default\">\n\t\t\t\t<div class=\"elementor-widget-container\">\n\t\t\t\t\t<h2 class=\"elementor-heading-title elementor-size-default\">Nos partenaires<\/h2>\t\t\t\t<\/div>\n\t\t\t\t<\/div>\n\t\t\t\t<\/div>\n\t\t<div class=\"elementor-element elementor-element-6ebf4bf6 e-con-full e-flex e-con e-child\" data-id=\"6ebf4bf6\" data-element_type=\"container\" data-e-type=\"container\">\n\t\t\t\t<div class=\"elementor-element elementor-element-68f0d573 elementor-widget__width-initial animated-slow elementor-invisible elementor-widget elementor-widget-text-editor\" data-id=\"68f0d573\" data-element_type=\"widget\" data-e-type=\"widget\" data-settings=\"{&quot;_animation&quot;:&quot;fadeInUp&quot;,&quot;_animation_delay&quot;:100}\" data-widget_type=\"text-editor.default\">\n\t\t\t\t<div class=\"elementor-widget-container\">\n\t\t\t\t\t\t\t\t\t<p>En tant qu'organisation associative, nous croyons fermement au travail en partenariat pour une durabilit\u00e9 \u00e0 long terme et un apprentissage commun continu. Nous nous engageons fermement \u00e0 promouvoir les partenariats en consolidant notre r\u00f4le de rassembleur des organisations travaillant \u00e0 la promotion de l'\u00e9ducation des filles afin de favoriser les synergies et de rassembler l'autorit\u00e9 n\u00e9cessaire pour s'engager efficacement aupr\u00e8s des gouvernements.<\/p>\t\t\t\t\t\t\t\t<\/div>\n\t\t\t\t<\/div>\n\t\t\t\t<\/div>\n\t\t\t\t\t<\/div>\n\t\t\t\t<\/div>\n\t\t<div class=\"elementor-element elementor-element-5d04761d e-flex e-con-boxed e-con e-parent\" data-id=\"5d04761d\" data-element_type=\"container\" data-e-type=\"container\" data-settings=\"{&quot;background_background&quot;:&quot;classic&quot;}\">\n\t\t\t\t\t<div class=\"e-con-inner\">\n\t\t\t\t<div class=\"elementor-element elementor-element-3efe97f elementor-widget__width-initial animated-slow elementor-invisible elementor-widget elementor-widget-heading\" data-id=\"3efe97f\" data-element_type=\"widget\" data-e-type=\"widget\" data-settings=\"{&quot;_animation&quot;:&quot;fadeInUp&quot;}\" data-widget_type=\"heading.default\">\n\t\t\t\t<div class=\"elementor-widget-container\">\n\t\t\t\t\t<h2 class=\"elementor-heading-title elementor-size-default\">Partenaires financiers<\/h2>\t\t\t\t<\/div>\n\t\t\t\t<\/div>\n\t\t\t\t\t<\/div>\n\t\t\t\t<\/div>\n\t\t<div class=\"elementor-element elementor-element-44780fe e-grid e-con-boxed e-con e-parent\" data-id=\"44780fe\" data-element_type=\"container\" data-e-type=\"container\">\n\t\t\t\t\t<div class=\"e-con-inner\">\n\t\t\t\t<div class=\"elementor-element elementor-element-d93be7b elementor-widget elementor-widget-image\" data-id=\"d93be7b\" data-element_type=\"widget\" data-e-type=\"widget\" data-widget_type=\"image.default\">\n\t\t\t\t<div class=\"elementor-widget-container\">\n\t\t\t\t\t\t\t\t\t\t\t\t\t\t\t<img decoding=\"async\" width=\"200\" height=\"200\" src=\"https:\/\/fawe.org\/wp-content\/uploads\/2025\/09\/acer.png\" class=\"attachment-large size-large wp-image-66168\" alt=\"\" srcset=\"https:\/\/fawe.org\/wp-content\/uploads\/2025\/09\/acer.png 200w, https:\/\/fawe.org\/wp-content\/uploads\/2025\/09\/acer-150x150.png 150w, https:\/\/fawe.org\/wp-content\/uploads\/2025\/09\/acer-12x12.png 12w\" sizes=\"(max-width: 200px) 100vw, 200px\" \/>\t\t\t\t\t\t\t\t\t\t\t\t\t\t\t<\/div>\n\t\t\t\t<\/div>\n\t\t\t\t<div class=\"elementor-element elementor-element-855de0d elementor-widget elementor-widget-image\" data-id=\"855de0d\" data-element_type=\"widget\" data-e-type=\"widget\" data-widget_type=\"image.default\">\n\t\t\t\t<div class=\"elementor-widget-container\">\n\t\t\t\t\t\t\t\t\t\t\t\t\t\t\t<img decoding=\"async\" width=\"200\" height=\"200\" src=\"https:\/\/fawe.org\/wp-content\/uploads\/2025\/09\/hers-ea.png\" class=\"attachment-large size-large wp-image-66167\" alt=\"\" srcset=\"https:\/\/fawe.org\/wp-content\/uploads\/2025\/09\/hers-ea.png 200w, https:\/\/fawe.org\/wp-content\/uploads\/2025\/09\/hers-ea-150x150.png 150w, https:\/\/fawe.org\/wp-content\/uploads\/2025\/09\/hers-ea-12x12.png 12w\" sizes=\"(max-width: 200px) 100vw, 200px\" \/>\t\t\t\t\t\t\t\t\t\t\t\t\t\t\t<\/div>\n\t\t\t\t<\/div>\n\t\t\t\t<div class=\"elementor-element elementor-element-215faa5 elementor-widget elementor-widget-image\" data-id=\"215faa5\" data-element_type=\"widget\" data-e-type=\"widget\" data-widget_type=\"image.default\">\n\t\t\t\t<div class=\"elementor-widget-container\">\n\t\t\t\t\t\t\t\t\t\t\t\t\t\t\t<img decoding=\"async\" width=\"200\" height=\"200\" src=\"https:\/\/fawe.org\/wp-content\/uploads\/2025\/09\/idrc.png\" class=\"attachment-large size-large wp-image-66166\" alt=\"\" srcset=\"https:\/\/fawe.org\/wp-content\/uploads\/2025\/09\/idrc.png 200w, https:\/\/fawe.org\/wp-content\/uploads\/2025\/09\/idrc-150x150.png 150w, https:\/\/fawe.org\/wp-content\/uploads\/2025\/09\/idrc-12x12.png 12w\" sizes=\"(max-width: 200px) 100vw, 200px\" \/>\t\t\t\t\t\t\t\t\t\t\t\t\t\t\t<\/div>\n\t\t\t\t<\/div>\n\t\t\t\t<div class=\"elementor-element elementor-element-460360c elementor-widget elementor-widget-image\" data-id=\"460360c\" data-element_type=\"widget\" data-e-type=\"widget\" data-widget_type=\"image.default\">\n\t\t\t\t<div class=\"elementor-widget-container\">\n\t\t\t\t\t\t\t\t\t\t\t\t\t\t\t<img loading=\"lazy\" decoding=\"async\" width=\"200\" height=\"200\" src=\"https:\/\/fawe.org\/wp-content\/uploads\/2025\/09\/gpekix.png\" class=\"attachment-large size-large wp-image-66165\" alt=\"\" srcset=\"https:\/\/fawe.org\/wp-content\/uploads\/2025\/09\/gpekix.png 200w, https:\/\/fawe.org\/wp-content\/uploads\/2025\/09\/gpekix-150x150.png 150w, https:\/\/fawe.org\/wp-content\/uploads\/2025\/09\/gpekix-12x12.png 12w\" sizes=\"(max-width: 200px) 100vw, 200px\" \/>\t\t\t\t\t\t\t\t\t\t\t\t\t\t\t<\/div>\n\t\t\t\t<\/div>\n\t\t\t\t<div class=\"elementor-element elementor-element-368d54b elementor-widget elementor-widget-image\" data-id=\"368d54b\" data-element_type=\"widget\" data-e-type=\"widget\" data-widget_type=\"image.default\">\n\t\t\t\t<div class=\"elementor-widget-container\">\n\t\t\t\t\t\t\t\t\t\t\t\t\t\t\t<img loading=\"lazy\" decoding=\"async\" width=\"200\" height=\"200\" src=\"https:\/\/fawe.org\/wp-content\/uploads\/2025\/09\/together-for-girsl.png\" class=\"attachment-large size-large wp-image-66164\" alt=\"\" srcset=\"https:\/\/fawe.org\/wp-content\/uploads\/2025\/09\/together-for-girsl.png 200w, https:\/\/fawe.org\/wp-content\/uploads\/2025\/09\/together-for-girsl-150x150.png 150w, https:\/\/fawe.org\/wp-content\/uploads\/2025\/09\/together-for-girsl-12x12.png 12w\" sizes=\"(max-width: 200px) 100vw, 200px\" \/>\t\t\t\t\t\t\t\t\t\t\t\t\t\t\t<\/div>\n\t\t\t\t<\/div>\n\t\t\t\t<div class=\"elementor-element elementor-element-f46199c elementor-widget elementor-widget-image\" data-id=\"f46199c\" data-element_type=\"widget\" data-e-type=\"widget\" data-widget_type=\"image.default\">\n\t\t\t\t<div class=\"elementor-widget-container\">\n\t\t\t\t\t\t\t\t\t\t\t\t\t\t\t<img loading=\"lazy\" decoding=\"async\" width=\"200\" height=\"200\" src=\"https:\/\/fawe.org\/wp-content\/uploads\/2025\/09\/canada.png\" class=\"attachment-large size-large wp-image-66163\" alt=\"\" srcset=\"https:\/\/fawe.org\/wp-content\/uploads\/2025\/09\/canada.png 200w, https:\/\/fawe.org\/wp-content\/uploads\/2025\/09\/canada-150x150.png 150w, https:\/\/fawe.org\/wp-content\/uploads\/2025\/09\/canada-12x12.png 12w\" sizes=\"(max-width: 200px) 100vw, 200px\" \/>\t\t\t\t\t\t\t\t\t\t\t\t\t\t\t<\/div>\n\t\t\t\t<\/div>\n\t\t\t\t<div class=\"elementor-element elementor-element-a60b51d elementor-widget elementor-widget-image\" data-id=\"a60b51d\" data-element_type=\"widget\" data-e-type=\"widget\" data-widget_type=\"image.default\">\n\t\t\t\t<div class=\"elementor-widget-container\">\n\t\t\t\t\t\t\t\t\t\t\t\t\t\t\t<img loading=\"lazy\" decoding=\"async\" width=\"200\" height=\"200\" src=\"https:\/\/fawe.org\/wp-content\/uploads\/2025\/09\/usaid.png\" class=\"attachment-large size-large wp-image-66162\" alt=\"\" srcset=\"https:\/\/fawe.org\/wp-content\/uploads\/2025\/09\/usaid.png 200w, https:\/\/fawe.org\/wp-content\/uploads\/2025\/09\/usaid-150x150.png 150w, https:\/\/fawe.org\/wp-content\/uploads\/2025\/09\/usaid-12x12.png 12w\" sizes=\"(max-width: 200px) 100vw, 200px\" \/>\t\t\t\t\t\t\t\t\t\t\t\t\t\t\t<\/div>\n\t\t\t\t<\/div>\n\t\t\t\t<div class=\"elementor-element elementor-element-5b7a113 elementor-widget elementor-widget-image\" data-id=\"5b7a113\" data-element_type=\"widget\" data-e-type=\"widget\" data-widget_type=\"image.default\">\n\t\t\t\t<div class=\"elementor-widget-container\">\n\t\t\t\t\t\t\t\t\t\t\t\t\t\t\t<img loading=\"lazy\" decoding=\"async\" width=\"200\" height=\"200\" src=\"https:\/\/fawe.org\/wp-content\/uploads\/2025\/09\/agha-khan.png\" class=\"attachment-large size-large wp-image-66161\" alt=\"\" srcset=\"https:\/\/fawe.org\/wp-content\/uploads\/2025\/09\/agha-khan.png 200w, https:\/\/fawe.org\/wp-content\/uploads\/2025\/09\/agha-khan-150x150.png 150w, https:\/\/fawe.org\/wp-content\/uploads\/2025\/09\/agha-khan-12x12.png 12w\" sizes=\"(max-width: 200px) 100vw, 200px\" \/>\t\t\t\t\t\t\t\t\t\t\t\t\t\t\t<\/div>\n\t\t\t\t<\/div>\n\t\t\t\t<div class=\"elementor-element elementor-element-fb966fd elementor-widget elementor-widget-image\" data-id=\"fb966fd\" data-element_type=\"widget\" data-e-type=\"widget\" data-widget_type=\"image.default\">\n\t\t\t\t<div class=\"elementor-widget-container\">\n\t\t\t\t\t\t\t\t\t\t\t\t\t\t\t<img loading=\"lazy\" decoding=\"async\" width=\"200\" height=\"200\" src=\"https:\/\/fawe.org\/wp-content\/uploads\/2025\/09\/netherlands.png\" class=\"attachment-large size-large wp-image-66160\" alt=\"\" srcset=\"https:\/\/fawe.org\/wp-content\/uploads\/2025\/09\/netherlands.png 200w, https:\/\/fawe.org\/wp-content\/uploads\/2025\/09\/netherlands-150x150.png 150w, https:\/\/fawe.org\/wp-content\/uploads\/2025\/09\/netherlands-12x12.png 12w\" sizes=\"(max-width: 200px) 100vw, 200px\" \/>\t\t\t\t\t\t\t\t\t\t\t\t\t\t\t<\/div>\n\t\t\t\t<\/div>\n\t\t\t\t<div class=\"elementor-element elementor-element-f5e98ec elementor-widget elementor-widget-image\" data-id=\"f5e98ec\" data-element_type=\"widget\" data-e-type=\"widget\" data-widget_type=\"image.default\">\n\t\t\t\t<div class=\"elementor-widget-container\">\n\t\t\t\t\t\t\t\t\t\t\t\t\t\t\t<img loading=\"lazy\" decoding=\"async\" width=\"200\" height=\"200\" src=\"https:\/\/fawe.org\/wp-content\/uploads\/2025\/09\/wellspring.png\" class=\"attachment-large size-large wp-image-66159\" alt=\"\" srcset=\"https:\/\/fawe.org\/wp-content\/uploads\/2025\/09\/wellspring.png 200w, https:\/\/fawe.org\/wp-content\/uploads\/2025\/09\/wellspring-150x150.png 150w, https:\/\/fawe.org\/wp-content\/uploads\/2025\/09\/wellspring-12x12.png 12w\" sizes=\"(max-width: 200px) 100vw, 200px\" \/>\t\t\t\t\t\t\t\t\t\t\t\t\t\t\t<\/div>\n\t\t\t\t<\/div>\n\t\t\t\t<div class=\"elementor-element elementor-element-60a54c9 elementor-widget elementor-widget-image\" data-id=\"60a54c9\" data-element_type=\"widget\" data-e-type=\"widget\" data-widget_type=\"image.default\">\n\t\t\t\t<div class=\"elementor-widget-container\">\n\t\t\t\t\t\t\t\t\t\t\t\t\t\t\t<img loading=\"lazy\" decoding=\"async\" width=\"200\" height=\"200\" src=\"https:\/\/fawe.org\/wp-content\/uploads\/2025\/09\/french-embasy.png\" class=\"attachment-large size-large wp-image-66158\" alt=\"\" srcset=\"https:\/\/fawe.org\/wp-content\/uploads\/2025\/09\/french-embasy.png 200w, https:\/\/fawe.org\/wp-content\/uploads\/2025\/09\/french-embasy-150x150.png 150w, https:\/\/fawe.org\/wp-content\/uploads\/2025\/09\/french-embasy-12x12.png 12w\" sizes=\"(max-width: 200px) 100vw, 200px\" \/>\t\t\t\t\t\t\t\t\t\t\t\t\t\t\t<\/div>\n\t\t\t\t<\/div>\n\t\t\t\t<div class=\"elementor-element elementor-element-128d345 elementor-widget elementor-widget-image\" data-id=\"128d345\" data-element_type=\"widget\" data-e-type=\"widget\" data-widget_type=\"image.default\">\n\t\t\t\t<div class=\"elementor-widget-container\">\n\t\t\t\t\t\t\t\t\t\t\t\t\t\t\t<img loading=\"lazy\" decoding=\"async\" width=\"200\" height=\"200\" src=\"https:\/\/fawe.org\/wp-content\/uploads\/2025\/09\/gates-foundation.png\" class=\"attachment-large size-large wp-image-66156\" alt=\"\" srcset=\"https:\/\/fawe.org\/wp-content\/uploads\/2025\/09\/gates-foundation.png 200w, https:\/\/fawe.org\/wp-content\/uploads\/2025\/09\/gates-foundation-150x150.png 150w, https:\/\/fawe.org\/wp-content\/uploads\/2025\/09\/gates-foundation-12x12.png 12w\" sizes=\"(max-width: 200px) 100vw, 200px\" \/>\t\t\t\t\t\t\t\t\t\t\t\t\t\t\t<\/div>\n\t\t\t\t<\/div>\n\t\t\t\t<div class=\"elementor-element elementor-element-00a386d elementor-widget elementor-widget-image\" data-id=\"00a386d\" data-element_type=\"widget\" data-e-type=\"widget\" data-widget_type=\"image.default\">\n\t\t\t\t<div class=\"elementor-widget-container\">\n\t\t\t\t\t\t\t\t\t\t\t\t\t\t\t<img loading=\"lazy\" decoding=\"async\" width=\"200\" height=\"200\" src=\"https:\/\/fawe.org\/wp-content\/uploads\/2025\/09\/malala-fund.png\" class=\"attachment-large size-large wp-image-66157\" alt=\"\" srcset=\"https:\/\/fawe.org\/wp-content\/uploads\/2025\/09\/malala-fund.png 200w, https:\/\/fawe.org\/wp-content\/uploads\/2025\/09\/malala-fund-150x150.png 150w, https:\/\/fawe.org\/wp-content\/uploads\/2025\/09\/malala-fund-12x12.png 12w\" sizes=\"(max-width: 200px) 100vw, 200px\" \/>\t\t\t\t\t\t\t\t\t\t\t\t\t\t\t<\/div>\n\t\t\t\t<\/div>\n\t\t\t\t<div class=\"elementor-element elementor-element-9cb5a35 elementor-widget elementor-widget-image\" data-id=\"9cb5a35\" data-element_type=\"widget\" data-e-type=\"widget\" data-widget_type=\"image.default\">\n\t\t\t\t<div class=\"elementor-widget-container\">\n\t\t\t\t\t\t\t\t\t\t\t\t\t\t\t<img loading=\"lazy\" decoding=\"async\" width=\"200\" height=\"200\" src=\"https:\/\/fawe.org\/wp-content\/uploads\/2025\/09\/international-idea.png\" class=\"attachment-large size-large wp-image-66155\" alt=\"\" srcset=\"https:\/\/fawe.org\/wp-content\/uploads\/2025\/09\/international-idea.png 200w, https:\/\/fawe.org\/wp-content\/uploads\/2025\/09\/international-idea-150x150.png 150w, https:\/\/fawe.org\/wp-content\/uploads\/2025\/09\/international-idea-12x12.png 12w\" sizes=\"(max-width: 200px) 100vw, 200px\" \/>\t\t\t\t\t\t\t\t\t\t\t\t\t\t\t<\/div>\n\t\t\t\t<\/div>\n\t\t\t\t<div class=\"elementor-element elementor-element-181bfbe elementor-widget elementor-widget-image\" data-id=\"181bfbe\" data-element_type=\"widget\" data-e-type=\"widget\" data-widget_type=\"image.default\">\n\t\t\t\t<div class=\"elementor-widget-container\">\n\t\t\t\t\t\t\t\t\t\t\t\t\t\t\t<img loading=\"lazy\" decoding=\"async\" width=\"200\" height=\"200\" src=\"https:\/\/fawe.org\/wp-content\/uploads\/2025\/09\/mastercard.png\" class=\"attachment-large size-large wp-image-66169\" alt=\"\" srcset=\"https:\/\/fawe.org\/wp-content\/uploads\/2025\/09\/mastercard.png 200w, https:\/\/fawe.org\/wp-content\/uploads\/2025\/09\/mastercard-150x150.png 150w, https:\/\/fawe.org\/wp-content\/uploads\/2025\/09\/mastercard-12x12.png 12w\" sizes=\"(max-width: 200px) 100vw, 200px\" \/>\t\t\t\t\t\t\t\t\t\t\t\t\t\t\t<\/div>\n\t\t\t\t<\/div>\n\t\t\t\t\t<\/div>\n\t\t\t\t<\/div>\n\t\t\t\t<\/div>","protected":false},"excerpt":{"rendered":"<p>About us Our Partners As a membership organisation, we strongly believe in working through partnerships for long-term sustainability and continuous shared learning. We are strongly committed to promote partnerships as we consolidate our role of convening the organizations working in promotion of girls\u2019 education in order to foster synergy and muster the authority to effectively [&hellip;]<\/p>\n","protected":false},"author":1,"featured_media":0,"parent":0,"menu_order":0,"comment_status":"closed","ping_status":"closed","template":"","meta":{"footnotes":""},"class_list":["post-60926","page","type-page","status-publish","hentry"],"yoast_head":"<!-- This site is optimized with the Yoast SEO plugin v27.1.1 - https:\/\/yoast.com\/product\/yoast-seo-wordpress\/ -->\n<title>Our Partners - FORUM FOR AFRICAN WOMEN EDUCATIONALISTS (FAWE)<\/title>\n<meta name=\"robots\" content=\"index, follow, max-snippet:-1, max-image-preview:large, max-video-preview:-1\" \/>\n<link rel=\"canonical\" href=\"http:\/\/fawe.org\/fr\/our-partners\/\" \/>\n<meta property=\"og:locale\" content=\"fr_FR\" \/>\n<meta property=\"og:type\" content=\"article\" \/>\n<meta property=\"og:title\" content=\"Our Partners - FORUM FOR AFRICAN WOMEN EDUCATIONALISTS (FAWE)\" \/>\n<meta property=\"og:description\" content=\"About us Our Partners As a membership organisation, we strongly believe in working through partnerships for long-term sustainability and continuous shared learning. We are strongly committed to promote partnerships as we consolidate our role of convening the organizations working in promotion of girls\u2019 education in order to foster synergy and muster the authority to effectively [&hellip;]\" \/>\n<meta property=\"og:url\" content=\"http:\/\/fawe.org\/fr\/our-partners\/\" \/>\n<meta property=\"og:site_name\" content=\"FORUM FOR AFRICAN WOMEN EDUCATIONALISTS (FAWE)\" \/>\n<meta property=\"article:publisher\" content=\"https:\/\/www.facebook.com\/Forum.for.African.Women.Educationalists\" \/>\n<meta property=\"article:modified_time\" content=\"2025-11-19T07:14:19+00:00\" \/>\n<meta property=\"og:image\" content=\"https:\/\/fawe.org\/wp-content\/uploads\/2025\/09\/acer.png\" \/>\n<meta name=\"twitter:card\" content=\"summary_large_image\" \/>\n<meta name=\"twitter:site\" content=\"@FAWEAfrica\" \/>\n<script type=\"application\/ld+json\" class=\"yoast-schema-graph\">{\"@context\":\"https:\/\/schema.org\",\"@graph\":[{\"@type\":\"WebPage\",\"@id\":\"http:\/\/fawe.org\/en\/our-partners\/\",\"url\":\"http:\/\/fawe.org\/en\/our-partners\/\",\"name\":\"Our Partners - FORUM FOR AFRICAN WOMEN EDUCATIONALISTS (FAWE)\",\"isPartOf\":{\"@id\":\"http:\/\/fawe.org\/en\/#website\"},\"primaryImageOfPage\":{\"@id\":\"http:\/\/fawe.org\/en\/our-partners\/#primaryimage\"},\"image\":{\"@id\":\"http:\/\/fawe.org\/en\/our-partners\/#primaryimage\"},\"thumbnailUrl\":\"https:\/\/fawe.org\/wp-content\/uploads\/2025\/09\/acer.png\",\"datePublished\":\"2025-02-27T09:59:33+00:00\",\"dateModified\":\"2025-11-19T07:14:19+00:00\",\"breadcrumb\":{\"@id\":\"http:\/\/fawe.org\/en\/our-partners\/#breadcrumb\"},\"inLanguage\":\"fr-FR\",\"potentialAction\":[{\"@type\":\"ReadAction\",\"target\":[\"http:\/\/fawe.org\/en\/our-partners\/\"]}]},{\"@type\":\"ImageObject\",\"inLanguage\":\"fr-FR\",\"@id\":\"http:\/\/fawe.org\/en\/our-partners\/#primaryimage\",\"url\":\"https:\/\/fawe.org\/wp-content\/uploads\/2025\/09\/acer.png\",\"contentUrl\":\"https:\/\/fawe.org\/wp-content\/uploads\/2025\/09\/acer.png\"},{\"@type\":\"BreadcrumbList\",\"@id\":\"http:\/\/fawe.org\/en\/our-partners\/#breadcrumb\",\"itemListElement\":[{\"@type\":\"ListItem\",\"position\":1,\"name\":\"Home\",\"item\":\"http:\/\/fawe.org\/en\/\"},{\"@type\":\"ListItem\",\"position\":2,\"name\":\"Our Partners\"}]},{\"@type\":\"WebSite\",\"@id\":\"http:\/\/fawe.org\/en\/#website\",\"url\":\"http:\/\/fawe.org\/en\/\",\"name\":\"FORUM FOR AFRICAN WOMEN EDUCATIONALISTS (FAWE)\",\"description\":\"Education for Change\",\"publisher\":{\"@id\":\"http:\/\/fawe.org\/en\/#organization\"},\"alternateName\":\"FAWE RS\",\"potentialAction\":[{\"@type\":\"SearchAction\",\"target\":{\"@type\":\"EntryPoint\",\"urlTemplate\":\"http:\/\/fawe.org\/en\/?s={search_term_string}\"},\"query-input\":{\"@type\":\"PropertyValueSpecification\",\"valueRequired\":true,\"valueName\":\"search_term_string\"}}],\"inLanguage\":\"fr-FR\"},{\"@type\":\"Organization\",\"@id\":\"http:\/\/fawe.org\/en\/#organization\",\"name\":\"FORUM FOR AFRICAN WOMEN EDUCATIONALISTS (FAWE)\",\"url\":\"http:\/\/fawe.org\/en\/\",\"logo\":{\"@type\":\"ImageObject\",\"inLanguage\":\"fr-FR\",\"@id\":\"http:\/\/fawe.org\/en\/#\/schema\/logo\/image\/\",\"url\":\"https:\/\/fawe.org\/wp-content\/uploads\/2025\/02\/FAWE-FINAL-PRIMARY-LOGO-1-Photoroom.png\",\"contentUrl\":\"https:\/\/fawe.org\/wp-content\/uploads\/2025\/02\/FAWE-FINAL-PRIMARY-LOGO-1-Photoroom.png\",\"width\":1280,\"height\":510,\"caption\":\"FORUM FOR AFRICAN WOMEN EDUCATIONALISTS (FAWE)\"},\"image\":{\"@id\":\"http:\/\/fawe.org\/en\/#\/schema\/logo\/image\/\"},\"sameAs\":[\"https:\/\/www.facebook.com\/Forum.for.African.Women.Educationalists\",\"https:\/\/x.com\/FAWEAfrica\",\"https:\/\/www.instagram.com\/fawe_africa\/\",\"https:\/\/www.linkedin.com\/company\/fawe-africa\/\",\"https:\/\/www.youtube.com\/@FAWEAfrica\"]}]}<\/script>\n<!-- \/ Yoast SEO plugin. -->","yoast_head_json":{"title":"Nos partenaires - FORUM POUR LES FEMMES AFRICAINES \u00c9DUCATIVES (FAWE)","robots":{"index":"index","follow":"follow","max-snippet":"max-snippet:-1","max-image-preview":"max-image-preview:large","max-video-preview":"max-video-preview:-1"},"canonical":"http:\/\/fawe.org\/fr\/our-partners\/","og_locale":"fr_FR","og_type":"article","og_title":"Our Partners - FORUM FOR AFRICAN WOMEN EDUCATIONALISTS (FAWE)","og_description":"About us Our Partners As a membership organisation, we strongly believe in working through partnerships for long-term sustainability and continuous shared learning. We are strongly committed to promote partnerships as we consolidate our role of convening the organizations working in promotion of girls\u2019 education in order to foster synergy and muster the authority to effectively [&hellip;]","og_url":"http:\/\/fawe.org\/fr\/our-partners\/","og_site_name":"FORUM FOR AFRICAN WOMEN EDUCATIONALISTS (FAWE)","article_publisher":"https:\/\/www.facebook.com\/Forum.for.African.Women.Educationalists","article_modified_time":"2025-11-19T07:14:19+00:00","og_image":[{"url":"https:\/\/fawe.org\/wp-content\/uploads\/2025\/09\/acer.png","type":"","width":"","height":""}],"twitter_card":"summary_large_image","twitter_site":"@FAWEAfrica","schema":{"@context":"https:\/\/schema.org","@graph":[{"@type":"WebPage","@id":"http:\/\/fawe.org\/en\/our-partners\/","url":"http:\/\/fawe.org\/en\/our-partners\/","name":"Nos partenaires - FORUM POUR LES FEMMES AFRICAINES \u00c9DUCATIVES (FAWE)","isPartOf":{"@id":"http:\/\/fawe.org\/en\/#website"},"primaryImageOfPage":{"@id":"http:\/\/fawe.org\/en\/our-partners\/#primaryimage"},"image":{"@id":"http:\/\/fawe.org\/en\/our-partners\/#primaryimage"},"thumbnailUrl":"https:\/\/fawe.org\/wp-content\/uploads\/2025\/09\/acer.png","datePublished":"2025-02-27T09:59:33+00:00","dateModified":"2025-11-19T07:14:19+00:00","breadcrumb":{"@id":"http:\/\/fawe.org\/en\/our-partners\/#breadcrumb"},"inLanguage":"fr-FR","potentialAction":[{"@type":"ReadAction","target":["http:\/\/fawe.org\/en\/our-partners\/"]}]},{"@type":"ImageObject","inLanguage":"fr-FR","@id":"http:\/\/fawe.org\/en\/our-partners\/#primaryimage","url":"https:\/\/fawe.org\/wp-content\/uploads\/2025\/09\/acer.png","contentUrl":"https:\/\/fawe.org\/wp-content\/uploads\/2025\/09\/acer.png"},{"@type":"BreadcrumbList","@id":"http:\/\/fawe.org\/en\/our-partners\/#breadcrumb","itemListElement":[{"@type":"ListItem","position":1,"name":"Home","item":"http:\/\/fawe.org\/en\/"},{"@type":"ListItem","position":2,"name":"Our Partners"}]},{"@type":"WebSite","@id":"http:\/\/fawe.org\/en\/#website","url":"http:\/\/fawe.org\/en\/","name":"FORUM DES \u00c9DUCATRICES AFRICAINES (FAWE)","description":"L'\u00e9ducation au changement","publisher":{"@id":"http:\/\/fawe.org\/en\/#organization"},"alternateName":"FAWE RS","potentialAction":[{"@type":"SearchAction","target":{"@type":"EntryPoint","urlTemplate":"http:\/\/fawe.org\/en\/?s={search_term_string}"},"query-input":{"@type":"PropertyValueSpecification","valueRequired":true,"valueName":"search_term_string"}}],"inLanguage":"fr-FR"},{"@type":"Organization","@id":"http:\/\/fawe.org\/en\/#organization","name":"FORUM DES \u00c9DUCATRICES AFRICAINES (FAWE)","url":"http:\/\/fawe.org\/en\/","logo":{"@type":"ImageObject","inLanguage":"fr-FR","@id":"http:\/\/fawe.org\/en\/#\/schema\/logo\/image\/","url":"https:\/\/fawe.org\/wp-content\/uploads\/2025\/02\/FAWE-FINAL-PRIMARY-LOGO-1-Photoroom.png","contentUrl":"https:\/\/fawe.org\/wp-content\/uploads\/2025\/02\/FAWE-FINAL-PRIMARY-LOGO-1-Photoroom.png","width":1280,"height":510,"caption":"FORUM FOR AFRICAN WOMEN EDUCATIONALISTS (FAWE)"},"image":{"@id":"http:\/\/fawe.org\/en\/#\/schema\/logo\/image\/"},"sameAs":["https:\/\/www.facebook.com\/Forum.for.African.Women.Educationalists","https:\/\/x.com\/FAWEAfrica","https:\/\/www.instagram.com\/fawe_africa\/","https:\/\/www.linkedin.com\/company\/fawe-africa\/","https:\/\/www.youtube.com\/@FAWEAfrica"]}]}},"_links":{"self":[{"href":"https:\/\/fawe.org\/fr\/wp-json\/wp\/v2\/pages\/60926","targetHints":{"allow":["GET"]}}],"collection":[{"href":"https:\/\/fawe.org\/fr\/wp-json\/wp\/v2\/pages"}],"about":[{"href":"https:\/\/fawe.org\/fr\/wp-json\/wp\/v2\/types\/page"}],"author":[{"embeddable":true,"href":"https:\/\/fawe.org\/fr\/wp-json\/wp\/v2\/users\/1"}],"replies":[{"embeddable":true,"href":"https:\/\/fawe.org\/fr\/wp-json\/wp\/v2\/comments?post=60926"}],"version-history":[{"count":0,"href":"https:\/\/fawe.org\/fr\/wp-json\/wp\/v2\/pages\/60926\/revisions"}],"wp:attachment":[{"href":"https:\/\/fawe.org\/fr\/wp-json\/wp\/v2\/media?parent=60926"}],"curies":[{"name":"wp","href":"https:\/\/api.w.org\/{rel}","templated":true}]}}