{"id":60833,"date":"2025-02-27T03:55:38","date_gmt":"2025-02-27T03:55:38","guid":{"rendered":"https:\/\/fawe.robilworld.co.ke\/?page_id=60833"},"modified":"2025-09-16T17:25:04","modified_gmt":"2025-09-16T14:25:04","slug":"break-free-alliance","status":"publish","type":"page","link":"https:\/\/fawe.org\/fr\/break-free-alliance\/","title":{"rendered":"Lib\u00e9rez-vous ! L'Alliance"},"content":{"rendered":"<div data-elementor-type=\"wp-page\" data-elementor-id=\"60833\" class=\"elementor elementor-60833\" data-elementor-post-type=\"page\">\n\t\t\t\t<div class=\"elementor-element elementor-element-4936939c e-flex e-con-boxed e-con e-parent\" data-id=\"4936939c\" data-element_type=\"container\" data-e-type=\"container\" data-settings=\"{&quot;background_background&quot;:&quot;classic&quot;}\">\n\t\t\t\t\t<div class=\"e-con-inner\">\n\t\t<div class=\"elementor-element elementor-element-68478a8f e-con-full e-flex e-con e-child\" data-id=\"68478a8f\" data-element_type=\"container\" data-e-type=\"container\">\n\t\t\t\t<div class=\"elementor-element elementor-element-16118c40 elementor-align-left animated-slow elementor-invisible elementor-widget elementor-widget-elementskit-button\" data-id=\"16118c40\" data-element_type=\"widget\" data-e-type=\"widget\" data-settings=\"{&quot;_animation&quot;:&quot;fadeInUp&quot;}\" data-widget_type=\"elementskit-button.default\">\n\t\t\t\t<div class=\"elementor-widget-container\">\n\t\t\t\t\t<div class=\"ekit-wid-con\" >\t\t<div class=\"ekit-btn-wraper\">\n\t\t\t\t\t\t\t<a href=\"#\" class=\"elementskit-btn  whitespace--normal\" id=\"\">\n\t\t\t\t\tProgrammes\t\t\t\t<\/a>\n\t\t\t\t\t<\/div>\n        <\/div>\t\t\t\t<\/div>\n\t\t\t\t<\/div>\n\t\t\t\t<div class=\"elementor-element elementor-element-61213d53 elementor-widget__width-initial animated-slow elementor-invisible elementor-widget elementor-widget-heading\" data-id=\"61213d53\" data-element_type=\"widget\" data-e-type=\"widget\" data-settings=\"{&quot;_animation&quot;:&quot;fadeInUp&quot;}\" data-widget_type=\"heading.default\">\n\t\t\t\t<div class=\"elementor-widget-container\">\n\t\t\t\t\t<h2 class=\"elementor-heading-title elementor-size-default\">Ensemble pour un avenir meilleur<\/h2>\t\t\t\t<\/div>\n\t\t\t\t<\/div>\n\t\t\t\t<\/div>\n\t\t<div class=\"elementor-element elementor-element-3cdcb1a4 e-con-full e-flex e-con e-child\" data-id=\"3cdcb1a4\" data-element_type=\"container\" data-e-type=\"container\">\n\t\t\t\t<div class=\"elementor-element elementor-element-51eee15e elementor-widget__width-initial animated-slow elementor-invisible elementor-widget elementor-widget-text-editor\" data-id=\"51eee15e\" data-element_type=\"widget\" data-e-type=\"widget\" data-settings=\"{&quot;_animation&quot;:&quot;fadeInUp&quot;,&quot;_animation_delay&quot;:100}\" data-widget_type=\"text-editor.default\">\n\t\t\t\t<div class=\"elementor-widget-container\">\n\t\t\t\t\t\t\t\t\t<p>Nous sommes une organisation panafricaine \u00e0 but non lucratif qui s'engage \u00e0 faire progresser l'\u00e9ducation des filles, \u00e0 renforcer l'autonomie des femmes et \u00e0 construire des communaut\u00e9s plus fortes sur tout le continent.<\/p>\t\t\t\t\t\t\t\t<\/div>\n\t\t\t\t<\/div>\n\t\t\t\t<\/div>\n\t\t\t\t\t<\/div>\n\t\t\t\t<\/div>\n\t\t<div class=\"elementor-element elementor-element-67911dd8 e-flex e-con-boxed e-con e-parent\" data-id=\"67911dd8\" data-element_type=\"container\" data-e-type=\"container\" data-settings=\"{&quot;background_background&quot;:&quot;classic&quot;}\">\n\t\t\t\t\t<div class=\"e-con-inner\">\n\t\t<div class=\"elementor-element elementor-element-32bf89f8 e-con-full animated-slow e-flex elementor-invisible e-con e-child\" data-id=\"32bf89f8\" data-element_type=\"container\" data-e-type=\"container\" data-settings=\"{&quot;animation&quot;:&quot;fadeIn&quot;,&quot;animation_delay&quot;:100,&quot;background_background&quot;:&quot;classic&quot;}\">\n\t\t\t\t<\/div>\n\t\t<div class=\"elementor-element elementor-element-5433a200 e-con-full e-flex e-con e-child\" data-id=\"5433a200\" data-element_type=\"container\" data-e-type=\"container\">\n\t\t\t\t<div class=\"elementor-element elementor-element-746c7f23 elementor-widget__width-initial animated-slow elementor-invisible elementor-widget elementor-widget-heading\" data-id=\"746c7f23\" data-element_type=\"widget\" data-e-type=\"widget\" data-settings=\"{&quot;_animation&quot;:&quot;fadeInUp&quot;}\" data-widget_type=\"heading.default\">\n\t\t\t\t<div class=\"elementor-widget-container\">\n\t\t\t\t\t<h2 class=\"elementor-heading-title elementor-size-default\">Lib\u00e9rez-vous ! L'Alliance<\/h2>\t\t\t\t<\/div>\n\t\t\t\t<\/div>\n\t\t\t\t<div class=\"elementor-element elementor-element-6a81bccb elementor-widget-divider--view-line elementor-widget elementor-widget-divider\" data-id=\"6a81bccb\" data-element_type=\"widget\" data-e-type=\"widget\" data-widget_type=\"divider.default\">\n\t\t\t\t<div class=\"elementor-widget-container\">\n\t\t\t\t\t\t\t<div class=\"elementor-divider\">\n\t\t\t<span class=\"elementor-divider-separator\">\n\t\t\t\t\t\t<\/span>\n\t\t<\/div>\n\t\t\t\t\t\t<\/div>\n\t\t\t\t<\/div>\n\t\t\t\t<div class=\"elementor-element elementor-element-ddf022e elementor-widget elementor-widget-text-editor\" data-id=\"ddf022e\" data-element_type=\"widget\" data-e-type=\"widget\" data-widget_type=\"text-editor.default\">\n\t\t\t\t<div class=\"elementor-widget-container\">\n\t\t\t\t\t\t\t\t\t<p><strong>Lib\u00e9rez-vous ! - Les jeunes d\u00e9fendent la sant\u00e9 et les droits en mati\u00e8re de sexualit\u00e9 et de procr\u00e9ation<\/strong><\/p><p>La sant\u00e9 et les droits sexuels et reproductifs (SDSR) sont indispensables au bon d\u00e9veloppement des jeunes. Mais de nombreux jeunes doivent trouver leur voie sans disposer des informations et des moyens n\u00e9cessaires. En outre, les filles en particulier sont confront\u00e9es \u00e0 des normes et coutumes sexistes n\u00e9fastes qui les emp\u00eachent d'avoir leur mot \u00e0 dire dans les d\u00e9cisions importantes de leur vie. Le projet\u00a0<em>Lib\u00e9rez-vous !\u00a0<\/em>vise \u00e0 renforcer les droits sexuels et g\u00e9n\u00e9siques des jeunes et \u00e0 promouvoir l'\u00e9galit\u00e9 des sexes dans neuf pays africains, dans le but de lutter contre les mariages d'enfants et les grossesses pr\u00e9coces.<\/p><p><em>Lib\u00e9rez-vous !\u00a0<\/em>est un programme quinquennal (2021-2025) mis en \u0153uvre par le FAWE,\u00a0<a href=\"https:\/\/www.planinternational.nl\/\">Plan International<\/a>\u00a0et\u00a0<a href=\"https:\/\/satregional.org\/\">SRHR Africa Trust (SAT)<\/a>\u00a0, Nous travaillons en partenariat strat\u00e9gique avec le minist\u00e8re des affaires \u00e9trang\u00e8res. Nous travaillons \u00e9galement en \u00e9troite collaboration avec l'organisation zimbabw\u00e9enne Rozaria Memorial Trust et le KIT Royal Tropical Institute. Le programme est mis en \u0153uvre dans neuf pays africains : Burkina Faso, \u00c9thiopie, Kenya, Malawi, Mali, Mozambique, Niger, Soudan et Zambie. Avec l'aide d'organisations locales de la soci\u00e9t\u00e9 civile et de groupes de jeunes, nous nous engageons en faveur de la sant\u00e9 et des droits sexuels et g\u00e9n\u00e9siques des jeunes.<\/p><p><strong>Coop\u00e9ration avec les partenaires africains et les jeunes<\/strong><\/p><p>Il\u00a0<em>Lib\u00e9rez-vous !\u00a0<\/em>est le fruit d'une collaboration entre l'organisation internationale Plan International et les organisations africaines SAT et FAWE. Ces trois organisations forment ensemble le\u00a0<em>Lib\u00e9rez-vous !\u00a0<\/em>qui a \u00e9labor\u00e9 et mis en \u0153uvre le programme conjointement.<\/p><p>La participation des jeunes est \u00e9galement au c\u0153ur de la\u00a0<em>Lib\u00e9rez-vous !\u00a0<\/em>programme. Ce sont les jeunes qui, avec le soutien des organisations de la soci\u00e9t\u00e9 civile, fixent leurs propres objectifs. Dans les pays o\u00f9 les\u00a0<em>Lib\u00e9rez-vous !\u00a0<\/em>Lorsqu'ils sont mis en \u0153uvre, les soins de sant\u00e9 sexuelle et reproductive sont souvent tr\u00e8s limit\u00e9s et les professionnels de la sant\u00e9 et les enseignants ont du mal \u00e0 parler de sexualit\u00e9. Les \u00e9quipements n\u00e9cessaires font \u00e9galement d\u00e9faut ; par exemple, il est souvent difficile d'obtenir des contraceptifs. En outre, la pauvret\u00e9, la faiblesse de la l\u00e9gislation et le manque de mise en \u0153uvre ont un impact sur la sant\u00e9 et les droits des jeunes. Via\u00a0<em>Lib\u00e9rez-vous !<\/em>les jeunes militants organisent des activit\u00e9s visant \u00e0 am\u00e9liorer les soins de sant\u00e9 sexuelle et reproductive, l'\u00e9ducation des filles et la mise en \u0153uvre d'une l\u00e9gislation efficace.<\/p><p>\u00a0<\/p>\t\t\t\t\t\t\t\t<\/div>\n\t\t\t\t<\/div>\n\t\t\t\t<\/div>\n\t\t\t\t\t<\/div>\n\t\t\t\t<\/div>\n\t\t<div class=\"elementor-element elementor-element-d39c35d e-con-full e-flex e-con e-parent\" data-id=\"d39c35d\" data-element_type=\"container\" data-e-type=\"container\">\n\t\t<div class=\"elementor-element elementor-element-ed0e105 e-con-full e-flex e-con e-child\" data-id=\"ed0e105\" data-element_type=\"container\" data-e-type=\"container\">\n\t\t\t\t<div class=\"elementor-element elementor-element-b7036cb elementor-widget elementor-widget-text-editor\" data-id=\"b7036cb\" data-element_type=\"widget\" data-e-type=\"widget\" data-widget_type=\"text-editor.default\">\n\t\t\t\t<div class=\"elementor-widget-container\">\n\t\t\t\t\t\t\t\t\t<p><strong>Trois objectifs\u00a0<em>Lib\u00e9rez-vous !<\/em><\/strong><\/p><p>Le programme aide les jeunes et les organisations de la soci\u00e9t\u00e9 civile \u00e0 mieux s'organiser, \u00e0 s'exprimer et \u00e0 participer \u00e0 l'\u00e9laboration de la l\u00e9gislation et aux processus de prise de d\u00e9cision.<\/p><p>Les trois principaux objectifs du programme sont les suivants<\/p><ul><li>Renforcer la sant\u00e9 et les droits sexuels et g\u00e9n\u00e9siques des jeunes. Cela signifie que les jeunes re\u00e7oivent des informations correctes sur la sant\u00e9 et les droits sexuels et reproductifs.\u00a0<strong>des informations sur les SDSR<\/strong>\u00a0et qu'ils peuvent utiliser\u00a0<strong>des installations et des services de soins de sant\u00e9 adapt\u00e9s<\/strong>\u00a0;<\/li><li>Promouvoir une meilleure prise de d\u00e9cision et une mise en \u0153uvre efficace des\u00a0<strong>lois et politiques<\/strong>\u00a0qui r\u00e9pondent aux besoins des jeunes ;<\/li><li>Et fournir\u00a0<strong>une \u00e9ducation de qualit\u00e9 et s\u00fbre<\/strong>\u00a0pour les filles expos\u00e9es au risque de mariage d'enfants et de grossesse chez les adolescentes. Plus une fille reste \u00e0 l'\u00e9cole, moins elle risque de se marier avant l'\u00e2ge de 18 ans et d'avoir des enfants pendant son adolescence.<\/li><\/ul>\t\t\t\t\t\t\t\t<\/div>\n\t\t\t\t<\/div>\n\t\t\t\t<\/div>\n\t\t<div class=\"elementor-element elementor-element-6efb891 e-con-full e-flex e-con e-child\" data-id=\"6efb891\" data-element_type=\"container\" data-e-type=\"container\">\n\t\t\t\t<div class=\"elementor-element elementor-element-9feab74 elementor-widget elementor-widget-text-editor\" data-id=\"9feab74\" data-element_type=\"widget\" data-e-type=\"widget\" data-widget_type=\"text-editor.default\">\n\t\t\t\t<div class=\"elementor-widget-container\">\n\t\t\t\t\t\t\t\t\t<p><strong>Notre approche<\/strong><\/p><ul><li>A\u00a0<strong>mouvement social<\/strong>\u00a0. Nous soutenons (la cr\u00e9ation) d'un\u00a0<strong>r\u00e9seau<\/strong>\u00a0de d\u00e9fenseurs et la mobilisation des jeunes, des organisations de la soci\u00e9t\u00e9 civile, des chefs religieux ou civiques et des autorit\u00e9s. En unissant nos forces, nous pouvons exercer un lobbying plus efficace \u00e0 plus grande \u00e9chelle, du niveau local au niveau international.<\/li><li><strong>Lobbying et campagnes d'information.\u00a0<\/strong>Les jeunes font campagne pour promouvoir des changements positifs en mati\u00e8re d'\u00e9galit\u00e9 des sexes, d'\u00e9ducation des filles et de sant\u00e9 et droits sexuels et g\u00e9n\u00e9siques. Les jeunes eux-m\u00eames indiquent ce sur quoi ils veulent faire campagne et quels sont leurs besoins.<\/li><li><strong>Renforcer les organisations de la soci\u00e9t\u00e9 civile<\/strong>\u00a0en mati\u00e8re de comp\u00e9tences de lobbying et de plaidoyer, de politique, de processus l\u00e9gislatifs et de m\u00e9canismes de responsabilit\u00e9.<\/li><li><strong>Acc\u00e8s aux d\u00e9cideurs politiques<\/strong>\u00a0Nous mettons les jeunes et les organisations de la soci\u00e9t\u00e9 civile en contact direct avec les d\u00e9cideurs politiques et les agences aux niveaux local, national et international, y compris les communaut\u00e9s \u00e9conomiques r\u00e9gionales et l'Union africaine.<\/li><li><strong>Recherche sur les questions li\u00e9es \u00e0 la sant\u00e9 et aux droits sexuels et g\u00e9n\u00e9siques.\u00a0<\/strong>Les r\u00e9sultats de la recherche servent de support aux campagnes et actions de lobbying et d'information.<\/li><li><strong>Stimuler l'\u00e9change de connaissances.\u00a0<\/strong>Nous pouvons accro\u00eetre l'impact du programme en \u00e9changeant des connaissances avec les diff\u00e9rentes organisations.<\/li><\/ul>\t\t\t\t\t\t\t\t<\/div>\n\t\t\t\t<\/div>\n\t\t\t\t<\/div>\n\t\t\t\t<\/div>\n\t\t\t\t<\/div>","protected":false},"excerpt":{"rendered":"<p>Programmes Together for a Better Tomorrow We are a pan-African nonprofit committed to advancing girls\u2019 education, empowering women, and building stronger communities across the continent. Break Free! Alliance Break Free!\u00a0\u2013 Young people advocate for sexual and reproductive health and rights Sexual and reproductive health and rights (SRHR) cannot be missed in the healthy development of [&hellip;]<\/p>\n","protected":false},"author":1,"featured_media":0,"parent":0,"menu_order":0,"comment_status":"closed","ping_status":"closed","template":"","meta":{"footnotes":""},"class_list":["post-60833","page","type-page","status-publish","hentry"],"yoast_head":"<!-- This site is optimized with the Yoast SEO plugin v27.1.1 - https:\/\/yoast.com\/product\/yoast-seo-wordpress\/ -->\n<title>Break Free! Alliance - FORUM FOR AFRICAN WOMEN EDUCATIONALISTS (FAWE)<\/title>\n<meta name=\"robots\" content=\"index, follow, max-snippet:-1, max-image-preview:large, max-video-preview:-1\" \/>\n<link rel=\"canonical\" href=\"http:\/\/fawe.org\/fr\/break-free-alliance\/\" \/>\n<meta property=\"og:locale\" content=\"fr_FR\" \/>\n<meta property=\"og:type\" content=\"article\" \/>\n<meta property=\"og:title\" content=\"Break Free! Alliance - FORUM FOR AFRICAN WOMEN EDUCATIONALISTS (FAWE)\" \/>\n<meta property=\"og:description\" content=\"Programmes Together for a Better Tomorrow We are a pan-African nonprofit committed to advancing girls\u2019 education, empowering women, and building stronger communities across the continent. Break Free! Alliance Break Free!\u00a0\u2013 Young people advocate for sexual and reproductive health and rights Sexual and reproductive health and rights (SRHR) cannot be missed in the healthy development of [&hellip;]\" \/>\n<meta property=\"og:url\" content=\"http:\/\/fawe.org\/fr\/break-free-alliance\/\" \/>\n<meta property=\"og:site_name\" content=\"FORUM FOR AFRICAN WOMEN EDUCATIONALISTS (FAWE)\" \/>\n<meta property=\"article:publisher\" content=\"https:\/\/www.facebook.com\/Forum.for.African.Women.Educationalists\" \/>\n<meta property=\"article:modified_time\" content=\"2025-09-16T14:25:04+00:00\" \/>\n<meta property=\"og:image\" content=\"https:\/\/fawe.org\/wp-content\/uploads\/2025\/07\/511197692_1117918787032068_1548540696703686237_n.jpg\" \/>\n\t<meta property=\"og:image:width\" content=\"1600\" \/>\n\t<meta property=\"og:image:height\" content=\"1066\" \/>\n\t<meta property=\"og:image:type\" content=\"image\/jpeg\" \/>\n<meta name=\"twitter:card\" content=\"summary_large_image\" \/>\n<meta name=\"twitter:site\" content=\"@FAWEAfrica\" \/>\n<meta name=\"twitter:label1\" content=\"Dur\u00e9e de lecture estim\u00e9e\" \/>\n\t<meta name=\"twitter:data1\" content=\"3 minutes\" \/>\n<script type=\"application\/ld+json\" class=\"yoast-schema-graph\">{\"@context\":\"https:\/\/schema.org\",\"@graph\":[{\"@type\":\"WebPage\",\"@id\":\"http:\/\/fawe.org\/en\/break-free-alliance\/\",\"url\":\"http:\/\/fawe.org\/en\/break-free-alliance\/\",\"name\":\"Break Free! Alliance - FORUM FOR AFRICAN WOMEN EDUCATIONALISTS (FAWE)\",\"isPartOf\":{\"@id\":\"http:\/\/fawe.org\/en\/#website\"},\"datePublished\":\"2025-02-27T03:55:38+00:00\",\"dateModified\":\"2025-09-16T14:25:04+00:00\",\"breadcrumb\":{\"@id\":\"http:\/\/fawe.org\/en\/break-free-alliance\/#breadcrumb\"},\"inLanguage\":\"fr-FR\",\"potentialAction\":[{\"@type\":\"ReadAction\",\"target\":[\"http:\/\/fawe.org\/en\/break-free-alliance\/\"]}]},{\"@type\":\"BreadcrumbList\",\"@id\":\"http:\/\/fawe.org\/en\/break-free-alliance\/#breadcrumb\",\"itemListElement\":[{\"@type\":\"ListItem\",\"position\":1,\"name\":\"Home\",\"item\":\"http:\/\/fawe.org\/en\/\"},{\"@type\":\"ListItem\",\"position\":2,\"name\":\"Break Free! Alliance\"}]},{\"@type\":\"WebSite\",\"@id\":\"http:\/\/fawe.org\/en\/#website\",\"url\":\"http:\/\/fawe.org\/en\/\",\"name\":\"FORUM FOR AFRICAN WOMEN EDUCATIONALISTS (FAWE)\",\"description\":\"Education for Change\",\"publisher\":{\"@id\":\"http:\/\/fawe.org\/en\/#organization\"},\"alternateName\":\"FAWE RS\",\"potentialAction\":[{\"@type\":\"SearchAction\",\"target\":{\"@type\":\"EntryPoint\",\"urlTemplate\":\"http:\/\/fawe.org\/en\/?s={search_term_string}\"},\"query-input\":{\"@type\":\"PropertyValueSpecification\",\"valueRequired\":true,\"valueName\":\"search_term_string\"}}],\"inLanguage\":\"fr-FR\"},{\"@type\":\"Organization\",\"@id\":\"http:\/\/fawe.org\/en\/#organization\",\"name\":\"FORUM FOR AFRICAN WOMEN EDUCATIONALISTS (FAWE)\",\"url\":\"http:\/\/fawe.org\/en\/\",\"logo\":{\"@type\":\"ImageObject\",\"inLanguage\":\"fr-FR\",\"@id\":\"http:\/\/fawe.org\/en\/#\/schema\/logo\/image\/\",\"url\":\"https:\/\/fawe.org\/wp-content\/uploads\/2025\/02\/FAWE-FINAL-PRIMARY-LOGO-1-Photoroom.png\",\"contentUrl\":\"https:\/\/fawe.org\/wp-content\/uploads\/2025\/02\/FAWE-FINAL-PRIMARY-LOGO-1-Photoroom.png\",\"width\":1280,\"height\":510,\"caption\":\"FORUM FOR AFRICAN WOMEN EDUCATIONALISTS (FAWE)\"},\"image\":{\"@id\":\"http:\/\/fawe.org\/en\/#\/schema\/logo\/image\/\"},\"sameAs\":[\"https:\/\/www.facebook.com\/Forum.for.African.Women.Educationalists\",\"https:\/\/x.com\/FAWEAfrica\",\"https:\/\/www.instagram.com\/fawe_africa\/\",\"https:\/\/www.linkedin.com\/company\/fawe-africa\/\",\"https:\/\/www.youtube.com\/@FAWEAfrica\"]}]}<\/script>\n<!-- \/ Yoast SEO plugin. -->","yoast_head_json":{"title":"Break Free ! Alliance - FORUM POUR LES FEMMES AFRICAINES \u00c9DUCATIVES (FAWE)","robots":{"index":"index","follow":"follow","max-snippet":"max-snippet:-1","max-image-preview":"max-image-preview:large","max-video-preview":"max-video-preview:-1"},"canonical":"http:\/\/fawe.org\/fr\/break-free-alliance\/","og_locale":"fr_FR","og_type":"article","og_title":"Break Free! Alliance - FORUM FOR AFRICAN WOMEN EDUCATIONALISTS (FAWE)","og_description":"Programmes Together for a Better Tomorrow We are a pan-African nonprofit committed to advancing girls\u2019 education, empowering women, and building stronger communities across the continent. Break Free! Alliance Break Free!\u00a0\u2013 Young people advocate for sexual and reproductive health and rights Sexual and reproductive health and rights (SRHR) cannot be missed in the healthy development of [&hellip;]","og_url":"http:\/\/fawe.org\/fr\/break-free-alliance\/","og_site_name":"FORUM FOR AFRICAN WOMEN EDUCATIONALISTS (FAWE)","article_publisher":"https:\/\/www.facebook.com\/Forum.for.African.Women.Educationalists","article_modified_time":"2025-09-16T14:25:04+00:00","og_image":[{"width":1600,"height":1066,"url":"https:\/\/fawe.org\/wp-content\/uploads\/2025\/07\/511197692_1117918787032068_1548540696703686237_n.jpg","type":"image\/jpeg"}],"twitter_card":"summary_large_image","twitter_site":"@FAWEAfrica","twitter_misc":{"Dur\u00e9e de lecture estim\u00e9e":"3 minutes"},"schema":{"@context":"https:\/\/schema.org","@graph":[{"@type":"WebPage","@id":"http:\/\/fawe.org\/en\/break-free-alliance\/","url":"http:\/\/fawe.org\/en\/break-free-alliance\/","name":"Break Free ! Alliance - FORUM POUR LES FEMMES AFRICAINES \u00c9DUCATIVES (FAWE)","isPartOf":{"@id":"http:\/\/fawe.org\/en\/#website"},"datePublished":"2025-02-27T03:55:38+00:00","dateModified":"2025-09-16T14:25:04+00:00","breadcrumb":{"@id":"http:\/\/fawe.org\/en\/break-free-alliance\/#breadcrumb"},"inLanguage":"fr-FR","potentialAction":[{"@type":"ReadAction","target":["http:\/\/fawe.org\/en\/break-free-alliance\/"]}]},{"@type":"BreadcrumbList","@id":"http:\/\/fawe.org\/en\/break-free-alliance\/#breadcrumb","itemListElement":[{"@type":"ListItem","position":1,"name":"Home","item":"http:\/\/fawe.org\/en\/"},{"@type":"ListItem","position":2,"name":"Break Free! Alliance"}]},{"@type":"WebSite","@id":"http:\/\/fawe.org\/en\/#website","url":"http:\/\/fawe.org\/en\/","name":"FORUM DES \u00c9DUCATRICES AFRICAINES (FAWE)","description":"L'\u00e9ducation au changement","publisher":{"@id":"http:\/\/fawe.org\/en\/#organization"},"alternateName":"FAWE RS","potentialAction":[{"@type":"SearchAction","target":{"@type":"EntryPoint","urlTemplate":"http:\/\/fawe.org\/en\/?s={search_term_string}"},"query-input":{"@type":"PropertyValueSpecification","valueRequired":true,"valueName":"search_term_string"}}],"inLanguage":"fr-FR"},{"@type":"Organization","@id":"http:\/\/fawe.org\/en\/#organization","name":"FORUM DES \u00c9DUCATRICES AFRICAINES (FAWE)","url":"http:\/\/fawe.org\/en\/","logo":{"@type":"ImageObject","inLanguage":"fr-FR","@id":"http:\/\/fawe.org\/en\/#\/schema\/logo\/image\/","url":"https:\/\/fawe.org\/wp-content\/uploads\/2025\/02\/FAWE-FINAL-PRIMARY-LOGO-1-Photoroom.png","contentUrl":"https:\/\/fawe.org\/wp-content\/uploads\/2025\/02\/FAWE-FINAL-PRIMARY-LOGO-1-Photoroom.png","width":1280,"height":510,"caption":"FORUM FOR AFRICAN WOMEN EDUCATIONALISTS (FAWE)"},"image":{"@id":"http:\/\/fawe.org\/en\/#\/schema\/logo\/image\/"},"sameAs":["https:\/\/www.facebook.com\/Forum.for.African.Women.Educationalists","https:\/\/x.com\/FAWEAfrica","https:\/\/www.instagram.com\/fawe_africa\/","https:\/\/www.linkedin.com\/company\/fawe-africa\/","https:\/\/www.youtube.com\/@FAWEAfrica"]}]}},"_links":{"self":[{"href":"https:\/\/fawe.org\/fr\/wp-json\/wp\/v2\/pages\/60833","targetHints":{"allow":["GET"]}}],"collection":[{"href":"https:\/\/fawe.org\/fr\/wp-json\/wp\/v2\/pages"}],"about":[{"href":"https:\/\/fawe.org\/fr\/wp-json\/wp\/v2\/types\/page"}],"author":[{"embeddable":true,"href":"https:\/\/fawe.org\/fr\/wp-json\/wp\/v2\/users\/1"}],"replies":[{"embeddable":true,"href":"https:\/\/fawe.org\/fr\/wp-json\/wp\/v2\/comments?post=60833"}],"version-history":[{"count":1,"href":"https:\/\/fawe.org\/fr\/wp-json\/wp\/v2\/pages\/60833\/revisions"}],"predecessor-version":[{"id":72943,"href":"https:\/\/fawe.org\/fr\/wp-json\/wp\/v2\/pages\/60833\/revisions\/72943"}],"wp:attachment":[{"href":"https:\/\/fawe.org\/fr\/wp-json\/wp\/v2\/media?parent=60833"}],"curies":[{"name":"wp","href":"https:\/\/api.w.org\/{rel}","templated":true}]}}