{"id":60824,"date":"2025-02-27T03:35:49","date_gmt":"2025-02-27T03:35:49","guid":{"rendered":"https:\/\/fawe.robilworld.co.ke\/?page_id=60824"},"modified":"2025-09-16T17:26:10","modified_gmt":"2025-09-16T14:26:10","slug":"make-way","status":"publish","type":"page","link":"https:\/\/fawe.org\/fr\/make-way\/","title":{"rendered":"Faire place"},"content":{"rendered":"<div data-elementor-type=\"wp-page\" data-elementor-id=\"60824\" class=\"elementor elementor-60824\" data-elementor-post-type=\"page\">\n\t\t\t\t<div class=\"elementor-element elementor-element-5b8a4faa e-flex e-con-boxed e-con e-parent\" data-id=\"5b8a4faa\" data-element_type=\"container\" data-e-type=\"container\" data-settings=\"{&quot;background_background&quot;:&quot;classic&quot;}\">\n\t\t\t\t\t<div class=\"e-con-inner\">\n\t\t<div class=\"elementor-element elementor-element-3c01774c e-con-full e-flex e-con e-child\" data-id=\"3c01774c\" data-element_type=\"container\" data-e-type=\"container\">\n\t\t\t\t<div class=\"elementor-element elementor-element-4f236155 elementor-align-left animated-slow elementor-invisible elementor-widget elementor-widget-elementskit-button\" data-id=\"4f236155\" data-element_type=\"widget\" data-e-type=\"widget\" data-settings=\"{&quot;_animation&quot;:&quot;fadeInUp&quot;}\" data-widget_type=\"elementskit-button.default\">\n\t\t\t\t<div class=\"elementor-widget-container\">\n\t\t\t\t\t<div class=\"ekit-wid-con\" >\t\t<div class=\"ekit-btn-wraper\">\n\t\t\t\t\t\t\t<a href=\"#\" class=\"elementskit-btn  whitespace--normal\" id=\"\">\n\t\t\t\t\tProgrammes\t\t\t\t<\/a>\n\t\t\t\t\t<\/div>\n        <\/div>\t\t\t\t<\/div>\n\t\t\t\t<\/div>\n\t\t\t\t<div class=\"elementor-element elementor-element-25e9dfc7 elementor-widget__width-initial animated-slow elementor-invisible elementor-widget elementor-widget-heading\" data-id=\"25e9dfc7\" data-element_type=\"widget\" data-e-type=\"widget\" data-settings=\"{&quot;_animation&quot;:&quot;fadeInUp&quot;}\" data-widget_type=\"heading.default\">\n\t\t\t\t<div class=\"elementor-widget-container\">\n\t\t\t\t\t<h2 class=\"elementor-heading-title elementor-size-default\">Ensemble pour un avenir meilleur<\/h2>\t\t\t\t<\/div>\n\t\t\t\t<\/div>\n\t\t\t\t<\/div>\n\t\t<div class=\"elementor-element elementor-element-451a17aa e-con-full e-flex e-con e-child\" data-id=\"451a17aa\" data-element_type=\"container\" data-e-type=\"container\">\n\t\t\t\t<div class=\"elementor-element elementor-element-11461bd1 elementor-widget__width-initial animated-slow elementor-invisible elementor-widget elementor-widget-text-editor\" data-id=\"11461bd1\" data-element_type=\"widget\" data-e-type=\"widget\" data-settings=\"{&quot;_animation&quot;:&quot;fadeInUp&quot;,&quot;_animation_delay&quot;:100}\" data-widget_type=\"text-editor.default\">\n\t\t\t\t<div class=\"elementor-widget-container\">\n\t\t\t\t\t\t\t\t\t<p>Nous sommes une organisation panafricaine \u00e0 but non lucratif qui s'engage \u00e0 faire progresser l'\u00e9ducation des filles, \u00e0 renforcer l'autonomie des femmes et \u00e0 construire des communaut\u00e9s plus fortes sur tout le continent.<\/p>\t\t\t\t\t\t\t\t<\/div>\n\t\t\t\t<\/div>\n\t\t\t\t<\/div>\n\t\t\t\t\t<\/div>\n\t\t\t\t<\/div>\n\t\t<div class=\"elementor-element elementor-element-26b7db29 e-flex e-con-boxed e-con e-parent\" data-id=\"26b7db29\" data-element_type=\"container\" data-e-type=\"container\" data-settings=\"{&quot;background_background&quot;:&quot;classic&quot;}\">\n\t\t\t\t\t<div class=\"e-con-inner\">\n\t\t<div class=\"elementor-element elementor-element-570a0ffc e-con-full animated-slow e-flex elementor-invisible e-con e-child\" data-id=\"570a0ffc\" data-element_type=\"container\" data-e-type=\"container\" data-settings=\"{&quot;animation&quot;:&quot;fadeIn&quot;,&quot;animation_delay&quot;:100,&quot;background_background&quot;:&quot;classic&quot;}\">\n\t\t\t\t<\/div>\n\t\t<div class=\"elementor-element elementor-element-5c6e1055 e-con-full e-flex e-con e-child\" data-id=\"5c6e1055\" data-element_type=\"container\" data-e-type=\"container\">\n\t\t\t\t<div class=\"elementor-element elementor-element-47559597 elementor-widget__width-initial animated-slow elementor-invisible elementor-widget elementor-widget-heading\" data-id=\"47559597\" data-element_type=\"widget\" data-e-type=\"widget\" data-settings=\"{&quot;_animation&quot;:&quot;fadeInUp&quot;}\" data-widget_type=\"heading.default\">\n\t\t\t\t<div class=\"elementor-widget-container\">\n\t\t\t\t\t<h2 class=\"elementor-heading-title elementor-size-default\">Faire place<\/h2>\t\t\t\t<\/div>\n\t\t\t\t<\/div>\n\t\t\t\t<div class=\"elementor-element elementor-element-2f6f0b60 elementor-widget-divider--view-line elementor-widget elementor-widget-divider\" data-id=\"2f6f0b60\" data-element_type=\"widget\" data-e-type=\"widget\" data-widget_type=\"divider.default\">\n\t\t\t\t<div class=\"elementor-widget-container\">\n\t\t\t\t\t\t\t<div class=\"elementor-divider\">\n\t\t\t<span class=\"elementor-divider-separator\">\n\t\t\t\t\t\t<\/span>\n\t\t<\/div>\n\t\t\t\t\t\t<\/div>\n\t\t\t\t<\/div>\n\t\t\t\t<div class=\"elementor-element elementor-element-8f72b9c elementor-widget elementor-widget-text-editor\" data-id=\"8f72b9c\" data-element_type=\"widget\" data-e-type=\"widget\" data-widget_type=\"text-editor.default\">\n\t\t\t\t<div class=\"elementor-widget-container\">\n\t\t\t\t\t\t\t\t\t<p>Make Way est un programme quinquennal mis en \u0153uvre en \u00c9thiopie, au Kenya, au Rwanda, en Ouganda et en Zambie, qui vise \u00e0 apprendre aux jeunes vuln\u00e9rables \u00e0 d\u00e9fendre leurs droits et \u00e0 am\u00e9liorer l'acc\u00e8s aux bonnes informations et aux bons services. Le programme Make Way vise \u00e0 faire tomber les barri\u00e8res en mati\u00e8re de sant\u00e9 sexuelle et reproductive en appliquant une approche intersectionnelle. Le fait de rendre visibles les vuln\u00e9rabilit\u00e9s qui se chevauchent nous aide \u00e0 comprendre leurs effets sur la sant\u00e9 et les droits sexuels et g\u00e9n\u00e9siques d'une personne. Dans ce programme, nous travaillons sur les efforts de lobbying et de plaidoyer en faveur de la sant\u00e9 et des droits sexuels et reproductifs (SDSR) des jeunes vuln\u00e9rables. L'intersectionnalit\u00e9 constitue le fondement de notre perspective : nous examinons comment l'interaction entre les pr\u00e9jug\u00e9s, la discrimination et l'exclusion dans le domaine, par exemple, du handicap, de l'appartenance ethnique, du sexe et de la position sociale, influence l'accessibilit\u00e9 aux DSSR. Chacun a droit \u00e0 une \u00e9ducation sexuelle compl\u00e8te, \u00e0 l'autod\u00e9termination, \u00e0 l'acc\u00e8s \u00e0 la contraception et aux soins m\u00e9dicaux.<\/p><p>En \u00e9troite collaboration avec les partenaires du consortium, nous d\u00e9veloppons et partageons des outils intersectionnels, et nous nous engageons \u00e9galement dans le renforcement mutuel des capacit\u00e9s avec d'autres organisations de la soci\u00e9t\u00e9 civile, afin de plaider en faveur de changements politiques et soci\u00e9taux indispensables. Nous travaillons en partenariat avec\u00a0<a href=\"https:\/\/www.wemos.nl\/\" target=\"_blank\" rel=\"noopener\">Wemos<\/a>,\u00a0<a href=\"https:\/\/www.vso.nl\/\" target=\"_blank\" rel=\"noopener\">VSO<\/a>,\u00a0<a href=\"https:\/\/www.akinamamawaafrika.org\/\" target=\"_blank\" rel=\"noopener\">Akina Mama wa Africa<\/a>,\u00a0<a href=\"https:\/\/www.lilianefonds.org\/\">Fondation Liliane<\/a>, et le<a href=\"https:\/\/www.circlekenya.org\/#:~:text=T%20he%20Circle%20of%20Concerned,African%20descent%20in%20the%20various\">\u00a0Cercle des th\u00e9ologiennes africaines concern\u00e9es Kenya<\/a>. Le programme Make Way est financ\u00e9 par le minist\u00e8re n\u00e9erlandais des affaires \u00e9trang\u00e8res.<\/p><p>Des informations et des outils sont disponibles sur\u00a0<a href=\"http:\/\/make-way.org\/\" target=\"_blank\" rel=\"noopener\">www.make-way.org<\/a>.<\/p>\t\t\t\t\t\t\t\t<\/div>\n\t\t\t\t<\/div>\n\t\t\t\t<\/div>\n\t\t\t\t\t<\/div>\n\t\t\t\t<\/div>\n\t\t\t\t<\/div>","protected":false},"excerpt":{"rendered":"<p>Programmes Together for a Better Tomorrow We are a pan-African nonprofit committed to advancing girls\u2019 education, empowering women, and building stronger communities across the continent. Make Way Make Way is a five-year programme implemented in Ethiopia, Kenya, Rwanda, Uganda, and Zambia that aims to teach vulnerable young people to stand up for their rights and [&hellip;]<\/p>\n","protected":false},"author":1,"featured_media":0,"parent":0,"menu_order":0,"comment_status":"closed","ping_status":"closed","template":"","meta":{"footnotes":""},"class_list":["post-60824","page","type-page","status-publish","hentry"],"yoast_head":"<!-- This site is optimized with the Yoast SEO plugin v27.1.1 - https:\/\/yoast.com\/product\/yoast-seo-wordpress\/ -->\n<title>Make Way - FORUM FOR AFRICAN WOMEN EDUCATIONALISTS (FAWE)<\/title>\n<meta name=\"robots\" content=\"index, follow, max-snippet:-1, max-image-preview:large, max-video-preview:-1\" \/>\n<link rel=\"canonical\" href=\"https:\/\/fawe.org\/fr\/make-way\/\" \/>\n<meta property=\"og:locale\" content=\"fr_FR\" \/>\n<meta property=\"og:type\" content=\"article\" \/>\n<meta property=\"og:title\" content=\"Make Way - FORUM FOR AFRICAN WOMEN EDUCATIONALISTS (FAWE)\" \/>\n<meta property=\"og:description\" content=\"Programmes Together for a Better Tomorrow We are a pan-African nonprofit committed to advancing girls\u2019 education, empowering women, and building stronger communities across the continent. Make Way Make Way is a five-year programme implemented in Ethiopia, Kenya, Rwanda, Uganda, and Zambia that aims to teach vulnerable young people to stand up for their rights and [&hellip;]\" \/>\n<meta property=\"og:url\" content=\"https:\/\/fawe.org\/fr\/make-way\/\" \/>\n<meta property=\"og:site_name\" content=\"FORUM FOR AFRICAN WOMEN EDUCATIONALISTS (FAWE)\" \/>\n<meta property=\"article:publisher\" content=\"https:\/\/www.facebook.com\/Forum.for.African.Women.Educationalists\" \/>\n<meta property=\"article:modified_time\" content=\"2025-09-16T14:26:10+00:00\" \/>\n<meta property=\"og:image\" content=\"https:\/\/fawe.org\/wp-content\/uploads\/2025\/07\/511197692_1117918787032068_1548540696703686237_n.jpg\" \/>\n\t<meta property=\"og:image:width\" content=\"1600\" \/>\n\t<meta property=\"og:image:height\" content=\"1066\" \/>\n\t<meta property=\"og:image:type\" content=\"image\/jpeg\" \/>\n<meta name=\"twitter:card\" content=\"summary_large_image\" \/>\n<meta name=\"twitter:site\" content=\"@FAWEAfrica\" \/>\n<meta name=\"twitter:label1\" content=\"Dur\u00e9e de lecture estim\u00e9e\" \/>\n\t<meta name=\"twitter:data1\" content=\"1 minute\" \/>\n<script type=\"application\/ld+json\" class=\"yoast-schema-graph\">{\"@context\":\"https:\/\/schema.org\",\"@graph\":[{\"@type\":\"WebPage\",\"@id\":\"https:\/\/fawe.org\/fr\/make-way\/\",\"url\":\"https:\/\/fawe.org\/fr\/make-way\/\",\"name\":\"Make Way - FORUM FOR AFRICAN WOMEN EDUCATIONALISTS (FAWE)\",\"isPartOf\":{\"@id\":\"http:\/\/fawe.org\/en\/#website\"},\"datePublished\":\"2025-02-27T03:35:49+00:00\",\"dateModified\":\"2025-09-16T14:26:10+00:00\",\"breadcrumb\":{\"@id\":\"https:\/\/fawe.org\/fr\/make-way\/#breadcrumb\"},\"inLanguage\":\"fr-FR\",\"potentialAction\":[{\"@type\":\"ReadAction\",\"target\":[\"https:\/\/fawe.org\/fr\/make-way\/\"]}]},{\"@type\":\"BreadcrumbList\",\"@id\":\"https:\/\/fawe.org\/fr\/make-way\/#breadcrumb\",\"itemListElement\":[{\"@type\":\"ListItem\",\"position\":1,\"name\":\"Home\",\"item\":\"http:\/\/fawe.org\/en\/\"},{\"@type\":\"ListItem\",\"position\":2,\"name\":\"Make Way\"}]},{\"@type\":\"WebSite\",\"@id\":\"http:\/\/fawe.org\/en\/#website\",\"url\":\"http:\/\/fawe.org\/en\/\",\"name\":\"FORUM FOR AFRICAN WOMEN EDUCATIONALISTS (FAWE)\",\"description\":\"Education for Change\",\"publisher\":{\"@id\":\"http:\/\/fawe.org\/en\/#organization\"},\"alternateName\":\"FAWE RS\",\"potentialAction\":[{\"@type\":\"SearchAction\",\"target\":{\"@type\":\"EntryPoint\",\"urlTemplate\":\"http:\/\/fawe.org\/en\/?s={search_term_string}\"},\"query-input\":{\"@type\":\"PropertyValueSpecification\",\"valueRequired\":true,\"valueName\":\"search_term_string\"}}],\"inLanguage\":\"fr-FR\"},{\"@type\":\"Organization\",\"@id\":\"http:\/\/fawe.org\/en\/#organization\",\"name\":\"FORUM FOR AFRICAN WOMEN EDUCATIONALISTS (FAWE)\",\"url\":\"http:\/\/fawe.org\/en\/\",\"logo\":{\"@type\":\"ImageObject\",\"inLanguage\":\"fr-FR\",\"@id\":\"http:\/\/fawe.org\/en\/#\/schema\/logo\/image\/\",\"url\":\"https:\/\/fawe.org\/wp-content\/uploads\/2025\/02\/FAWE-FINAL-PRIMARY-LOGO-1-Photoroom.png\",\"contentUrl\":\"https:\/\/fawe.org\/wp-content\/uploads\/2025\/02\/FAWE-FINAL-PRIMARY-LOGO-1-Photoroom.png\",\"width\":1280,\"height\":510,\"caption\":\"FORUM FOR AFRICAN WOMEN EDUCATIONALISTS (FAWE)\"},\"image\":{\"@id\":\"http:\/\/fawe.org\/en\/#\/schema\/logo\/image\/\"},\"sameAs\":[\"https:\/\/www.facebook.com\/Forum.for.African.Women.Educationalists\",\"https:\/\/x.com\/FAWEAfrica\",\"https:\/\/www.instagram.com\/fawe_africa\/\",\"https:\/\/www.linkedin.com\/company\/fawe-africa\/\",\"https:\/\/www.youtube.com\/@FAWEAfrica\"]}]}<\/script>\n<!-- \/ Yoast SEO plugin. -->","yoast_head_json":{"title":"Make Way - FORUM POUR LES FEMMES AFRICAINES \u00c9DUCATIVES (FAWE)","robots":{"index":"index","follow":"follow","max-snippet":"max-snippet:-1","max-image-preview":"max-image-preview:large","max-video-preview":"max-video-preview:-1"},"canonical":"https:\/\/fawe.org\/fr\/make-way\/","og_locale":"fr_FR","og_type":"article","og_title":"Make Way - FORUM FOR AFRICAN WOMEN EDUCATIONALISTS (FAWE)","og_description":"Programmes Together for a Better Tomorrow We are a pan-African nonprofit committed to advancing girls\u2019 education, empowering women, and building stronger communities across the continent. Make Way Make Way is a five-year programme implemented in Ethiopia, Kenya, Rwanda, Uganda, and Zambia that aims to teach vulnerable young people to stand up for their rights and [&hellip;]","og_url":"https:\/\/fawe.org\/fr\/make-way\/","og_site_name":"FORUM FOR AFRICAN WOMEN EDUCATIONALISTS (FAWE)","article_publisher":"https:\/\/www.facebook.com\/Forum.for.African.Women.Educationalists","article_modified_time":"2025-09-16T14:26:10+00:00","og_image":[{"width":1600,"height":1066,"url":"https:\/\/fawe.org\/wp-content\/uploads\/2025\/07\/511197692_1117918787032068_1548540696703686237_n.jpg","type":"image\/jpeg"}],"twitter_card":"summary_large_image","twitter_site":"@FAWEAfrica","twitter_misc":{"Dur\u00e9e de lecture estim\u00e9e":"1 minute"},"schema":{"@context":"https:\/\/schema.org","@graph":[{"@type":"WebPage","@id":"https:\/\/fawe.org\/fr\/make-way\/","url":"https:\/\/fawe.org\/fr\/make-way\/","name":"Make Way - FORUM POUR LES FEMMES AFRICAINES \u00c9DUCATIVES (FAWE)","isPartOf":{"@id":"http:\/\/fawe.org\/en\/#website"},"datePublished":"2025-02-27T03:35:49+00:00","dateModified":"2025-09-16T14:26:10+00:00","breadcrumb":{"@id":"https:\/\/fawe.org\/fr\/make-way\/#breadcrumb"},"inLanguage":"fr-FR","potentialAction":[{"@type":"ReadAction","target":["https:\/\/fawe.org\/fr\/make-way\/"]}]},{"@type":"BreadcrumbList","@id":"https:\/\/fawe.org\/fr\/make-way\/#breadcrumb","itemListElement":[{"@type":"ListItem","position":1,"name":"Home","item":"http:\/\/fawe.org\/en\/"},{"@type":"ListItem","position":2,"name":"Make Way"}]},{"@type":"WebSite","@id":"http:\/\/fawe.org\/en\/#website","url":"http:\/\/fawe.org\/en\/","name":"FORUM DES \u00c9DUCATRICES AFRICAINES (FAWE)","description":"L'\u00e9ducation au changement","publisher":{"@id":"http:\/\/fawe.org\/en\/#organization"},"alternateName":"FAWE RS","potentialAction":[{"@type":"SearchAction","target":{"@type":"EntryPoint","urlTemplate":"http:\/\/fawe.org\/en\/?s={search_term_string}"},"query-input":{"@type":"PropertyValueSpecification","valueRequired":true,"valueName":"search_term_string"}}],"inLanguage":"fr-FR"},{"@type":"Organization","@id":"http:\/\/fawe.org\/en\/#organization","name":"FORUM DES \u00c9DUCATRICES AFRICAINES (FAWE)","url":"http:\/\/fawe.org\/en\/","logo":{"@type":"ImageObject","inLanguage":"fr-FR","@id":"http:\/\/fawe.org\/en\/#\/schema\/logo\/image\/","url":"https:\/\/fawe.org\/wp-content\/uploads\/2025\/02\/FAWE-FINAL-PRIMARY-LOGO-1-Photoroom.png","contentUrl":"https:\/\/fawe.org\/wp-content\/uploads\/2025\/02\/FAWE-FINAL-PRIMARY-LOGO-1-Photoroom.png","width":1280,"height":510,"caption":"FORUM FOR AFRICAN WOMEN EDUCATIONALISTS (FAWE)"},"image":{"@id":"http:\/\/fawe.org\/en\/#\/schema\/logo\/image\/"},"sameAs":["https:\/\/www.facebook.com\/Forum.for.African.Women.Educationalists","https:\/\/x.com\/FAWEAfrica","https:\/\/www.instagram.com\/fawe_africa\/","https:\/\/www.linkedin.com\/company\/fawe-africa\/","https:\/\/www.youtube.com\/@FAWEAfrica"]}]}},"_links":{"self":[{"href":"https:\/\/fawe.org\/fr\/wp-json\/wp\/v2\/pages\/60824","targetHints":{"allow":["GET"]}}],"collection":[{"href":"https:\/\/fawe.org\/fr\/wp-json\/wp\/v2\/pages"}],"about":[{"href":"https:\/\/fawe.org\/fr\/wp-json\/wp\/v2\/types\/page"}],"author":[{"embeddable":true,"href":"https:\/\/fawe.org\/fr\/wp-json\/wp\/v2\/users\/1"}],"replies":[{"embeddable":true,"href":"https:\/\/fawe.org\/fr\/wp-json\/wp\/v2\/comments?post=60824"}],"version-history":[{"count":0,"href":"https:\/\/fawe.org\/fr\/wp-json\/wp\/v2\/pages\/60824\/revisions"}],"wp:attachment":[{"href":"https:\/\/fawe.org\/fr\/wp-json\/wp\/v2\/media?parent=60824"}],"curies":[{"name":"wp","href":"https:\/\/api.w.org\/{rel}","templated":true}]}}