{"id":60819,"date":"2025-02-27T03:31:30","date_gmt":"2025-02-27T03:31:30","guid":{"rendered":"https:\/\/fawe.robilworld.co.ke\/?page_id=60819"},"modified":"2025-09-16T17:05:49","modified_gmt":"2025-09-16T14:05:49","slug":"higher-education-access-program-in-uganda-heap","status":"publish","type":"page","link":"https:\/\/fawe.org\/fr\/higher-education-access-program-in-uganda-heap\/","title":{"rendered":"Programme d'acc\u00e8s \u00e0 l'enseignement sup\u00e9rieur en Ouganda (HEAP)"},"content":{"rendered":"<div data-elementor-type=\"wp-page\" data-elementor-id=\"60819\" class=\"elementor elementor-60819\" data-elementor-post-type=\"page\">\n\t\t\t\t<div class=\"elementor-element elementor-element-55f70cc5 e-flex e-con-boxed e-con e-parent\" data-id=\"55f70cc5\" data-element_type=\"container\" data-e-type=\"container\" data-settings=\"{&quot;background_background&quot;:&quot;classic&quot;}\">\n\t\t\t\t\t<div class=\"e-con-inner\">\n\t\t<div class=\"elementor-element elementor-element-4fd98d74 e-con-full e-flex e-con e-child\" data-id=\"4fd98d74\" data-element_type=\"container\" data-e-type=\"container\">\n\t\t\t\t<div class=\"elementor-element elementor-element-188d4ed0 elementor-align-left animated-slow elementor-invisible elementor-widget elementor-widget-elementskit-button\" data-id=\"188d4ed0\" data-element_type=\"widget\" data-e-type=\"widget\" data-settings=\"{&quot;_animation&quot;:&quot;fadeInUp&quot;}\" data-widget_type=\"elementskit-button.default\">\n\t\t\t\t<div class=\"elementor-widget-container\">\n\t\t\t\t\t<div class=\"ekit-wid-con\" >\t\t<div class=\"ekit-btn-wraper\">\n\t\t\t\t\t\t\t<a href=\"#\" class=\"elementskit-btn  whitespace--normal\" id=\"\">\n\t\t\t\t\tProgrammes\t\t\t\t<\/a>\n\t\t\t\t\t<\/div>\n        <\/div>\t\t\t\t<\/div>\n\t\t\t\t<\/div>\n\t\t\t\t<div class=\"elementor-element elementor-element-2408ee1b elementor-widget__width-initial animated-slow elementor-invisible elementor-widget elementor-widget-heading\" data-id=\"2408ee1b\" data-element_type=\"widget\" data-e-type=\"widget\" data-settings=\"{&quot;_animation&quot;:&quot;fadeInUp&quot;}\" data-widget_type=\"heading.default\">\n\t\t\t\t<div class=\"elementor-widget-container\">\n\t\t\t\t\t<h2 class=\"elementor-heading-title elementor-size-default\">Ensemble pour un avenir meilleur<\/h2>\t\t\t\t<\/div>\n\t\t\t\t<\/div>\n\t\t\t\t<\/div>\n\t\t<div class=\"elementor-element elementor-element-689c93fd e-con-full e-flex e-con e-child\" data-id=\"689c93fd\" data-element_type=\"container\" data-e-type=\"container\">\n\t\t\t\t<div class=\"elementor-element elementor-element-24b0c8f8 elementor-widget__width-initial animated-slow elementor-invisible elementor-widget elementor-widget-text-editor\" data-id=\"24b0c8f8\" data-element_type=\"widget\" data-e-type=\"widget\" data-settings=\"{&quot;_animation&quot;:&quot;fadeInUp&quot;,&quot;_animation_delay&quot;:100}\" data-widget_type=\"text-editor.default\">\n\t\t\t\t<div class=\"elementor-widget-container\">\n\t\t\t\t\t\t\t\t\t<p>Nous sommes une organisation panafricaine \u00e0 but non lucratif qui s'engage \u00e0 faire progresser l'\u00e9ducation des filles, \u00e0 autonomiser les femmes et \u00e0 construire des communaut\u00e9s plus fortes \u00e0 travers le continent.<\/p>\t\t\t\t\t\t\t\t<\/div>\n\t\t\t\t<\/div>\n\t\t\t\t<\/div>\n\t\t\t\t\t<\/div>\n\t\t\t\t<\/div>\n\t\t<div class=\"elementor-element elementor-element-4ee2e979 e-flex e-con-boxed e-con e-parent\" data-id=\"4ee2e979\" data-element_type=\"container\" data-e-type=\"container\" data-settings=\"{&quot;background_background&quot;:&quot;classic&quot;}\">\n\t\t\t\t\t<div class=\"e-con-inner\">\n\t\t<div class=\"elementor-element elementor-element-1ad96bda e-con-full animated-slow e-flex elementor-invisible e-con e-child\" data-id=\"1ad96bda\" data-element_type=\"container\" data-e-type=\"container\" data-settings=\"{&quot;animation&quot;:&quot;fadeIn&quot;,&quot;animation_delay&quot;:100,&quot;background_background&quot;:&quot;classic&quot;}\">\n\t\t\t\t<\/div>\n\t\t<div class=\"elementor-element elementor-element-66623b96 e-con-full e-flex e-con e-child\" data-id=\"66623b96\" data-element_type=\"container\" data-e-type=\"container\">\n\t\t\t\t<div class=\"elementor-element elementor-element-1a314859 elementor-widget__width-initial animated-slow elementor-invisible elementor-widget elementor-widget-heading\" data-id=\"1a314859\" data-element_type=\"widget\" data-e-type=\"widget\" data-settings=\"{&quot;_animation&quot;:&quot;fadeInUp&quot;}\" data-widget_type=\"heading.default\">\n\t\t\t\t<div class=\"elementor-widget-container\">\n\t\t\t\t\t<h2 class=\"elementor-heading-title elementor-size-default\">Programme d'acc\u00e8s \u00e0 l'enseignement sup\u00e9rieur en Ouganda (HEAP)\n<\/h2>\t\t\t\t<\/div>\n\t\t\t\t<\/div>\n\t\t\t\t<div class=\"elementor-element elementor-element-71b3d814 elementor-widget-divider--view-line elementor-widget elementor-widget-divider\" data-id=\"71b3d814\" data-element_type=\"widget\" data-e-type=\"widget\" data-widget_type=\"divider.default\">\n\t\t\t\t<div class=\"elementor-widget-container\">\n\t\t\t\t\t\t\t<div class=\"elementor-divider\">\n\t\t\t<span class=\"elementor-divider-separator\">\n\t\t\t\t\t\t<\/span>\n\t\t<\/div>\n\t\t\t\t\t\t<\/div>\n\t\t\t\t<\/div>\n\t\t\t\t<div class=\"elementor-element elementor-element-099f3b2 elementor-widget elementor-widget-text-editor\" data-id=\"099f3b2\" data-element_type=\"widget\" data-e-type=\"widget\" data-widget_type=\"text-editor.default\">\n\t\t\t\t<div class=\"elementor-widget-container\">\n\t\t\t\t\t\t\t\t\t<p>Le programme d'acc\u00e8s \u00e0 l'enseignement sup\u00e9rieur est un programme de huit ans qui vise \u00e0 permettre \u00e0 300 jeunes femmes et hommes des r\u00e9gions \u00e9conomiquement d\u00e9favoris\u00e9es de l'Ouganda d'acc\u00e9der \u00e0 l'\u00e9ducation et au d\u00e9veloppement du leadership, y compris la transition vers l'enseignement sup\u00e9rieur ou l'obtention d'un emploi dans des secteurs qui contribuent au d\u00e9veloppement de leurs communaut\u00e9s et du pays.<\/p><p>Le programme est ax\u00e9 sur l'octroi de bourses \u00e0 des \u00e9tudiants brillants et dou\u00e9s de la r\u00e9gion du Nord, notamment Adjumani, Amudat, Amuru, Kaabong et Pader ; des r\u00e9gions de l'Est, notamment Bukwo, Buyende, Katakwi et Mayuge ; et de la r\u00e9gion de l'Ouest, notamment Buliisa, Bundibugyo, Kanungu et Ntoroko.<\/p><p>Soutenu par la Fondation Mastercard \u00e0 hauteur de 10,48 millions USD, ce programme de huit ans, qui a d\u00e9but\u00e9 en novembre 2016, est mis en \u0153uvre par le FAWE Ouganda jusqu'en d\u00e9cembre 2023.<\/p><p>Ce programme offre 1001 bourses TTP3T aux apprenants et cible 300 \u00e9tudiants \u00e2g\u00e9s de 18 \u00e0 25 ans sur une p\u00e9riode de huit ans. 60% suivront des cours sanctionn\u00e9s par un dipl\u00f4me, tandis que 40% suivront des cours sanctionn\u00e9s par un dipl\u00f4me. Le programme est ax\u00e9 sur les sciences, couvrant les cours d'agriculture, de m\u00e9decine et de sant\u00e9, tandis que les cours li\u00e9s \u00e0 l'\u00e9ducation seront ax\u00e9s sur les sciences et les langues. Le programme est mis en \u0153uvre en partenariat avec cinq \u00e9tablissements d'enseignement sup\u00e9rieur : l'universit\u00e9 des sciences et technologies de Mbarara, l'universit\u00e9 de Gulu et l'universit\u00e9 de Busitema, l'\u00e9cole d'infirmi\u00e8res et de sages-femmes de Jinja et l'\u00e9cole de formation aux techniques de laboratoire m\u00e9dical. Une fois dipl\u00f4m\u00e9s, les \u00e9tudiants sont encourag\u00e9s \u00e0 retourner dans leur communaut\u00e9 pour travailler et am\u00e9liorer la vie des autres en comblant un manque critique de ressources humaines et en contribuant au d\u00e9veloppement \u00e9conomique.<\/p><p>Le programme utilise des approches cr\u00e9atives et innovantes telles que le programme d'orientation \u00e9tendu (EOP) pour aider les \u00e9tudiants d\u00e9favoris\u00e9s \u00e0 s'installer, \u00e0 \u00eatre comp\u00e9titifs et \u00e0 terminer leurs \u00e9tudes avec succ\u00e8s. En partenariat avec les trois universit\u00e9s partenaires, le programme s'est \u00e9galement lanc\u00e9 dans le d\u00e9veloppement d'un programme de transition de pr\u00e9-rentr\u00e9e (BP) qui, une fois accr\u00e9dit\u00e9, offrira une seconde chance aux \u00e9tudiants prometteurs dont les qualifications de pr\u00e9-rentr\u00e9e sont l\u00e9g\u00e8rement inf\u00e9rieures au seuil d'admission, et dont le potentiel acad\u00e9mique est limit\u00e9 par les insuffisances physiques, acad\u00e9miques et sociales de leurs \u00e9coles secondaires. Les bonnes pratiques et les le\u00e7ons tir\u00e9es de la mise en \u0153uvre de ces innovations seront document\u00e9es afin d'influencer la politique et d'informer leur adoption au-del\u00e0 du programme et des institutions partenaires en Ouganda.<\/p><p>\u00c0 propos de la Mastercard Foundation<\/p><p>La Fondation MasterCard collabore avec des organisations visionnaires afin d'offrir un meilleur acc\u00e8s \u00e0 l'\u00e9ducation, \u00e0 la formation professionnelle et aux services financiers aux personnes vivant dans la pauvret\u00e9, principalement en Afrique. En tant que l'une des plus grandes fondations priv\u00e9es, son travail est guid\u00e9 par sa mission qui consiste \u00e0 faire progresser l'apprentissage et \u00e0 promouvoir l'inclusion financi\u00e8re afin de cr\u00e9er un monde inclusif et \u00e9quitable. Bas\u00e9e \u00e0 Toronto, au Canada, son ind\u00e9pendance a \u00e9t\u00e9 \u00e9tablie par Mastercard lors de la cr\u00e9ation de la Fondation en 2006. Pour plus d'informations et pour vous inscrire \u00e0 la lettre d'information de la Fondation, veuillez consulter le site www.mastercardfdn.org. Suivez la Fondation sur Twitter \u00e0 l'adresse @MastercardFdn.<\/p>\t\t\t\t\t\t\t\t<\/div>\n\t\t\t\t<\/div>\n\t\t\t\t<\/div>\n\t\t\t\t\t<\/div>\n\t\t\t\t<\/div>\n\t\t\t\t<\/div>","protected":false},"excerpt":{"rendered":"<p>Programmes Together for a Better Tomorrow We are a pan-African nonprofit committed to advancing girls\u2019 education, empowering women, and building stronger communities across\u00a0the\u00a0continent. Higher Education Access Program in Uganda (HEAP) The Higher Education Access Program is an eight-year Program that seeks to enable 300 young women and men from economically disadvantaged regions of Uganda access [&hellip;]<\/p>\n","protected":false},"author":1,"featured_media":0,"parent":0,"menu_order":0,"comment_status":"closed","ping_status":"closed","template":"","meta":{"footnotes":""},"class_list":["post-60819","page","type-page","status-publish","hentry"],"yoast_head":"<!-- This site is optimized with the Yoast SEO plugin v27.1.1 - https:\/\/yoast.com\/product\/yoast-seo-wordpress\/ -->\n<title>Higher Education Access Program in Uganda (HEAP) - FORUM FOR AFRICAN WOMEN EDUCATIONALISTS (FAWE)<\/title>\n<meta name=\"robots\" content=\"index, follow, max-snippet:-1, max-image-preview:large, max-video-preview:-1\" \/>\n<link rel=\"canonical\" href=\"https:\/\/fawe.org\/fr\/higher-education-access-program-in-uganda-heap\/\" \/>\n<meta property=\"og:locale\" content=\"fr_FR\" \/>\n<meta property=\"og:type\" content=\"article\" \/>\n<meta property=\"og:title\" content=\"Higher Education Access Program in Uganda (HEAP) - FORUM FOR AFRICAN WOMEN EDUCATIONALISTS (FAWE)\" \/>\n<meta property=\"og:description\" content=\"Programmes Together for a Better Tomorrow We are a pan-African nonprofit committed to advancing girls\u2019 education, empowering women, and building stronger communities across\u00a0the\u00a0continent. Higher Education Access Program in Uganda (HEAP) The Higher Education Access Program is an eight-year Program that seeks to enable 300 young women and men from economically disadvantaged regions of Uganda access [&hellip;]\" \/>\n<meta property=\"og:url\" content=\"https:\/\/fawe.org\/fr\/higher-education-access-program-in-uganda-heap\/\" \/>\n<meta property=\"og:site_name\" content=\"FORUM FOR AFRICAN WOMEN EDUCATIONALISTS (FAWE)\" \/>\n<meta property=\"article:publisher\" content=\"https:\/\/www.facebook.com\/Forum.for.African.Women.Educationalists\" \/>\n<meta property=\"article:modified_time\" content=\"2025-09-16T14:05:49+00:00\" \/>\n<meta property=\"og:image\" content=\"https:\/\/fawe.org\/wp-content\/uploads\/2025\/07\/511197692_1117918787032068_1548540696703686237_n.jpg\" \/>\n\t<meta property=\"og:image:width\" content=\"1600\" \/>\n\t<meta property=\"og:image:height\" content=\"1066\" \/>\n\t<meta property=\"og:image:type\" content=\"image\/jpeg\" \/>\n<meta name=\"twitter:card\" content=\"summary_large_image\" \/>\n<meta name=\"twitter:site\" content=\"@FAWEAfrica\" \/>\n<meta name=\"twitter:label1\" content=\"Dur\u00e9e de lecture estim\u00e9e\" \/>\n\t<meta name=\"twitter:data1\" content=\"2 minutes\" \/>\n<script type=\"application\/ld+json\" class=\"yoast-schema-graph\">{\"@context\":\"https:\/\/schema.org\",\"@graph\":[{\"@type\":\"WebPage\",\"@id\":\"https:\/\/fawe.org\/fr\/higher-education-access-program-in-uganda-heap\/\",\"url\":\"https:\/\/fawe.org\/fr\/higher-education-access-program-in-uganda-heap\/\",\"name\":\"Higher Education Access Program in Uganda (HEAP) - FORUM FOR AFRICAN WOMEN EDUCATIONALISTS (FAWE)\",\"isPartOf\":{\"@id\":\"http:\/\/fawe.org\/en\/#website\"},\"datePublished\":\"2025-02-27T03:31:30+00:00\",\"dateModified\":\"2025-09-16T14:05:49+00:00\",\"breadcrumb\":{\"@id\":\"https:\/\/fawe.org\/fr\/higher-education-access-program-in-uganda-heap\/#breadcrumb\"},\"inLanguage\":\"fr-FR\",\"potentialAction\":[{\"@type\":\"ReadAction\",\"target\":[\"https:\/\/fawe.org\/fr\/higher-education-access-program-in-uganda-heap\/\"]}]},{\"@type\":\"BreadcrumbList\",\"@id\":\"https:\/\/fawe.org\/fr\/higher-education-access-program-in-uganda-heap\/#breadcrumb\",\"itemListElement\":[{\"@type\":\"ListItem\",\"position\":1,\"name\":\"Home\",\"item\":\"http:\/\/fawe.org\/en\/\"},{\"@type\":\"ListItem\",\"position\":2,\"name\":\"Higher Education Access Program in Uganda (HEAP)\"}]},{\"@type\":\"WebSite\",\"@id\":\"http:\/\/fawe.org\/en\/#website\",\"url\":\"http:\/\/fawe.org\/en\/\",\"name\":\"FORUM FOR AFRICAN WOMEN EDUCATIONALISTS (FAWE)\",\"description\":\"Education for Change\",\"publisher\":{\"@id\":\"http:\/\/fawe.org\/en\/#organization\"},\"alternateName\":\"FAWE RS\",\"potentialAction\":[{\"@type\":\"SearchAction\",\"target\":{\"@type\":\"EntryPoint\",\"urlTemplate\":\"http:\/\/fawe.org\/en\/?s={search_term_string}\"},\"query-input\":{\"@type\":\"PropertyValueSpecification\",\"valueRequired\":true,\"valueName\":\"search_term_string\"}}],\"inLanguage\":\"fr-FR\"},{\"@type\":\"Organization\",\"@id\":\"http:\/\/fawe.org\/en\/#organization\",\"name\":\"FORUM FOR AFRICAN WOMEN EDUCATIONALISTS (FAWE)\",\"url\":\"http:\/\/fawe.org\/en\/\",\"logo\":{\"@type\":\"ImageObject\",\"inLanguage\":\"fr-FR\",\"@id\":\"http:\/\/fawe.org\/en\/#\/schema\/logo\/image\/\",\"url\":\"https:\/\/fawe.org\/wp-content\/uploads\/2025\/02\/FAWE-FINAL-PRIMARY-LOGO-1-Photoroom.png\",\"contentUrl\":\"https:\/\/fawe.org\/wp-content\/uploads\/2025\/02\/FAWE-FINAL-PRIMARY-LOGO-1-Photoroom.png\",\"width\":1280,\"height\":510,\"caption\":\"FORUM FOR AFRICAN WOMEN EDUCATIONALISTS (FAWE)\"},\"image\":{\"@id\":\"http:\/\/fawe.org\/en\/#\/schema\/logo\/image\/\"},\"sameAs\":[\"https:\/\/www.facebook.com\/Forum.for.African.Women.Educationalists\",\"https:\/\/x.com\/FAWEAfrica\",\"https:\/\/www.instagram.com\/fawe_africa\/\",\"https:\/\/www.linkedin.com\/company\/fawe-africa\/\",\"https:\/\/www.youtube.com\/@FAWEAfrica\"]}]}<\/script>\n<!-- \/ Yoast SEO plugin. -->","yoast_head_json":{"title":"Programme d'acc\u00e8s \u00e0 l'enseignement sup\u00e9rieur en Ouganda (HEAP) - FORUM FOR AFRICAN WOMEN EDUCATIONALISTS (FAWE)","robots":{"index":"index","follow":"follow","max-snippet":"max-snippet:-1","max-image-preview":"max-image-preview:large","max-video-preview":"max-video-preview:-1"},"canonical":"https:\/\/fawe.org\/fr\/higher-education-access-program-in-uganda-heap\/","og_locale":"fr_FR","og_type":"article","og_title":"Higher Education Access Program in Uganda (HEAP) - FORUM FOR AFRICAN WOMEN EDUCATIONALISTS (FAWE)","og_description":"Programmes Together for a Better Tomorrow We are a pan-African nonprofit committed to advancing girls\u2019 education, empowering women, and building stronger communities across\u00a0the\u00a0continent. Higher Education Access Program in Uganda (HEAP) The Higher Education Access Program is an eight-year Program that seeks to enable 300 young women and men from economically disadvantaged regions of Uganda access [&hellip;]","og_url":"https:\/\/fawe.org\/fr\/higher-education-access-program-in-uganda-heap\/","og_site_name":"FORUM FOR AFRICAN WOMEN EDUCATIONALISTS (FAWE)","article_publisher":"https:\/\/www.facebook.com\/Forum.for.African.Women.Educationalists","article_modified_time":"2025-09-16T14:05:49+00:00","og_image":[{"width":1600,"height":1066,"url":"https:\/\/fawe.org\/wp-content\/uploads\/2025\/07\/511197692_1117918787032068_1548540696703686237_n.jpg","type":"image\/jpeg"}],"twitter_card":"summary_large_image","twitter_site":"@FAWEAfrica","twitter_misc":{"Dur\u00e9e de lecture estim\u00e9e":"2 minutes"},"schema":{"@context":"https:\/\/schema.org","@graph":[{"@type":"WebPage","@id":"https:\/\/fawe.org\/fr\/higher-education-access-program-in-uganda-heap\/","url":"https:\/\/fawe.org\/fr\/higher-education-access-program-in-uganda-heap\/","name":"Programme d'acc\u00e8s \u00e0 l'enseignement sup\u00e9rieur en Ouganda (HEAP) - FORUM FOR AFRICAN WOMEN EDUCATIONALISTS (FAWE)","isPartOf":{"@id":"http:\/\/fawe.org\/en\/#website"},"datePublished":"2025-02-27T03:31:30+00:00","dateModified":"2025-09-16T14:05:49+00:00","breadcrumb":{"@id":"https:\/\/fawe.org\/fr\/higher-education-access-program-in-uganda-heap\/#breadcrumb"},"inLanguage":"fr-FR","potentialAction":[{"@type":"ReadAction","target":["https:\/\/fawe.org\/fr\/higher-education-access-program-in-uganda-heap\/"]}]},{"@type":"BreadcrumbList","@id":"https:\/\/fawe.org\/fr\/higher-education-access-program-in-uganda-heap\/#breadcrumb","itemListElement":[{"@type":"ListItem","position":1,"name":"Home","item":"http:\/\/fawe.org\/en\/"},{"@type":"ListItem","position":2,"name":"Higher Education Access Program in Uganda (HEAP)"}]},{"@type":"WebSite","@id":"http:\/\/fawe.org\/en\/#website","url":"http:\/\/fawe.org\/en\/","name":"FORUM DES \u00c9DUCATRICES AFRICAINES (FAWE)","description":"L'\u00e9ducation au changement","publisher":{"@id":"http:\/\/fawe.org\/en\/#organization"},"alternateName":"FAWE RS","potentialAction":[{"@type":"SearchAction","target":{"@type":"EntryPoint","urlTemplate":"http:\/\/fawe.org\/en\/?s={search_term_string}"},"query-input":{"@type":"PropertyValueSpecification","valueRequired":true,"valueName":"search_term_string"}}],"inLanguage":"fr-FR"},{"@type":"Organization","@id":"http:\/\/fawe.org\/en\/#organization","name":"FORUM DES \u00c9DUCATRICES AFRICAINES (FAWE)","url":"http:\/\/fawe.org\/en\/","logo":{"@type":"ImageObject","inLanguage":"fr-FR","@id":"http:\/\/fawe.org\/en\/#\/schema\/logo\/image\/","url":"https:\/\/fawe.org\/wp-content\/uploads\/2025\/02\/FAWE-FINAL-PRIMARY-LOGO-1-Photoroom.png","contentUrl":"https:\/\/fawe.org\/wp-content\/uploads\/2025\/02\/FAWE-FINAL-PRIMARY-LOGO-1-Photoroom.png","width":1280,"height":510,"caption":"FORUM FOR AFRICAN WOMEN EDUCATIONALISTS (FAWE)"},"image":{"@id":"http:\/\/fawe.org\/en\/#\/schema\/logo\/image\/"},"sameAs":["https:\/\/www.facebook.com\/Forum.for.African.Women.Educationalists","https:\/\/x.com\/FAWEAfrica","https:\/\/www.instagram.com\/fawe_africa\/","https:\/\/www.linkedin.com\/company\/fawe-africa\/","https:\/\/www.youtube.com\/@FAWEAfrica"]}]}},"_links":{"self":[{"href":"https:\/\/fawe.org\/fr\/wp-json\/wp\/v2\/pages\/60819","targetHints":{"allow":["GET"]}}],"collection":[{"href":"https:\/\/fawe.org\/fr\/wp-json\/wp\/v2\/pages"}],"about":[{"href":"https:\/\/fawe.org\/fr\/wp-json\/wp\/v2\/types\/page"}],"author":[{"embeddable":true,"href":"https:\/\/fawe.org\/fr\/wp-json\/wp\/v2\/users\/1"}],"replies":[{"embeddable":true,"href":"https:\/\/fawe.org\/fr\/wp-json\/wp\/v2\/comments?post=60819"}],"version-history":[{"count":0,"href":"https:\/\/fawe.org\/fr\/wp-json\/wp\/v2\/pages\/60819\/revisions"}],"wp:attachment":[{"href":"https:\/\/fawe.org\/fr\/wp-json\/wp\/v2\/media?parent=60819"}],"curies":[{"name":"wp","href":"https:\/\/api.w.org\/{rel}","templated":true}]}}