{"id":60814,"date":"2025-02-27T03:26:35","date_gmt":"2025-02-27T03:26:35","guid":{"rendered":"https:\/\/fawe.robilworld.co.ke\/?page_id=60814"},"modified":"2026-04-24T23:00:10","modified_gmt":"2026-04-24T20:00:10","slug":"mastercard-foundation-scholars-program","status":"publish","type":"page","link":"https:\/\/fawe.org\/fr\/mastercard-foundation-scholars-program\/","title":{"rendered":"Programme de bourses de la Fondation Mastercard"},"content":{"rendered":"<div data-elementor-type=\"wp-page\" data-elementor-id=\"60814\" class=\"elementor elementor-60814\" data-elementor-post-type=\"page\">\n\t\t\t\t<div class=\"elementor-element elementor-element-30af72eb e-flex e-con-boxed e-con e-parent\" data-id=\"30af72eb\" data-element_type=\"container\" data-e-type=\"container\" data-settings=\"{&quot;background_background&quot;:&quot;classic&quot;}\">\n\t\t\t\t\t<div class=\"e-con-inner\">\n\t\t<div class=\"elementor-element elementor-element-2119efe6 e-con-full e-flex e-con e-child\" data-id=\"2119efe6\" data-element_type=\"container\" data-e-type=\"container\">\n\t\t\t\t<div class=\"elementor-element elementor-element-278e2646 elementor-align-left animated-slow elementor-invisible elementor-widget elementor-widget-elementskit-button\" data-id=\"278e2646\" data-element_type=\"widget\" data-e-type=\"widget\" data-settings=\"{&quot;_animation&quot;:&quot;fadeInUp&quot;}\" data-widget_type=\"elementskit-button.default\">\n\t\t\t\t<div class=\"elementor-widget-container\">\n\t\t\t\t\t<div class=\"ekit-wid-con\" >\t\t<div class=\"ekit-btn-wraper\">\n\t\t\t\t\t\t\t<a href=\"#\" class=\"elementskit-btn  whitespace--normal\" id=\"\">\n\t\t\t\t\tProgrammes\t\t\t\t<\/a>\n\t\t\t\t\t<\/div>\n        <\/div>\t\t\t\t<\/div>\n\t\t\t\t<\/div>\n\t\t\t\t<div class=\"elementor-element elementor-element-7085f929 elementor-widget__width-initial animated-slow elementor-invisible elementor-widget elementor-widget-heading\" data-id=\"7085f929\" data-element_type=\"widget\" data-e-type=\"widget\" data-settings=\"{&quot;_animation&quot;:&quot;fadeInUp&quot;}\" data-widget_type=\"heading.default\">\n\t\t\t\t<div class=\"elementor-widget-container\">\n\t\t\t\t\t<h2 class=\"elementor-heading-title elementor-size-default\">Ensemble pour un avenir meilleur<\/h2>\t\t\t\t<\/div>\n\t\t\t\t<\/div>\n\t\t\t\t<\/div>\n\t\t<div class=\"elementor-element elementor-element-3c1eaf00 e-con-full e-flex e-con e-child\" data-id=\"3c1eaf00\" data-element_type=\"container\" data-e-type=\"container\">\n\t\t\t\t<div class=\"elementor-element elementor-element-63c4efab elementor-widget__width-initial animated-slow elementor-invisible elementor-widget elementor-widget-text-editor\" data-id=\"63c4efab\" data-element_type=\"widget\" data-e-type=\"widget\" data-settings=\"{&quot;_animation&quot;:&quot;fadeInUp&quot;,&quot;_animation_delay&quot;:100}\" data-widget_type=\"text-editor.default\">\n\t\t\t\t<div class=\"elementor-widget-container\">\n\t\t\t\t\t\t\t\t\t<p>Nous sommes une organisation panafricaine \u00e0 but non lucratif qui s'engage \u00e0 faire progresser l'\u00e9ducation des filles, \u00e0 autonomiser les femmes et \u00e0 construire des communaut\u00e9s plus fortes \u00e0 travers le continent.<\/p>\t\t\t\t\t\t\t\t<\/div>\n\t\t\t\t<\/div>\n\t\t\t\t<\/div>\n\t\t\t\t\t<\/div>\n\t\t\t\t<\/div>\n\t\t<div class=\"elementor-element elementor-element-3594e959 e-flex e-con-boxed e-con e-parent\" data-id=\"3594e959\" data-element_type=\"container\" data-e-type=\"container\" data-settings=\"{&quot;background_background&quot;:&quot;classic&quot;}\">\n\t\t\t\t\t<div class=\"e-con-inner\">\n\t\t<div class=\"elementor-element elementor-element-2a7b16d6 e-con-full animated-slow e-flex elementor-invisible e-con e-child\" data-id=\"2a7b16d6\" data-element_type=\"container\" data-e-type=\"container\" data-settings=\"{&quot;animation&quot;:&quot;fadeIn&quot;,&quot;animation_delay&quot;:100,&quot;background_background&quot;:&quot;classic&quot;}\">\n\t\t\t\t<\/div>\n\t\t<div class=\"elementor-element elementor-element-751b852d e-con-full e-flex e-con e-child\" data-id=\"751b852d\" data-element_type=\"container\" data-e-type=\"container\">\n\t\t\t\t<div class=\"elementor-element elementor-element-658aa999 elementor-widget__width-initial animated-slow elementor-invisible elementor-widget elementor-widget-heading\" data-id=\"658aa999\" data-element_type=\"widget\" data-e-type=\"widget\" data-settings=\"{&quot;_animation&quot;:&quot;fadeInUp&quot;}\" data-widget_type=\"heading.default\">\n\t\t\t\t<div class=\"elementor-widget-container\">\n\t\t\t\t\t<h2 class=\"elementor-heading-title elementor-size-default\">Programme de bourses de la Fondation Mastercard<\/h2>\t\t\t\t<\/div>\n\t\t\t\t<\/div>\n\t\t\t\t<div class=\"elementor-element elementor-element-7801dff2 elementor-widget-divider--view-line elementor-widget elementor-widget-divider\" data-id=\"7801dff2\" data-element_type=\"widget\" data-e-type=\"widget\" data-widget_type=\"divider.default\">\n\t\t\t\t<div class=\"elementor-widget-container\">\n\t\t\t\t\t\t\t<div class=\"elementor-divider\">\n\t\t\t<span class=\"elementor-divider-separator\">\n\t\t\t\t\t\t<\/span>\n\t\t<\/div>\n\t\t\t\t\t\t<\/div>\n\t\t\t\t<\/div>\n\t\t\t\t<div class=\"elementor-element elementor-element-1231086 elementor-widget elementor-widget-text-editor\" data-id=\"1231086\" data-element_type=\"widget\" data-e-type=\"widget\" data-widget_type=\"text-editor.default\">\n\t\t\t\t<div class=\"elementor-widget-container\">\n\t\t\t\t\t\t\t\t\t<p data-start=\"134\" data-end=\"731\">Le <strong data-start=\"138\" data-end=\"180\">Programme de bourses de la Fondation Mastercard<\/strong> permet \u00e0 des jeunes gens dou\u00e9s sur le plan acad\u00e9mique mais financi\u00e8rement d\u00e9favoris\u00e9s, en particulier en Afrique, d'acc\u00e9der \u00e0 un enseignement secondaire et universitaire de qualit\u00e9 et pertinent. Les \u00e9tudiants s\u00e9lectionn\u00e9s pour le programme re\u00e7oivent un ensemble complet de soutien financier, social et acad\u00e9mique tout au long de leurs \u00e9tudes et pendant leur transition vers la vie post-universitaire. Le programme est constitu\u00e9 d'un r\u00e9seau mondial d'\u00e9tablissements d'enseignement et d'organisations \u00e0 but non lucratif qui partagent la conviction que l'\u00e9ducation est un catalyseur de la transformation sociale et \u00e9conomique.<\/p><p data-start=\"733\" data-end=\"989\">Soutenu par la Fondation Mastercard avec un financement de 17,38 millions de dollars, ce programme d\u00e9cennal a \u00e9t\u00e9 lanc\u00e9 en ao\u00fbt 2013 et est mis en \u0153uvre par le FAWE par le biais de ses sections nationales en \u00c9thiopie et au Rwanda. Le programme s'\u00e9tend jusqu'en d\u00e9cembre 2025.<\/p><p data-start=\"991\" data-end=\"1931\">En \u00c9thiopie, le programme de bourses du FAWE \u00c9thiopie offre un ensemble complet de bourses \u00e0 800 \u00e9tudiants (600 filles et 200 gar\u00e7ons) tout au long de l'enseignement secondaire (de la 9e \u00e0 la 12e ann\u00e9e). Le programme vise \u00e0 fournir aux \u00e9l\u00e8ves brillants mais d\u00e9favoris\u00e9s le mat\u00e9riel scolaire n\u00e9cessaire et un soutien \u00e0 l'autonomisation pour acqu\u00e9rir des connaissances et des comp\u00e9tences essentielles gr\u00e2ce \u00e0 une \u00e9ducation de qualit\u00e9. Cela leur permet d'acc\u00e9der \u00e0 de meilleurs moyens de subsistance et de contribuer au d\u00e9veloppement du foyer, de la communaut\u00e9 et de la nation. Le programme est actuellement mis en \u0153uvre dans huit \u00e9coles partenaires, priv\u00e9es et publiques, situ\u00e9es dans quatre zones marginalis\u00e9es o\u00f9 les disparit\u00e9s entre les sexes en mati\u00e8re d'\u00e9ducation sont les plus prononc\u00e9es : Bahir Dar dans la r\u00e9gion Amhara, Adama dans la r\u00e9gion Oromia, Hawassa dans la r\u00e9gion des nations, nationalit\u00e9s et peuples du Sud (SNNPR), et des parties marginalis\u00e9es de l'administration de la ville d'Addis-Abeba. \u00c0 ce jour, le programme a touch\u00e9 400 \u00e9tudiants.<\/p><p data-start=\"1933\" data-end=\"2765\">Au Rwanda, le Programme des boursiers du FAWE Rwanda fournit aux \u00e9tudiants du mat\u00e9riel scolaire ainsi qu'une formation aux comp\u00e9tences, un d\u00e9veloppement du leadership, des conseils et un mentorat. Le programme vise \u00e0 soutenir 1 200 filles dans l'enseignement secondaire - de jeunes leaders dans trois cohortes (Secondaire 4 \u00e0 6) - afin qu'elles acqui\u00e8rent des connaissances et des comp\u00e9tences essentielles par le biais d'une \u00e9ducation de qualit\u00e9. Elles pourront ainsi poursuivre leurs aspirations et contribuer au d\u00e9veloppement de leur foyer, de leur communaut\u00e9 et de leur pays. Tous les boursiers sont s\u00e9lectionn\u00e9s dans le cadre d'un processus transparent qui favorise la participation et l'appropriation de la communaut\u00e9. Environ 70 % des boursiers du secondaire qui passent \u00e0 l'universit\u00e9 devraient b\u00e9n\u00e9ficier d'un soutien total ou partiel du programme, tandis que quelques-uns pourraient obtenir des bourses internationales compl\u00e8tes aupr\u00e8s d'autres universit\u00e9s partenaires de la Mastercard Foundation.<\/p><hr data-start=\"2767\" data-end=\"2770\" \/><h3 data-section-id=\"1igmbld\" data-start=\"2772\" data-end=\"2811\"><span role=\"text\"><strong data-start=\"2776\" data-end=\"2811\">\u00c0 propos de la Mastercard Foundation<\/strong><\/span><\/h3><p data-start=\"2813\" data-end=\"3284\">La Mastercard Foundation travaille avec des organisations visionnaires pour \u00e9largir l'acc\u00e8s \u00e0 l'\u00e9ducation, \u00e0 la formation professionnelle et aux services financiers pour les personnes vivant dans la pauvret\u00e9, principalement en Afrique. En tant que l'une des plus grandes fondations priv\u00e9es, son travail est guid\u00e9 par sa mission de faire progresser l'apprentissage et de promouvoir l'inclusion financi\u00e8re afin de cr\u00e9er un monde inclusif et \u00e9quitable. Bas\u00e9e \u00e0 Toronto, au Canada, la Fondation a \u00e9t\u00e9 cr\u00e9\u00e9e en 2006 par Mastercard en tant qu'entit\u00e9 ind\u00e9pendante.<\/p><p data-start=\"3286\" data-end=\"3450\">Pour plus d'informations et pour vous abonner \u00e0 la lettre d'information de la Fondation, veuillez consulter le site : <strong data-start=\"3370\" data-end=\"3395\"><a class=\"decorated-link\" href=\"http:\/\/www.mastercardfdn.org\" target=\"_new\" rel=\"noopener\" data-start=\"3372\" data-end=\"3393\">www.mastercardfdn.org<\/a><\/strong><br data-start=\"3395\" data-end=\"3398\" \/>Suivez la Fondation sur Twitter : <strong data-start=\"3432\" data-end=\"3450\">@MastercardFdn<\/strong><\/p>\t\t\t\t\t\t\t\t<\/div>\n\t\t\t\t<\/div>\n\t\t\t\t<\/div>\n\t\t\t\t\t<\/div>\n\t\t\t\t<\/div>\n\t\t\t\t<\/div>","protected":false},"excerpt":{"rendered":"<p>Programmes Together for a Better Tomorrow We are a pan-African nonprofit committed to advancing girls\u2019 education, empowering women, and building stronger communities across\u00a0the\u00a0continent. Mastercard Foundation Scholars Program The Mastercard Foundation Scholars Program provides academically talented yet financially disadvantaged young people, particularly from Africa, with access to quality and relevant secondary and university education. Students selected [&hellip;]<\/p>\n","protected":false},"author":1,"featured_media":0,"parent":0,"menu_order":0,"comment_status":"closed","ping_status":"closed","template":"","meta":{"footnotes":""},"class_list":["post-60814","page","type-page","status-publish","hentry"],"yoast_head":"<!-- This site is optimized with the Yoast SEO plugin v27.1.1 - https:\/\/yoast.com\/product\/yoast-seo-wordpress\/ -->\n<title>Mastercard Foundation Scholars Program - FORUM FOR AFRICAN WOMEN EDUCATIONALISTS (FAWE)<\/title>\n<meta name=\"robots\" content=\"index, follow, max-snippet:-1, max-image-preview:large, max-video-preview:-1\" \/>\n<link rel=\"canonical\" href=\"https:\/\/fawe.org\/fr\/mastercard-foundation-scholars-program\/\" \/>\n<meta property=\"og:locale\" content=\"fr_FR\" \/>\n<meta property=\"og:type\" content=\"article\" \/>\n<meta property=\"og:title\" content=\"Mastercard Foundation Scholars Program - FORUM FOR AFRICAN WOMEN EDUCATIONALISTS (FAWE)\" \/>\n<meta property=\"og:description\" content=\"Programmes Together for a Better Tomorrow We are a pan-African nonprofit committed to advancing girls\u2019 education, empowering women, and building stronger communities across\u00a0the\u00a0continent. Mastercard Foundation Scholars Program The Mastercard Foundation Scholars Program provides academically talented yet financially disadvantaged young people, particularly from Africa, with access to quality and relevant secondary and university education. Students selected [&hellip;]\" \/>\n<meta property=\"og:url\" content=\"https:\/\/fawe.org\/fr\/mastercard-foundation-scholars-program\/\" \/>\n<meta property=\"og:site_name\" content=\"FORUM FOR AFRICAN WOMEN EDUCATIONALISTS (FAWE)\" \/>\n<meta property=\"article:publisher\" content=\"https:\/\/www.facebook.com\/Forum.for.African.Women.Educationalists\" \/>\n<meta property=\"article:modified_time\" content=\"2026-04-24T20:00:10+00:00\" \/>\n<meta property=\"og:image\" content=\"https:\/\/fawe.org\/wp-content\/uploads\/2025\/07\/511197692_1117918787032068_1548540696703686237_n.jpg\" \/>\n\t<meta property=\"og:image:width\" content=\"1600\" \/>\n\t<meta property=\"og:image:height\" content=\"1066\" \/>\n\t<meta property=\"og:image:type\" content=\"image\/jpeg\" \/>\n<meta name=\"twitter:card\" content=\"summary_large_image\" \/>\n<meta name=\"twitter:site\" content=\"@FAWEAfrica\" \/>\n<meta name=\"twitter:label1\" content=\"Dur\u00e9e de lecture estim\u00e9e\" \/>\n\t<meta name=\"twitter:data1\" content=\"3 minutes\" \/>\n<script type=\"application\/ld+json\" class=\"yoast-schema-graph\">{\"@context\":\"https:\/\/schema.org\",\"@graph\":[{\"@type\":\"WebPage\",\"@id\":\"https:\/\/fawe.org\/en\/mastercard-foundation-scholars-program\/\",\"url\":\"https:\/\/fawe.org\/en\/mastercard-foundation-scholars-program\/\",\"name\":\"Mastercard Foundation Scholars Program - FORUM FOR AFRICAN WOMEN EDUCATIONALISTS (FAWE)\",\"isPartOf\":{\"@id\":\"http:\/\/fawe.org\/en\/#website\"},\"datePublished\":\"2025-02-27T03:26:35+00:00\",\"dateModified\":\"2026-04-24T20:00:10+00:00\",\"breadcrumb\":{\"@id\":\"https:\/\/fawe.org\/en\/mastercard-foundation-scholars-program\/#breadcrumb\"},\"inLanguage\":\"fr-FR\",\"potentialAction\":[{\"@type\":\"ReadAction\",\"target\":[\"https:\/\/fawe.org\/en\/mastercard-foundation-scholars-program\/\"]}]},{\"@type\":\"BreadcrumbList\",\"@id\":\"https:\/\/fawe.org\/en\/mastercard-foundation-scholars-program\/#breadcrumb\",\"itemListElement\":[{\"@type\":\"ListItem\",\"position\":1,\"name\":\"Home\",\"item\":\"http:\/\/fawe.org\/en\/\"},{\"@type\":\"ListItem\",\"position\":2,\"name\":\"Mastercard Foundation Scholars Program\"}]},{\"@type\":\"WebSite\",\"@id\":\"http:\/\/fawe.org\/en\/#website\",\"url\":\"http:\/\/fawe.org\/en\/\",\"name\":\"FORUM FOR AFRICAN WOMEN EDUCATIONALISTS (FAWE)\",\"description\":\"Education for Change\",\"publisher\":{\"@id\":\"http:\/\/fawe.org\/en\/#organization\"},\"alternateName\":\"FAWE RS\",\"potentialAction\":[{\"@type\":\"SearchAction\",\"target\":{\"@type\":\"EntryPoint\",\"urlTemplate\":\"http:\/\/fawe.org\/en\/?s={search_term_string}\"},\"query-input\":{\"@type\":\"PropertyValueSpecification\",\"valueRequired\":true,\"valueName\":\"search_term_string\"}}],\"inLanguage\":\"fr-FR\"},{\"@type\":\"Organization\",\"@id\":\"http:\/\/fawe.org\/en\/#organization\",\"name\":\"FORUM FOR AFRICAN WOMEN EDUCATIONALISTS (FAWE)\",\"url\":\"http:\/\/fawe.org\/en\/\",\"logo\":{\"@type\":\"ImageObject\",\"inLanguage\":\"fr-FR\",\"@id\":\"http:\/\/fawe.org\/en\/#\/schema\/logo\/image\/\",\"url\":\"https:\/\/fawe.org\/wp-content\/uploads\/2025\/02\/FAWE-FINAL-PRIMARY-LOGO-1-Photoroom.png\",\"contentUrl\":\"https:\/\/fawe.org\/wp-content\/uploads\/2025\/02\/FAWE-FINAL-PRIMARY-LOGO-1-Photoroom.png\",\"width\":1280,\"height\":510,\"caption\":\"FORUM FOR AFRICAN WOMEN EDUCATIONALISTS (FAWE)\"},\"image\":{\"@id\":\"http:\/\/fawe.org\/en\/#\/schema\/logo\/image\/\"},\"sameAs\":[\"https:\/\/www.facebook.com\/Forum.for.African.Women.Educationalists\",\"https:\/\/x.com\/FAWEAfrica\",\"https:\/\/www.instagram.com\/fawe_africa\/\",\"https:\/\/www.linkedin.com\/company\/fawe-africa\/\",\"https:\/\/www.youtube.com\/@FAWEAfrica\"]}]}<\/script>\n<!-- \/ Yoast SEO plugin. -->","yoast_head_json":{"title":"Mastercard Foundation Scholars Program - FORUM POUR LES FEMMES AFRICAINES \u00c9DUCATIVES (FAWE)","robots":{"index":"index","follow":"follow","max-snippet":"max-snippet:-1","max-image-preview":"max-image-preview:large","max-video-preview":"max-video-preview:-1"},"canonical":"https:\/\/fawe.org\/fr\/mastercard-foundation-scholars-program\/","og_locale":"fr_FR","og_type":"article","og_title":"Mastercard Foundation Scholars Program - FORUM FOR AFRICAN WOMEN EDUCATIONALISTS (FAWE)","og_description":"Programmes Together for a Better Tomorrow We are a pan-African nonprofit committed to advancing girls\u2019 education, empowering women, and building stronger communities across\u00a0the\u00a0continent. Mastercard Foundation Scholars Program The Mastercard Foundation Scholars Program provides academically talented yet financially disadvantaged young people, particularly from Africa, with access to quality and relevant secondary and university education. Students selected [&hellip;]","og_url":"https:\/\/fawe.org\/fr\/mastercard-foundation-scholars-program\/","og_site_name":"FORUM FOR AFRICAN WOMEN EDUCATIONALISTS (FAWE)","article_publisher":"https:\/\/www.facebook.com\/Forum.for.African.Women.Educationalists","article_modified_time":"2026-04-24T20:00:10+00:00","og_image":[{"width":1600,"height":1066,"url":"https:\/\/fawe.org\/wp-content\/uploads\/2025\/07\/511197692_1117918787032068_1548540696703686237_n.jpg","type":"image\/jpeg"}],"twitter_card":"summary_large_image","twitter_site":"@FAWEAfrica","twitter_misc":{"Dur\u00e9e de lecture estim\u00e9e":"3 minutes"},"schema":{"@context":"https:\/\/schema.org","@graph":[{"@type":"WebPage","@id":"https:\/\/fawe.org\/en\/mastercard-foundation-scholars-program\/","url":"https:\/\/fawe.org\/en\/mastercard-foundation-scholars-program\/","name":"Mastercard Foundation Scholars Program - FORUM POUR LES FEMMES AFRICAINES \u00c9DUCATIVES (FAWE)","isPartOf":{"@id":"http:\/\/fawe.org\/en\/#website"},"datePublished":"2025-02-27T03:26:35+00:00","dateModified":"2026-04-24T20:00:10+00:00","breadcrumb":{"@id":"https:\/\/fawe.org\/en\/mastercard-foundation-scholars-program\/#breadcrumb"},"inLanguage":"fr-FR","potentialAction":[{"@type":"ReadAction","target":["https:\/\/fawe.org\/en\/mastercard-foundation-scholars-program\/"]}]},{"@type":"BreadcrumbList","@id":"https:\/\/fawe.org\/en\/mastercard-foundation-scholars-program\/#breadcrumb","itemListElement":[{"@type":"ListItem","position":1,"name":"Home","item":"http:\/\/fawe.org\/en\/"},{"@type":"ListItem","position":2,"name":"Mastercard Foundation Scholars Program"}]},{"@type":"WebSite","@id":"http:\/\/fawe.org\/en\/#website","url":"http:\/\/fawe.org\/en\/","name":"FORUM DES \u00c9DUCATRICES AFRICAINES (FAWE)","description":"L'\u00e9ducation au changement","publisher":{"@id":"http:\/\/fawe.org\/en\/#organization"},"alternateName":"FAWE RS","potentialAction":[{"@type":"SearchAction","target":{"@type":"EntryPoint","urlTemplate":"http:\/\/fawe.org\/en\/?s={search_term_string}"},"query-input":{"@type":"PropertyValueSpecification","valueRequired":true,"valueName":"search_term_string"}}],"inLanguage":"fr-FR"},{"@type":"Organization","@id":"http:\/\/fawe.org\/en\/#organization","name":"FORUM DES \u00c9DUCATRICES AFRICAINES (FAWE)","url":"http:\/\/fawe.org\/en\/","logo":{"@type":"ImageObject","inLanguage":"fr-FR","@id":"http:\/\/fawe.org\/en\/#\/schema\/logo\/image\/","url":"https:\/\/fawe.org\/wp-content\/uploads\/2025\/02\/FAWE-FINAL-PRIMARY-LOGO-1-Photoroom.png","contentUrl":"https:\/\/fawe.org\/wp-content\/uploads\/2025\/02\/FAWE-FINAL-PRIMARY-LOGO-1-Photoroom.png","width":1280,"height":510,"caption":"FORUM FOR AFRICAN WOMEN EDUCATIONALISTS (FAWE)"},"image":{"@id":"http:\/\/fawe.org\/en\/#\/schema\/logo\/image\/"},"sameAs":["https:\/\/www.facebook.com\/Forum.for.African.Women.Educationalists","https:\/\/x.com\/FAWEAfrica","https:\/\/www.instagram.com\/fawe_africa\/","https:\/\/www.linkedin.com\/company\/fawe-africa\/","https:\/\/www.youtube.com\/@FAWEAfrica"]}]}},"_links":{"self":[{"href":"https:\/\/fawe.org\/fr\/wp-json\/wp\/v2\/pages\/60814","targetHints":{"allow":["GET"]}}],"collection":[{"href":"https:\/\/fawe.org\/fr\/wp-json\/wp\/v2\/pages"}],"about":[{"href":"https:\/\/fawe.org\/fr\/wp-json\/wp\/v2\/types\/page"}],"author":[{"embeddable":true,"href":"https:\/\/fawe.org\/fr\/wp-json\/wp\/v2\/users\/1"}],"replies":[{"embeddable":true,"href":"https:\/\/fawe.org\/fr\/wp-json\/wp\/v2\/comments?post=60814"}],"version-history":[{"count":3,"href":"https:\/\/fawe.org\/fr\/wp-json\/wp\/v2\/pages\/60814\/revisions"}],"predecessor-version":[{"id":73046,"href":"https:\/\/fawe.org\/fr\/wp-json\/wp\/v2\/pages\/60814\/revisions\/73046"}],"wp:attachment":[{"href":"https:\/\/fawe.org\/fr\/wp-json\/wp\/v2\/media?parent=60814"}],"curies":[{"name":"wp","href":"https:\/\/api.w.org\/{rel}","templated":true}]}}