{"id":60805,"date":"2025-02-27T03:04:12","date_gmt":"2025-02-27T03:04:12","guid":{"rendered":"https:\/\/fawe.robilworld.co.ke\/?page_id=60805"},"modified":"2025-09-16T17:09:34","modified_gmt":"2025-09-16T14:09:34","slug":"gpe-kix-tuseme-a-voice-for-idp-and-refugee-children","status":"publish","type":"page","link":"https:\/\/fawe.org\/fr\/gpe-kix-tuseme-a-voice-for-idp-and-refugee-children\/","title":{"rendered":"GPE KIX Tuseme - Une voix pour les enfants d\u00e9plac\u00e9s et r\u00e9fugi\u00e9s"},"content":{"rendered":"<div data-elementor-type=\"wp-page\" data-elementor-id=\"60805\" class=\"elementor elementor-60805\" data-elementor-post-type=\"page\">\n\t\t\t\t<div class=\"elementor-element elementor-element-4feffec6 e-flex e-con-boxed e-con e-parent\" data-id=\"4feffec6\" data-element_type=\"container\" data-e-type=\"container\" data-settings=\"{&quot;background_background&quot;:&quot;classic&quot;}\">\n\t\t\t\t\t<div class=\"e-con-inner\">\n\t\t<div class=\"elementor-element elementor-element-7ea797b8 e-con-full e-flex e-con e-child\" data-id=\"7ea797b8\" data-element_type=\"container\" data-e-type=\"container\">\n\t\t\t\t<div class=\"elementor-element elementor-element-559211e1 elementor-align-left animated-slow elementor-invisible elementor-widget elementor-widget-elementskit-button\" data-id=\"559211e1\" data-element_type=\"widget\" data-e-type=\"widget\" data-settings=\"{&quot;_animation&quot;:&quot;fadeInUp&quot;}\" data-widget_type=\"elementskit-button.default\">\n\t\t\t\t<div class=\"elementor-widget-container\">\n\t\t\t\t\t<div class=\"ekit-wid-con\" >\t\t<div class=\"ekit-btn-wraper\">\n\t\t\t\t\t\t\t<a href=\"#\" class=\"elementskit-btn  whitespace--normal\" id=\"\">\n\t\t\t\t\tProgrammes\t\t\t\t<\/a>\n\t\t\t\t\t<\/div>\n        <\/div>\t\t\t\t<\/div>\n\t\t\t\t<\/div>\n\t\t\t\t<div class=\"elementor-element elementor-element-67e3fab elementor-widget__width-initial animated-slow elementor-invisible elementor-widget elementor-widget-heading\" data-id=\"67e3fab\" data-element_type=\"widget\" data-e-type=\"widget\" data-settings=\"{&quot;_animation&quot;:&quot;fadeInUp&quot;}\" data-widget_type=\"heading.default\">\n\t\t\t\t<div class=\"elementor-widget-container\">\n\t\t\t\t\t<h2 class=\"elementor-heading-title elementor-size-default\">Ensemble pour un avenir meilleur<\/h2>\t\t\t\t<\/div>\n\t\t\t\t<\/div>\n\t\t\t\t<\/div>\n\t\t<div class=\"elementor-element elementor-element-28ec920a e-con-full e-flex e-con e-child\" data-id=\"28ec920a\" data-element_type=\"container\" data-e-type=\"container\">\n\t\t\t\t<div class=\"elementor-element elementor-element-6a5e8a02 elementor-widget__width-initial animated-slow elementor-invisible elementor-widget elementor-widget-text-editor\" data-id=\"6a5e8a02\" data-element_type=\"widget\" data-e-type=\"widget\" data-settings=\"{&quot;_animation&quot;:&quot;fadeInUp&quot;,&quot;_animation_delay&quot;:100}\" data-widget_type=\"text-editor.default\">\n\t\t\t\t<div class=\"elementor-widget-container\">\n\t\t\t\t\t\t\t\t\t<p>Nous sommes une organisation panafricaine \u00e0 but non lucratif qui s'engage \u00e0 faire progresser l'\u00e9ducation des filles, \u00e0 autonomiser les femmes et \u00e0 construire des communaut\u00e9s plus fortes \u00e0 travers le continent.<\/p>\t\t\t\t\t\t\t\t<\/div>\n\t\t\t\t<\/div>\n\t\t\t\t<\/div>\n\t\t\t\t\t<\/div>\n\t\t\t\t<\/div>\n\t\t<div class=\"elementor-element elementor-element-60b4f8d2 e-flex e-con-boxed e-con e-parent\" data-id=\"60b4f8d2\" data-element_type=\"container\" data-e-type=\"container\" data-settings=\"{&quot;background_background&quot;:&quot;classic&quot;}\">\n\t\t\t\t\t<div class=\"e-con-inner\">\n\t\t<div class=\"elementor-element elementor-element-2f11d5c4 e-con-full animated-slow e-flex elementor-invisible e-con e-child\" data-id=\"2f11d5c4\" data-element_type=\"container\" data-e-type=\"container\" data-settings=\"{&quot;animation&quot;:&quot;fadeIn&quot;,&quot;animation_delay&quot;:100,&quot;background_background&quot;:&quot;classic&quot;}\">\n\t\t\t\t<\/div>\n\t\t<div class=\"elementor-element elementor-element-6759012d e-con-full e-flex e-con e-child\" data-id=\"6759012d\" data-element_type=\"container\" data-e-type=\"container\">\n\t\t\t\t<div class=\"elementor-element elementor-element-44e2ee64 elementor-widget__width-initial animated-slow elementor-invisible elementor-widget elementor-widget-heading\" data-id=\"44e2ee64\" data-element_type=\"widget\" data-e-type=\"widget\" data-settings=\"{&quot;_animation&quot;:&quot;fadeInUp&quot;}\" data-widget_type=\"heading.default\">\n\t\t\t\t<div class=\"elementor-widget-container\">\n\t\t\t\t\t<h2 class=\"elementor-heading-title elementor-size-default\">Tuseme - Une voix pour les enfants d\u00e9plac\u00e9s et r\u00e9fugi\u00e9s<\/h2>\t\t\t\t<\/div>\n\t\t\t\t<\/div>\n\t\t\t\t<div class=\"elementor-element elementor-element-7bac59f7 elementor-widget-divider--view-line elementor-widget elementor-widget-divider\" data-id=\"7bac59f7\" data-element_type=\"widget\" data-e-type=\"widget\" data-widget_type=\"divider.default\">\n\t\t\t\t<div class=\"elementor-widget-container\">\n\t\t\t\t\t\t\t<div class=\"elementor-divider\">\n\t\t\t<span class=\"elementor-divider-separator\">\n\t\t\t\t\t\t<\/span>\n\t\t<\/div>\n\t\t\t\t\t\t<\/div>\n\t\t\t\t<\/div>\n\t\t\t\t<div class=\"elementor-element elementor-element-b66ec63 elementor-widget elementor-widget-text-editor\" data-id=\"b66ec63\" data-element_type=\"widget\" data-e-type=\"widget\" data-widget_type=\"text-editor.default\">\n\t\t\t\t<div class=\"elementor-widget-container\">\n\t\t\t\t\t\t\t\t\t<p>Le Forum des \u00e9ducatrices africaines (FAWE), par le biais du projet Tuseme - A Voice for IDP and Refugee Children, explore les innovations \u00e9ducatives au Kenya, en Ouganda et en \u00c9thiopie pour soutenir les filles r\u00e9fugi\u00e9es et d\u00e9plac\u00e9es \u00e0 l'int\u00e9rieur de leur pays (IDP) en identifiant leurs besoins en mati\u00e8re de d\u00e9veloppement scolaire et social et en plaidant en faveur d'interventions efficaces. Le projet vise \u00e0 d\u00e9velopper un mod\u00e8le Tuseme r\u00e9vis\u00e9 et des outils de soutien pour le d\u00e9ploiement dans les camps de r\u00e9fugi\u00e9s et de personnes d\u00e9plac\u00e9es, en dotant les enfants des comp\u00e9tences essentielles et de l'autonomie n\u00e9cessaire pour surmonter les obstacles \u00e0 l'\u00e9ducation.<\/p><p>Des \u00e9tudes de cas men\u00e9es dans des \u00e9coles ordinaires permettront d'\u00e9valuer les facteurs de r\u00e9ussite et les d\u00e9fis du mod\u00e8le actuel, ainsi que les initiatives du FAWE en mati\u00e8re de centres d'excellence et de p\u00e9dagogie sensible au genre. Les enseignements tir\u00e9s de ces \u00e9tudes serviront de base au mod\u00e8le r\u00e9vis\u00e9, qui sera d\u00e9ploy\u00e9, contr\u00f4l\u00e9 et \u00e9valu\u00e9 dans les communaut\u00e9s de r\u00e9fugi\u00e9s et de personnes d\u00e9plac\u00e9es \u00e0 l'int\u00e9rieur de leur pays. Le projet aboutira \u00e0 un mod\u00e8le Tuseme finalis\u00e9 et \u00e0 une bo\u00eete \u00e0 outils pour soutenir l'adoption et la mise en \u0153uvre \u00e0 plus grande \u00e9chelle.<\/p><p>Objectif<br \/>L'objectif principal de cette \u00e9tude est de d\u00e9velopper un mod\u00e8le Tuseme r\u00e9vis\u00e9, avec les outils associ\u00e9s, qui peut \u00eatre d\u00e9ploy\u00e9 dans les camps de r\u00e9fugi\u00e9s et de personnes d\u00e9plac\u00e9es dans la r\u00e9gion de l'Afrique de l'Est. Le mod\u00e8le r\u00e9vis\u00e9 contribuera \u00e0 d\u00e9velopper les comp\u00e9tences et l'autonomie des enfants et les aidera \u00e0 surmonter les obstacles \u00e0 leur \u00e9ducation et \u00e0 faire des choix positifs dans leur vie.<\/p><p>L'objectif de la recherche est le suivant : Explorer si et comment le mod\u00e8le \u2018Tuseme\u2019 peut \u00eatre \u00e9tendu aux personnes d\u00e9plac\u00e9es et aux r\u00e9fugi\u00e9s au Kenya, en Ouganda et en \u00c9thiopie.<\/p><p>\u00a0<\/p>\t\t\t\t\t\t\t\t<\/div>\n\t\t\t\t<\/div>\n\t\t\t\t<\/div>\n\t\t\t\t\t<\/div>\n\t\t\t\t<\/div>\n\t\t<div class=\"elementor-element elementor-element-f010e04 e-flex e-con-boxed e-con e-parent\" data-id=\"f010e04\" data-element_type=\"container\" data-e-type=\"container\" data-settings=\"{&quot;background_background&quot;:&quot;classic&quot;}\">\n\t\t\t\t\t<div class=\"e-con-inner\">\n\t\t<div class=\"elementor-element elementor-element-ef0e901 e-con-full e-flex e-con e-child\" data-id=\"ef0e901\" data-element_type=\"container\" data-e-type=\"container\">\n\t\t\t\t<div class=\"elementor-element elementor-element-d52de08 elementor-widget-divider--view-line elementor-widget elementor-widget-divider\" data-id=\"d52de08\" data-element_type=\"widget\" data-e-type=\"widget\" data-widget_type=\"divider.default\">\n\t\t\t\t<div class=\"elementor-widget-container\">\n\t\t\t\t\t\t\t<div class=\"elementor-divider\">\n\t\t\t<span class=\"elementor-divider-separator\">\n\t\t\t\t\t\t<\/span>\n\t\t<\/div>\n\t\t\t\t\t\t<\/div>\n\t\t\t\t<\/div>\n\t\t\t\t<div class=\"elementor-element elementor-element-161c2d7 elementor-widget elementor-widget-text-editor\" data-id=\"161c2d7\" data-element_type=\"widget\" data-e-type=\"widget\" data-widget_type=\"text-editor.default\">\n\t\t\t\t<div class=\"elementor-widget-container\">\n\t\t\t\t\t\t\t\t\t<p>Calendrier du projet<\/p><p>D\u00e9but : Avril 2024<br \/>Fin : mars 2027<br \/>Partenariat<\/p><p>Le projet est soutenu par le Partenariat mondial pour l'\u00e9change de connaissances et d'informations en \u00e9ducation (GPE KIX), une initiative conjointe avec le Centre de recherches pour le d\u00e9veloppement international (CRDI), Canada.<\/p><p>Chef de file de la mise en \u0153uvre : Gestion de projet du FAWE et pr\u00e9sence dans le pays<br \/>Partenaires de mise en \u0153uvre : Higher Education Resource Services East Africa (HERS-EA) &amp; Australian Council for Educational Research (ACER-UK)<br \/>Localisation des projets<\/p><p>Ouganda : Adjumani (\u00e9cole secondaire Alere, \u00e9cole secondaire Mungula), Yumbe (\u00e9cole secondaire Kadu), Kamwenge (\u00e9coles secondaires Ntenungi et Rwamanja) par l'interm\u00e9diaire du FAWE Ouganda.<br \/>Kenya : Busia (\u00e9cole primaire Runyu), camp de r\u00e9fugi\u00e9s de Kakuma (\u00e9cole primaire Malakal, \u00e9cole secondaire Somali Bantu), camp de r\u00e9fugi\u00e9s de Dadaab (\u00e9cole primaire centrale Hagadera) par l'interm\u00e9diaire du FAWE Kenya.<br \/>\u00c9thiopie : Debre Berhan (\u00e9cole secondaire Haylemariyam Mamo, \u00e9cole secondaire Fitewrari Gebeyehu), camp de r\u00e9fugi\u00e9s de Sherkole (\u00e9cole secondaire DICAC), \u00e9cole secondaire Womba (camp de r\u00e9fugi\u00e9s de Bambasi) par l'interm\u00e9diaire du FAWE \u00c9thiopie.<\/p>\t\t\t\t\t\t\t\t<\/div>\n\t\t\t\t<\/div>\n\t\t\t\t<\/div>\n\t\t\t\t\t<\/div>\n\t\t\t\t<\/div>\n\t\t\t\t<\/div>","protected":false},"excerpt":{"rendered":"<p>Programmes Together for a Better Tomorrow We are a pan-African nonprofit committed to advancing girls\u2019 education, empowering women, and building stronger communities across\u00a0the\u00a0continent. Tuseme \u2013 A Voice for IDP and Refugee Children The Forum for African Women Educationalists (FAWE), through the Tuseme \u2013 A Voice for IDP and Refugee Children Project, is exploring educational innovations [&hellip;]<\/p>\n","protected":false},"author":1,"featured_media":0,"parent":0,"menu_order":0,"comment_status":"closed","ping_status":"closed","template":"","meta":{"footnotes":""},"class_list":["post-60805","page","type-page","status-publish","hentry"],"yoast_head":"<!-- This site is optimized with the Yoast SEO plugin v27.1.1 - https:\/\/yoast.com\/product\/yoast-seo-wordpress\/ -->\n<title>GPE KIX Tuseme - A Voice for IDP and Refugee Children - FORUM FOR AFRICAN WOMEN EDUCATIONALISTS (FAWE)<\/title>\n<meta name=\"robots\" content=\"index, follow, max-snippet:-1, max-image-preview:large, max-video-preview:-1\" \/>\n<link rel=\"canonical\" href=\"http:\/\/fawe.org\/fr\/gpe-kix-tuseme-a-voice-for-idp-and-refugee-children\/\" \/>\n<meta property=\"og:locale\" content=\"fr_FR\" \/>\n<meta property=\"og:type\" content=\"article\" \/>\n<meta property=\"og:title\" content=\"GPE KIX Tuseme - A Voice for IDP and Refugee Children - FORUM FOR AFRICAN WOMEN EDUCATIONALISTS (FAWE)\" \/>\n<meta property=\"og:description\" content=\"Programmes Together for a Better Tomorrow We are a pan-African nonprofit committed to advancing girls\u2019 education, empowering women, and building stronger communities across\u00a0the\u00a0continent. Tuseme \u2013 A Voice for IDP and Refugee Children The Forum for African Women Educationalists (FAWE), through the Tuseme \u2013 A Voice for IDP and Refugee Children Project, is exploring educational innovations [&hellip;]\" \/>\n<meta property=\"og:url\" content=\"http:\/\/fawe.org\/fr\/gpe-kix-tuseme-a-voice-for-idp-and-refugee-children\/\" \/>\n<meta property=\"og:site_name\" content=\"FORUM FOR AFRICAN WOMEN EDUCATIONALISTS (FAWE)\" \/>\n<meta property=\"article:publisher\" content=\"https:\/\/www.facebook.com\/Forum.for.African.Women.Educationalists\" \/>\n<meta property=\"article:modified_time\" content=\"2025-09-16T14:09:34+00:00\" \/>\n<meta property=\"og:image\" content=\"https:\/\/fawe.org\/wp-content\/uploads\/2025\/07\/511197692_1117918787032068_1548540696703686237_n.jpg\" \/>\n\t<meta property=\"og:image:width\" content=\"1600\" \/>\n\t<meta property=\"og:image:height\" content=\"1066\" \/>\n\t<meta property=\"og:image:type\" content=\"image\/jpeg\" \/>\n<meta name=\"twitter:card\" content=\"summary_large_image\" \/>\n<meta name=\"twitter:site\" content=\"@FAWEAfrica\" \/>\n<meta name=\"twitter:label1\" content=\"Dur\u00e9e de lecture estim\u00e9e\" \/>\n\t<meta name=\"twitter:data1\" content=\"2 minutes\" \/>\n<script type=\"application\/ld+json\" class=\"yoast-schema-graph\">{\"@context\":\"https:\/\/schema.org\",\"@graph\":[{\"@type\":\"WebPage\",\"@id\":\"http:\/\/fawe.org\/en\/gpe-kix-tuseme-a-voice-for-idp-and-refugee-children\/\",\"url\":\"http:\/\/fawe.org\/en\/gpe-kix-tuseme-a-voice-for-idp-and-refugee-children\/\",\"name\":\"GPE KIX Tuseme - A Voice for IDP and Refugee Children - FORUM FOR AFRICAN WOMEN EDUCATIONALISTS (FAWE)\",\"isPartOf\":{\"@id\":\"http:\/\/fawe.org\/en\/#website\"},\"datePublished\":\"2025-02-27T03:04:12+00:00\",\"dateModified\":\"2025-09-16T14:09:34+00:00\",\"breadcrumb\":{\"@id\":\"http:\/\/fawe.org\/en\/gpe-kix-tuseme-a-voice-for-idp-and-refugee-children\/#breadcrumb\"},\"inLanguage\":\"fr-FR\",\"potentialAction\":[{\"@type\":\"ReadAction\",\"target\":[\"http:\/\/fawe.org\/en\/gpe-kix-tuseme-a-voice-for-idp-and-refugee-children\/\"]}]},{\"@type\":\"BreadcrumbList\",\"@id\":\"http:\/\/fawe.org\/en\/gpe-kix-tuseme-a-voice-for-idp-and-refugee-children\/#breadcrumb\",\"itemListElement\":[{\"@type\":\"ListItem\",\"position\":1,\"name\":\"Home\",\"item\":\"http:\/\/fawe.org\/en\/\"},{\"@type\":\"ListItem\",\"position\":2,\"name\":\"GPE KIX Tuseme &#8211; A Voice for IDP and Refugee Children\"}]},{\"@type\":\"WebSite\",\"@id\":\"http:\/\/fawe.org\/en\/#website\",\"url\":\"http:\/\/fawe.org\/en\/\",\"name\":\"FORUM FOR AFRICAN WOMEN EDUCATIONALISTS (FAWE)\",\"description\":\"Education for Change\",\"publisher\":{\"@id\":\"http:\/\/fawe.org\/en\/#organization\"},\"alternateName\":\"FAWE RS\",\"potentialAction\":[{\"@type\":\"SearchAction\",\"target\":{\"@type\":\"EntryPoint\",\"urlTemplate\":\"http:\/\/fawe.org\/en\/?s={search_term_string}\"},\"query-input\":{\"@type\":\"PropertyValueSpecification\",\"valueRequired\":true,\"valueName\":\"search_term_string\"}}],\"inLanguage\":\"fr-FR\"},{\"@type\":\"Organization\",\"@id\":\"http:\/\/fawe.org\/en\/#organization\",\"name\":\"FORUM FOR AFRICAN WOMEN EDUCATIONALISTS (FAWE)\",\"url\":\"http:\/\/fawe.org\/en\/\",\"logo\":{\"@type\":\"ImageObject\",\"inLanguage\":\"fr-FR\",\"@id\":\"http:\/\/fawe.org\/en\/#\/schema\/logo\/image\/\",\"url\":\"https:\/\/fawe.org\/wp-content\/uploads\/2025\/02\/FAWE-FINAL-PRIMARY-LOGO-1-Photoroom.png\",\"contentUrl\":\"https:\/\/fawe.org\/wp-content\/uploads\/2025\/02\/FAWE-FINAL-PRIMARY-LOGO-1-Photoroom.png\",\"width\":1280,\"height\":510,\"caption\":\"FORUM FOR AFRICAN WOMEN EDUCATIONALISTS (FAWE)\"},\"image\":{\"@id\":\"http:\/\/fawe.org\/en\/#\/schema\/logo\/image\/\"},\"sameAs\":[\"https:\/\/www.facebook.com\/Forum.for.African.Women.Educationalists\",\"https:\/\/x.com\/FAWEAfrica\",\"https:\/\/www.instagram.com\/fawe_africa\/\",\"https:\/\/www.linkedin.com\/company\/fawe-africa\/\",\"https:\/\/www.youtube.com\/@FAWEAfrica\"]}]}<\/script>\n<!-- \/ Yoast SEO plugin. -->","yoast_head_json":{"title":"GPE KIX Tuseme - Une voix pour les enfants d\u00e9plac\u00e9s et r\u00e9fugi\u00e9s - FORUM FORUM AFRICAN WOMEN EDUCATIONALISTS (FAWE)","robots":{"index":"index","follow":"follow","max-snippet":"max-snippet:-1","max-image-preview":"max-image-preview:large","max-video-preview":"max-video-preview:-1"},"canonical":"http:\/\/fawe.org\/fr\/gpe-kix-tuseme-a-voice-for-idp-and-refugee-children\/","og_locale":"fr_FR","og_type":"article","og_title":"GPE KIX Tuseme - A Voice for IDP and Refugee Children - FORUM FOR AFRICAN WOMEN EDUCATIONALISTS (FAWE)","og_description":"Programmes Together for a Better Tomorrow We are a pan-African nonprofit committed to advancing girls\u2019 education, empowering women, and building stronger communities across\u00a0the\u00a0continent. Tuseme \u2013 A Voice for IDP and Refugee Children The Forum for African Women Educationalists (FAWE), through the Tuseme \u2013 A Voice for IDP and Refugee Children Project, is exploring educational innovations [&hellip;]","og_url":"http:\/\/fawe.org\/fr\/gpe-kix-tuseme-a-voice-for-idp-and-refugee-children\/","og_site_name":"FORUM FOR AFRICAN WOMEN EDUCATIONALISTS (FAWE)","article_publisher":"https:\/\/www.facebook.com\/Forum.for.African.Women.Educationalists","article_modified_time":"2025-09-16T14:09:34+00:00","og_image":[{"width":1600,"height":1066,"url":"https:\/\/fawe.org\/wp-content\/uploads\/2025\/07\/511197692_1117918787032068_1548540696703686237_n.jpg","type":"image\/jpeg"}],"twitter_card":"summary_large_image","twitter_site":"@FAWEAfrica","twitter_misc":{"Dur\u00e9e de lecture estim\u00e9e":"2 minutes"},"schema":{"@context":"https:\/\/schema.org","@graph":[{"@type":"WebPage","@id":"http:\/\/fawe.org\/en\/gpe-kix-tuseme-a-voice-for-idp-and-refugee-children\/","url":"http:\/\/fawe.org\/en\/gpe-kix-tuseme-a-voice-for-idp-and-refugee-children\/","name":"GPE KIX Tuseme - Une voix pour les enfants d\u00e9plac\u00e9s et r\u00e9fugi\u00e9s - FORUM FORUM AFRICAN WOMEN EDUCATIONALISTS (FAWE)","isPartOf":{"@id":"http:\/\/fawe.org\/en\/#website"},"datePublished":"2025-02-27T03:04:12+00:00","dateModified":"2025-09-16T14:09:34+00:00","breadcrumb":{"@id":"http:\/\/fawe.org\/en\/gpe-kix-tuseme-a-voice-for-idp-and-refugee-children\/#breadcrumb"},"inLanguage":"fr-FR","potentialAction":[{"@type":"ReadAction","target":["http:\/\/fawe.org\/en\/gpe-kix-tuseme-a-voice-for-idp-and-refugee-children\/"]}]},{"@type":"BreadcrumbList","@id":"http:\/\/fawe.org\/en\/gpe-kix-tuseme-a-voice-for-idp-and-refugee-children\/#breadcrumb","itemListElement":[{"@type":"ListItem","position":1,"name":"Home","item":"http:\/\/fawe.org\/en\/"},{"@type":"ListItem","position":2,"name":"GPE KIX Tuseme &#8211; A Voice for IDP and Refugee Children"}]},{"@type":"WebSite","@id":"http:\/\/fawe.org\/en\/#website","url":"http:\/\/fawe.org\/en\/","name":"FORUM DES \u00c9DUCATRICES AFRICAINES (FAWE)","description":"L'\u00e9ducation au changement","publisher":{"@id":"http:\/\/fawe.org\/en\/#organization"},"alternateName":"FAWE RS","potentialAction":[{"@type":"SearchAction","target":{"@type":"EntryPoint","urlTemplate":"http:\/\/fawe.org\/en\/?s={search_term_string}"},"query-input":{"@type":"PropertyValueSpecification","valueRequired":true,"valueName":"search_term_string"}}],"inLanguage":"fr-FR"},{"@type":"Organization","@id":"http:\/\/fawe.org\/en\/#organization","name":"FORUM DES \u00c9DUCATRICES AFRICAINES (FAWE)","url":"http:\/\/fawe.org\/en\/","logo":{"@type":"ImageObject","inLanguage":"fr-FR","@id":"http:\/\/fawe.org\/en\/#\/schema\/logo\/image\/","url":"https:\/\/fawe.org\/wp-content\/uploads\/2025\/02\/FAWE-FINAL-PRIMARY-LOGO-1-Photoroom.png","contentUrl":"https:\/\/fawe.org\/wp-content\/uploads\/2025\/02\/FAWE-FINAL-PRIMARY-LOGO-1-Photoroom.png","width":1280,"height":510,"caption":"FORUM FOR AFRICAN WOMEN EDUCATIONALISTS (FAWE)"},"image":{"@id":"http:\/\/fawe.org\/en\/#\/schema\/logo\/image\/"},"sameAs":["https:\/\/www.facebook.com\/Forum.for.African.Women.Educationalists","https:\/\/x.com\/FAWEAfrica","https:\/\/www.instagram.com\/fawe_africa\/","https:\/\/www.linkedin.com\/company\/fawe-africa\/","https:\/\/www.youtube.com\/@FAWEAfrica"]}]}},"_links":{"self":[{"href":"https:\/\/fawe.org\/fr\/wp-json\/wp\/v2\/pages\/60805","targetHints":{"allow":["GET"]}}],"collection":[{"href":"https:\/\/fawe.org\/fr\/wp-json\/wp\/v2\/pages"}],"about":[{"href":"https:\/\/fawe.org\/fr\/wp-json\/wp\/v2\/types\/page"}],"author":[{"embeddable":true,"href":"https:\/\/fawe.org\/fr\/wp-json\/wp\/v2\/users\/1"}],"replies":[{"embeddable":true,"href":"https:\/\/fawe.org\/fr\/wp-json\/wp\/v2\/comments?post=60805"}],"version-history":[{"count":0,"href":"https:\/\/fawe.org\/fr\/wp-json\/wp\/v2\/pages\/60805\/revisions"}],"wp:attachment":[{"href":"https:\/\/fawe.org\/fr\/wp-json\/wp\/v2\/media?parent=60805"}],"curies":[{"name":"wp","href":"https:\/\/api.w.org\/{rel}","templated":true}]}}