{"id":60728,"date":"2025-02-26T09:56:45","date_gmt":"2025-02-26T09:56:45","guid":{"rendered":"https:\/\/fawe.robilworld.co.ke\/?page_id=60728"},"modified":"2025-09-16T17:03:55","modified_gmt":"2025-09-16T14:03:55","slug":"second-chance-pathways-for-increased-access-to-tertiary-education-for-marginalized-young-women-and-men","status":"publish","type":"page","link":"https:\/\/fawe.org\/fr\/second-chance-pathways-for-increased-access-to-tertiary-education-for-marginalized-young-women-and-men\/","title":{"rendered":"Les parcours de la deuxi\u00e8me chance pour un meilleur acc\u00e8s \u00e0 l'enseignement sup\u00e9rieur des jeunes femmes et hommes marginalis\u00e9s"},"content":{"rendered":"\t\t<div data-elementor-type=\"wp-page\" data-elementor-id=\"60728\" class=\"elementor elementor-60728\" data-elementor-post-type=\"page\">\n\t\t\t\t<div class=\"elementor-element elementor-element-6094a532 e-flex e-con-boxed e-con e-parent\" data-id=\"6094a532\" data-element_type=\"container\" data-e-type=\"container\" data-settings=\"{&quot;background_background&quot;:&quot;classic&quot;}\">\n\t\t\t\t\t<div class=\"e-con-inner\">\n\t\t<div class=\"elementor-element elementor-element-3f4f5b90 e-con-full e-flex e-con e-child\" data-id=\"3f4f5b90\" data-element_type=\"container\" data-e-type=\"container\">\n\t\t\t\t<div class=\"elementor-element elementor-element-459b10bc elementor-align-left animated-slow elementor-invisible elementor-widget elementor-widget-elementskit-button\" data-id=\"459b10bc\" data-element_type=\"widget\" data-e-type=\"widget\" data-settings=\"{&quot;_animation&quot;:&quot;fadeInUp&quot;}\" data-widget_type=\"elementskit-button.default\">\n\t\t\t\t<div class=\"elementor-widget-container\">\n\t\t\t\t\t<div class=\"ekit-wid-con\" >\t\t<div class=\"ekit-btn-wraper\">\n\t\t\t\t\t\t\t<a href=\"#\" class=\"elementskit-btn  whitespace--normal\" id=\"\">\n\t\t\t\t\tProgramme\t\t\t\t<\/a>\n\t\t\t\t\t<\/div>\n        <\/div>\t\t\t\t<\/div>\n\t\t\t\t<\/div>\n\t\t\t\t<div class=\"elementor-element elementor-element-77650618 elementor-widget__width-initial animated-slow elementor-invisible elementor-widget elementor-widget-heading\" data-id=\"77650618\" data-element_type=\"widget\" data-e-type=\"widget\" data-settings=\"{&quot;_animation&quot;:&quot;fadeInUp&quot;}\" data-widget_type=\"heading.default\">\n\t\t\t\t<div class=\"elementor-widget-container\">\n\t\t\t\t\t<h2 class=\"elementor-heading-title elementor-size-default\">Together for a Better Tomorrow<\/h2>\t\t\t\t<\/div>\n\t\t\t\t<\/div>\n\t\t\t\t<\/div>\n\t\t<div class=\"elementor-element elementor-element-65ba83b1 e-con-full e-flex e-con e-child\" data-id=\"65ba83b1\" data-element_type=\"container\" data-e-type=\"container\">\n\t\t\t\t<div class=\"elementor-element elementor-element-1f898ff8 elementor-widget__width-initial animated-slow elementor-invisible elementor-widget elementor-widget-text-editor\" data-id=\"1f898ff8\" data-element_type=\"widget\" data-e-type=\"widget\" data-settings=\"{&quot;_animation&quot;:&quot;fadeInUp&quot;,&quot;_animation_delay&quot;:100}\" data-widget_type=\"text-editor.default\">\n\t\t\t\t<div class=\"elementor-widget-container\">\n\t\t\t\t\t\t\t\t\t<p>We are a pan-African nonprofit committed to advancing girls\u2019 education, empowering women, and building stronger communities across\u00a0the\u00a0continent.<\/p>\t\t\t\t\t\t\t\t<\/div>\n\t\t\t\t<\/div>\n\t\t\t\t<\/div>\n\t\t\t\t\t<\/div>\n\t\t\t\t<\/div>\n\t\t<div class=\"elementor-element elementor-element-73453dce e-flex e-con-boxed e-con e-parent\" data-id=\"73453dce\" data-element_type=\"container\" data-e-type=\"container\" data-settings=\"{&quot;background_background&quot;:&quot;classic&quot;}\">\n\t\t\t\t\t<div class=\"e-con-inner\">\n\t\t<div class=\"elementor-element elementor-element-9dfc8e6 e-con-full animated-slow e-flex elementor-invisible e-con e-child\" data-id=\"9dfc8e6\" data-element_type=\"container\" data-e-type=\"container\" data-settings=\"{&quot;animation&quot;:&quot;fadeIn&quot;,&quot;animation_delay&quot;:100,&quot;background_background&quot;:&quot;classic&quot;}\">\n\t\t\t\t<\/div>\n\t\t<div class=\"elementor-element elementor-element-7865db63 e-con-full e-flex e-con e-child\" data-id=\"7865db63\" data-element_type=\"container\" data-e-type=\"container\">\n\t\t\t\t<div class=\"elementor-element elementor-element-77e926bb elementor-widget__width-initial animated-slow elementor-invisible elementor-widget elementor-widget-heading\" data-id=\"77e926bb\" data-element_type=\"widget\" data-e-type=\"widget\" data-settings=\"{&quot;_animation&quot;:&quot;fadeInUp&quot;}\" data-widget_type=\"heading.default\">\n\t\t\t\t<div class=\"elementor-widget-container\">\n\t\t\t\t\t<h2 class=\"elementor-heading-title elementor-size-default\">Second Chance Pathways for Increased Access to Tertiary Education for Marginalized Young Women and Men<\/h2>\t\t\t\t<\/div>\n\t\t\t\t<\/div>\n\t\t\t\t<div class=\"elementor-element elementor-element-79cff82e elementor-widget__width-initial elementor-widget-divider--view-line elementor-widget elementor-widget-divider\" data-id=\"79cff82e\" data-element_type=\"widget\" data-e-type=\"widget\" data-widget_type=\"divider.default\">\n\t\t\t\t<div class=\"elementor-widget-container\">\n\t\t\t\t\t\t\t<div class=\"elementor-divider\">\n\t\t\t<span class=\"elementor-divider-separator\">\n\t\t\t\t\t\t<\/span>\n\t\t<\/div>\n\t\t\t\t\t\t<\/div>\n\t\t\t\t<\/div>\n\t\t\t\t<div class=\"elementor-element elementor-element-915a0d4 elementor-widget elementor-widget-text-editor\" data-id=\"915a0d4\" data-element_type=\"widget\" data-e-type=\"widget\" data-widget_type=\"text-editor.default\">\n\t\t\t\t<div class=\"elementor-widget-container\">\n\t\t\t\t\t\t\t\t\t<p><span data-ccp-props=\"{}\">\u00a0<\/span><span data-contrast=\"auto\">The FAWE\/Mastercard Foundation Phase II Program,\u00a0<\/span><b><span data-contrast=\"auto\">Second Chance Pathways for increased access to tertiary education for marginalised young women and men,<\/span><\/b><span data-contrast=\"auto\">\u00a0is a 7-year program (2024-2030) being implemented in 10 Countries across Africa (<\/span><i><span data-contrast=\"auto\">Uganda, Rwanda, Zambia, Malawi, Ghana, Liberia, Tanzania, Zimbabwe, Ethiopia, and Senegal<\/span><\/i><span data-contrast=\"auto\">). The program aims to support\u00a0<\/span><b><span data-contrast=\"auto\">10,550<\/span><\/b><span data-contrast=\"auto\">\u00a0young people aged 15\u201325 years from the most marginalized communities with a specific focus on young people with disability and refugees (10-15%)\u00a0<\/span><span data-contrast=\"auto\">who have completed secondary education, to transit into tertiary education and later entrepreneurship (self-employment) and\/or employment.<\/span><span data-ccp-props=\"{&quot;134233117&quot;:false,&quot;134233118&quot;:false,&quot;201341983&quot;:0,&quot;335551550&quot;:6,&quot;335551620&quot;:6,&quot;335559738&quot;:120,&quot;335559739&quot;:160,&quot;335559740&quot;:278}\">\u00a0<\/span><\/p><p><span data-contrast=\"none\">FAWE\u2019s overall approach is \u201c<\/span><span data-contrast=\"none\">innovation to create pathways for increasing access to tertiary education, skilling and dignified work for young female and male graduates of secondary education in Africa<\/span><span data-contrast=\"none\">\u201d. This aligns with the Mastercard Foundation\u2019s Education and Transitions Programming Framework, which builds on the Young Africa Works strategy, with a vision of enabling 30 million young people, particularly women, to secure employment that they see as\u00a0<\/span><span data-contrast=\"auto\">dignified and fulfilling by 2030.\u00a0<\/span><span data-ccp-props=\"{&quot;201341983&quot;:0,&quot;335551550&quot;:6,&quot;335551620&quot;:6,&quot;335559738&quot;:120,&quot;335559739&quot;:0,&quot;335559740&quot;:278}\">\u00a0<\/span><\/p><ol><li data-leveltext=\"%1.\" data-font=\"Calibri,Calibri Light\" data-listid=\"1\" data-list-defn-props=\"{&quot;335552541&quot;:0,&quot;335559685&quot;:720,&quot;335559991&quot;:360,&quot;469769242&quot;:[65533,0],&quot;469777803&quot;:&quot;left&quot;,&quot;469777804&quot;:&quot;%1.&quot;,&quot;469777815&quot;:&quot;hybridMultilevel&quot;}\" aria-setsize=\"-1\" data-aria-posinset=\"6\" data-aria-level=\"1\">\u00a0<\/li><\/ol>\t\t\t\t\t\t\t\t<\/div>\n\t\t\t\t<\/div>\n\t\t\t\t<\/div>\n\t\t\t\t\t<\/div>\n\t\t\t\t<\/div>\n\t\t\t\t<\/div>\n\t\t","protected":false},"excerpt":{"rendered":"<p>Programme Together for a Better Tomorrow We are a pan-African nonprofit committed to advancing girls\u2019 education, empowering women, and building stronger communities across\u00a0the\u00a0continent. Second Chance Pathways for Increased Access to Tertiary Education for Marginalized Young Women and Men \u00a0The FAWE\/Mastercard Foundation Phase II Program,\u00a0Second Chance Pathways for increased access to tertiary education for marginalised young [&hellip;]<\/p>\n","protected":false},"author":1,"featured_media":0,"parent":0,"menu_order":0,"comment_status":"closed","ping_status":"closed","template":"","meta":{"footnotes":""},"class_list":["post-60728","page","type-page","status-publish","hentry"],"yoast_head":"<!-- This site is optimized with the Yoast SEO plugin v27.1.1 - https:\/\/yoast.com\/product\/yoast-seo-wordpress\/ -->\n<title>Second Chance Pathways for Increased Access to Tertiary Education for Marginalized Young Women and Men - FORUM FOR AFRICAN WOMEN EDUCATIONALISTS (FAWE)<\/title>\n<meta name=\"robots\" content=\"index, follow, max-snippet:-1, max-image-preview:large, max-video-preview:-1\" \/>\n<link rel=\"canonical\" href=\"https:\/\/fawe.org\/fr\/second-chance-pathways-for-increased-access-to-tertiary-education-for-marginalized-young-women-and-men\/\" \/>\n<meta property=\"og:locale\" content=\"fr_FR\" \/>\n<meta property=\"og:type\" content=\"article\" \/>\n<meta property=\"og:title\" content=\"Second Chance Pathways for Increased Access to Tertiary Education for Marginalized Young Women and Men - FORUM FOR AFRICAN WOMEN EDUCATIONALISTS (FAWE)\" \/>\n<meta property=\"og:description\" content=\"Programme Together for a Better Tomorrow We are a pan-African nonprofit committed to advancing girls\u2019 education, empowering women, and building stronger communities across\u00a0the\u00a0continent. Second Chance Pathways for Increased Access to Tertiary Education for Marginalized Young Women and Men \u00a0The FAWE\/Mastercard Foundation Phase II Program,\u00a0Second Chance Pathways for increased access to tertiary education for marginalised young [&hellip;]\" \/>\n<meta property=\"og:url\" content=\"https:\/\/fawe.org\/fr\/second-chance-pathways-for-increased-access-to-tertiary-education-for-marginalized-young-women-and-men\/\" \/>\n<meta property=\"og:site_name\" content=\"FORUM FOR AFRICAN WOMEN EDUCATIONALISTS (FAWE)\" \/>\n<meta property=\"article:publisher\" content=\"https:\/\/www.facebook.com\/Forum.for.African.Women.Educationalists\" \/>\n<meta property=\"article:modified_time\" content=\"2025-09-16T14:03:55+00:00\" \/>\n<meta property=\"og:image\" content=\"https:\/\/fawe.org\/wp-content\/uploads\/2025\/07\/511197692_1117918787032068_1548540696703686237_n.jpg\" \/>\n\t<meta property=\"og:image:width\" content=\"1600\" \/>\n\t<meta property=\"og:image:height\" content=\"1066\" \/>\n\t<meta property=\"og:image:type\" content=\"image\/jpeg\" \/>\n<meta name=\"twitter:card\" content=\"summary_large_image\" \/>\n<meta name=\"twitter:site\" content=\"@FAWEAfrica\" \/>\n<meta name=\"twitter:label1\" content=\"Dur\u00e9e de lecture estim\u00e9e\" \/>\n\t<meta name=\"twitter:data1\" content=\"1 minute\" \/>\n<script type=\"application\/ld+json\" class=\"yoast-schema-graph\">{\"@context\":\"https:\/\/schema.org\",\"@graph\":[{\"@type\":\"WebPage\",\"@id\":\"https:\/\/fawe.org\/en\/second-chance-pathways-for-increased-access-to-tertiary-education-for-marginalized-young-women-and-men\/\",\"url\":\"https:\/\/fawe.org\/en\/second-chance-pathways-for-increased-access-to-tertiary-education-for-marginalized-young-women-and-men\/\",\"name\":\"Second Chance Pathways for Increased Access to Tertiary Education for Marginalized Young Women and Men - FORUM FOR AFRICAN WOMEN EDUCATIONALISTS (FAWE)\",\"isPartOf\":{\"@id\":\"http:\/\/fawe.org\/en\/#website\"},\"datePublished\":\"2025-02-26T09:56:45+00:00\",\"dateModified\":\"2025-09-16T14:03:55+00:00\",\"breadcrumb\":{\"@id\":\"https:\/\/fawe.org\/en\/second-chance-pathways-for-increased-access-to-tertiary-education-for-marginalized-young-women-and-men\/#breadcrumb\"},\"inLanguage\":\"fr-FR\",\"potentialAction\":[{\"@type\":\"ReadAction\",\"target\":[\"https:\/\/fawe.org\/en\/second-chance-pathways-for-increased-access-to-tertiary-education-for-marginalized-young-women-and-men\/\"]}]},{\"@type\":\"BreadcrumbList\",\"@id\":\"https:\/\/fawe.org\/en\/second-chance-pathways-for-increased-access-to-tertiary-education-for-marginalized-young-women-and-men\/#breadcrumb\",\"itemListElement\":[{\"@type\":\"ListItem\",\"position\":1,\"name\":\"Home\",\"item\":\"http:\/\/fawe.org\/en\/\"},{\"@type\":\"ListItem\",\"position\":2,\"name\":\"Second Chance Pathways for Increased Access to Tertiary Education for Marginalized Young Women and Men\"}]},{\"@type\":\"WebSite\",\"@id\":\"http:\/\/fawe.org\/en\/#website\",\"url\":\"http:\/\/fawe.org\/en\/\",\"name\":\"FORUM FOR AFRICAN WOMEN EDUCATIONALISTS (FAWE)\",\"description\":\"Education for Change\",\"publisher\":{\"@id\":\"http:\/\/fawe.org\/en\/#organization\"},\"alternateName\":\"FAWE RS\",\"potentialAction\":[{\"@type\":\"SearchAction\",\"target\":{\"@type\":\"EntryPoint\",\"urlTemplate\":\"http:\/\/fawe.org\/en\/?s={search_term_string}\"},\"query-input\":{\"@type\":\"PropertyValueSpecification\",\"valueRequired\":true,\"valueName\":\"search_term_string\"}}],\"inLanguage\":\"fr-FR\"},{\"@type\":\"Organization\",\"@id\":\"http:\/\/fawe.org\/en\/#organization\",\"name\":\"FORUM FOR AFRICAN WOMEN EDUCATIONALISTS (FAWE)\",\"url\":\"http:\/\/fawe.org\/en\/\",\"logo\":{\"@type\":\"ImageObject\",\"inLanguage\":\"fr-FR\",\"@id\":\"http:\/\/fawe.org\/en\/#\/schema\/logo\/image\/\",\"url\":\"https:\/\/fawe.org\/wp-content\/uploads\/2025\/02\/FAWE-FINAL-PRIMARY-LOGO-1-Photoroom.png\",\"contentUrl\":\"https:\/\/fawe.org\/wp-content\/uploads\/2025\/02\/FAWE-FINAL-PRIMARY-LOGO-1-Photoroom.png\",\"width\":1280,\"height\":510,\"caption\":\"FORUM FOR AFRICAN WOMEN EDUCATIONALISTS (FAWE)\"},\"image\":{\"@id\":\"http:\/\/fawe.org\/en\/#\/schema\/logo\/image\/\"},\"sameAs\":[\"https:\/\/www.facebook.com\/Forum.for.African.Women.Educationalists\",\"https:\/\/x.com\/FAWEAfrica\",\"https:\/\/www.instagram.com\/fawe_africa\/\",\"https:\/\/www.linkedin.com\/company\/fawe-africa\/\",\"https:\/\/www.youtube.com\/@FAWEAfrica\"]}]}<\/script>\n<!-- \/ Yoast SEO plugin. -->","yoast_head_json":{"title":"Les voies de la deuxi\u00e8me chance pour un meilleur acc\u00e8s \u00e0 l'enseignement sup\u00e9rieur des jeunes femmes et hommes marginalis\u00e9s - FORUM FOR AFRICAN WOMEN EDUCATIONALISTS (FAWE)","robots":{"index":"index","follow":"follow","max-snippet":"max-snippet:-1","max-image-preview":"max-image-preview:large","max-video-preview":"max-video-preview:-1"},"canonical":"https:\/\/fawe.org\/fr\/second-chance-pathways-for-increased-access-to-tertiary-education-for-marginalized-young-women-and-men\/","og_locale":"fr_FR","og_type":"article","og_title":"Second Chance Pathways for Increased Access to Tertiary Education for Marginalized Young Women and Men - FORUM FOR AFRICAN WOMEN EDUCATIONALISTS (FAWE)","og_description":"Programme Together for a Better Tomorrow We are a pan-African nonprofit committed to advancing girls\u2019 education, empowering women, and building stronger communities across\u00a0the\u00a0continent. Second Chance Pathways for Increased Access to Tertiary Education for Marginalized Young Women and Men \u00a0The FAWE\/Mastercard Foundation Phase II Program,\u00a0Second Chance Pathways for increased access to tertiary education for marginalised young [&hellip;]","og_url":"https:\/\/fawe.org\/fr\/second-chance-pathways-for-increased-access-to-tertiary-education-for-marginalized-young-women-and-men\/","og_site_name":"FORUM FOR AFRICAN WOMEN EDUCATIONALISTS (FAWE)","article_publisher":"https:\/\/www.facebook.com\/Forum.for.African.Women.Educationalists","article_modified_time":"2025-09-16T14:03:55+00:00","og_image":[{"width":1600,"height":1066,"url":"https:\/\/fawe.org\/wp-content\/uploads\/2025\/07\/511197692_1117918787032068_1548540696703686237_n.jpg","type":"image\/jpeg"}],"twitter_card":"summary_large_image","twitter_site":"@FAWEAfrica","twitter_misc":{"Dur\u00e9e de lecture estim\u00e9e":"1 minute"},"schema":{"@context":"https:\/\/schema.org","@graph":[{"@type":"WebPage","@id":"https:\/\/fawe.org\/en\/second-chance-pathways-for-increased-access-to-tertiary-education-for-marginalized-young-women-and-men\/","url":"https:\/\/fawe.org\/en\/second-chance-pathways-for-increased-access-to-tertiary-education-for-marginalized-young-women-and-men\/","name":"Les voies de la deuxi\u00e8me chance pour un meilleur acc\u00e8s \u00e0 l'enseignement sup\u00e9rieur des jeunes femmes et hommes marginalis\u00e9s - FORUM FOR AFRICAN WOMEN EDUCATIONALISTS (FAWE)","isPartOf":{"@id":"http:\/\/fawe.org\/en\/#website"},"datePublished":"2025-02-26T09:56:45+00:00","dateModified":"2025-09-16T14:03:55+00:00","breadcrumb":{"@id":"https:\/\/fawe.org\/en\/second-chance-pathways-for-increased-access-to-tertiary-education-for-marginalized-young-women-and-men\/#breadcrumb"},"inLanguage":"fr-FR","potentialAction":[{"@type":"ReadAction","target":["https:\/\/fawe.org\/en\/second-chance-pathways-for-increased-access-to-tertiary-education-for-marginalized-young-women-and-men\/"]}]},{"@type":"BreadcrumbList","@id":"https:\/\/fawe.org\/en\/second-chance-pathways-for-increased-access-to-tertiary-education-for-marginalized-young-women-and-men\/#breadcrumb","itemListElement":[{"@type":"ListItem","position":1,"name":"Home","item":"http:\/\/fawe.org\/en\/"},{"@type":"ListItem","position":2,"name":"Second Chance Pathways for Increased Access to Tertiary Education for Marginalized Young Women and Men"}]},{"@type":"WebSite","@id":"http:\/\/fawe.org\/en\/#website","url":"http:\/\/fawe.org\/en\/","name":"FORUM DES \u00c9DUCATRICES AFRICAINES (FAWE)","description":"L'\u00e9ducation au changement","publisher":{"@id":"http:\/\/fawe.org\/en\/#organization"},"alternateName":"FAWE RS","potentialAction":[{"@type":"SearchAction","target":{"@type":"EntryPoint","urlTemplate":"http:\/\/fawe.org\/en\/?s={search_term_string}"},"query-input":{"@type":"PropertyValueSpecification","valueRequired":true,"valueName":"search_term_string"}}],"inLanguage":"fr-FR"},{"@type":"Organization","@id":"http:\/\/fawe.org\/en\/#organization","name":"FORUM DES \u00c9DUCATRICES AFRICAINES (FAWE)","url":"http:\/\/fawe.org\/en\/","logo":{"@type":"ImageObject","inLanguage":"fr-FR","@id":"http:\/\/fawe.org\/en\/#\/schema\/logo\/image\/","url":"https:\/\/fawe.org\/wp-content\/uploads\/2025\/02\/FAWE-FINAL-PRIMARY-LOGO-1-Photoroom.png","contentUrl":"https:\/\/fawe.org\/wp-content\/uploads\/2025\/02\/FAWE-FINAL-PRIMARY-LOGO-1-Photoroom.png","width":1280,"height":510,"caption":"FORUM FOR AFRICAN WOMEN EDUCATIONALISTS (FAWE)"},"image":{"@id":"http:\/\/fawe.org\/en\/#\/schema\/logo\/image\/"},"sameAs":["https:\/\/www.facebook.com\/Forum.for.African.Women.Educationalists","https:\/\/x.com\/FAWEAfrica","https:\/\/www.instagram.com\/fawe_africa\/","https:\/\/www.linkedin.com\/company\/fawe-africa\/","https:\/\/www.youtube.com\/@FAWEAfrica"]}]}},"_links":{"self":[{"href":"https:\/\/fawe.org\/fr\/wp-json\/wp\/v2\/pages\/60728","targetHints":{"allow":["GET"]}}],"collection":[{"href":"https:\/\/fawe.org\/fr\/wp-json\/wp\/v2\/pages"}],"about":[{"href":"https:\/\/fawe.org\/fr\/wp-json\/wp\/v2\/types\/page"}],"author":[{"embeddable":true,"href":"https:\/\/fawe.org\/fr\/wp-json\/wp\/v2\/users\/1"}],"replies":[{"embeddable":true,"href":"https:\/\/fawe.org\/fr\/wp-json\/wp\/v2\/comments?post=60728"}],"version-history":[{"count":0,"href":"https:\/\/fawe.org\/fr\/wp-json\/wp\/v2\/pages\/60728\/revisions"}],"wp:attachment":[{"href":"https:\/\/fawe.org\/fr\/wp-json\/wp\/v2\/media?parent=60728"}],"curies":[{"name":"wp","href":"https:\/\/api.w.org\/{rel}","templated":true}]}}