{"id":60610,"date":"2025-02-24T12:26:47","date_gmt":"2025-02-24T12:26:47","guid":{"rendered":"https:\/\/fawe.robilworld.co.ke\/event-directory\/"},"modified":"2025-03-11T17:26:37","modified_gmt":"2025-03-11T17:26:37","slug":"event-directory","status":"publish","type":"page","link":"https:\/\/fawe.org\/fr\/event-directory\/","title":{"rendered":"Ev\u00e9nements"},"content":{"rendered":"<div data-elementor-type=\"wp-page\" data-elementor-id=\"60610\" class=\"elementor elementor-60610\" data-elementor-post-type=\"page\">\n\t\t\t\t<div class=\"elementor-element elementor-element-5b19fd06 e-flex e-con-boxed e-con e-parent\" data-id=\"5b19fd06\" data-element_type=\"container\" data-e-type=\"container\" data-settings=\"{&quot;background_background&quot;:&quot;classic&quot;}\">\n\t\t\t\t\t<div class=\"e-con-inner\">\n\t\t<div class=\"elementor-element elementor-element-275af02e e-con-full e-flex e-con e-child\" data-id=\"275af02e\" data-element_type=\"container\" data-e-type=\"container\">\n\t\t\t\t<div class=\"elementor-element elementor-element-5bd3107 elementor-align-left animated-slow elementor-invisible elementor-widget elementor-widget-elementskit-button\" data-id=\"5bd3107\" data-element_type=\"widget\" data-e-type=\"widget\" data-settings=\"{&quot;_animation&quot;:&quot;fadeInUp&quot;}\" data-widget_type=\"elementskit-button.default\">\n\t\t\t\t<div class=\"elementor-widget-container\">\n\t\t\t\t\t<div class=\"ekit-wid-con\" >\t\t<div class=\"ekit-btn-wraper\">\n\t\t\t\t\t\t\t<a href=\"#\" class=\"elementskit-btn  whitespace--normal\" id=\"\">\n\t\t\t\t\tEv\u00e9nements\t\t\t\t<\/a>\n\t\t\t\t\t<\/div>\n        <\/div>\t\t\t\t<\/div>\n\t\t\t\t<\/div>\n\t\t\t\t<div class=\"elementor-element elementor-element-49e3bf9f elementor-widget__width-initial animated-slow elementor-invisible elementor-widget elementor-widget-heading\" data-id=\"49e3bf9f\" data-element_type=\"widget\" data-e-type=\"widget\" data-settings=\"{&quot;_animation&quot;:&quot;fadeInUp&quot;}\" data-widget_type=\"heading.default\">\n\t\t\t\t<div class=\"elementor-widget-container\">\n\t\t\t\t\t<h2 class=\"elementor-heading-title elementor-size-default\">Ensemble pour un avenir meilleur<\/h2>\t\t\t\t<\/div>\n\t\t\t\t<\/div>\n\t\t\t\t<\/div>\n\t\t<div class=\"elementor-element elementor-element-6bf93c17 e-con-full e-flex e-con e-child\" data-id=\"6bf93c17\" data-element_type=\"container\" data-e-type=\"container\">\n\t\t\t\t<div class=\"elementor-element elementor-element-7cb22684 elementor-widget__width-initial animated-slow elementor-invisible elementor-widget elementor-widget-text-editor\" data-id=\"7cb22684\" data-element_type=\"widget\" data-e-type=\"widget\" data-settings=\"{&quot;_animation&quot;:&quot;fadeInUp&quot;,&quot;_animation_delay&quot;:100}\" data-widget_type=\"text-editor.default\">\n\t\t\t\t<div class=\"elementor-widget-container\">\n\t\t\t\t\t\t\t\t\t<p>\u00c9v\u00e9nements et activit\u00e9s du FAWE<\/p>\t\t\t\t\t\t\t\t<\/div>\n\t\t\t\t<\/div>\n\t\t\t\t<\/div>\n\t\t\t\t\t<\/div>\n\t\t\t\t<\/div>\n\t\t<div class=\"elementor-element elementor-element-29a441e2 e-flex e-con-boxed e-con e-parent\" data-id=\"29a441e2\" data-element_type=\"container\" data-e-type=\"container\" data-settings=\"{&quot;background_background&quot;:&quot;classic&quot;}\">\n\t\t\t\t\t<div class=\"e-con-inner\">\n\t\t\t\t<div class=\"elementor-element elementor-element-58bd8d2a animated-slow elementor-align-center elementor-invisible elementor-widget elementor-widget-elementskit-button\" data-id=\"58bd8d2a\" data-element_type=\"widget\" data-e-type=\"widget\" data-settings=\"{&quot;_animation&quot;:&quot;fadeInUp&quot;}\" data-widget_type=\"elementskit-button.default\">\n\t\t\t\t<div class=\"elementor-widget-container\">\n\t\t\t\t\t<div class=\"ekit-wid-con\" >\t\t<div class=\"ekit-btn-wraper\">\n\t\t\t\t\t\t\t<a href=\"#\" class=\"elementskit-btn  whitespace--normal\" id=\"\">\n\t\t\t\t\tEv\u00e9nements\t\t\t\t<\/a>\n\t\t\t\t\t<\/div>\n        <\/div>\t\t\t\t<\/div>\n\t\t\t\t<\/div>\n\t\t\t\t<div class=\"elementor-element elementor-element-79b46307 elementor-widget__width-initial animated-slow elementor-invisible elementor-widget elementor-widget-heading\" data-id=\"79b46307\" data-element_type=\"widget\" data-e-type=\"widget\" data-settings=\"{&quot;_animation&quot;:&quot;fadeInUp&quot;}\" data-widget_type=\"heading.default\">\n\t\t\t\t<div class=\"elementor-widget-container\">\n\t\t\t\t\t<h2 class=\"elementor-heading-title elementor-size-default\">\u00c9v\u00e9nements et activit\u00e9s du FAWE<\/h2>\t\t\t\t<\/div>\n\t\t\t\t<\/div>\n\t\t\t\t\t<\/div>\n\t\t\t\t<\/div>\n\t\t<div class=\"elementor-element elementor-element-6818c8c7 e-flex e-con-boxed e-con e-parent\" data-id=\"6818c8c7\" data-element_type=\"container\" data-e-type=\"container\">\n\t\t\t\t\t<div class=\"e-con-inner\">\n\t\t\t\t<div class=\"elementor-element elementor-element-f37b91 elementor-widget elementor-widget-text-editor\" data-id=\"f37b91\" data-element_type=\"widget\" data-e-type=\"widget\" data-widget_type=\"text-editor.default\">\n\t\t\t\t<div class=\"elementor-widget-container\">\n\t\t\t\t\t\t\t\t\t<!-- EventON Calendar --><div id='evcal_calendar_591' class='ajde_evcal_calendar sev cev color esty_2 etttc_custom ajax_loading_cal' data-cal=''><div id='evcal_head' class='calendar_header' ><div class='evo_cal_above evodfx evofx_dr_r marb5 evofx_ww'><span class='cal_head_btn evo-gototoday-btn' style='' data-mo='4' data-yr='2026' data-dy=''>Mois en cours<\/span><\/div><div class='evo_cal_above_content'><\/div><div class='evo_header_title'><div class='evo_header_mo evodfx evofx_ai_c'><div class='evo_loading_bar_holder h100 noMinH swipe' style=''><div class='evo_loading_bar wid_80% hi_40px' style='width:80%; height:40px; '><\/div><\/div><\/div><\/div><\/div><div id='eventon_loadbar_section'><div id='eventon_loadbar'><\/div><\/div><!-- Events List --><div class='evo_events_list_box'><div id='evcal_list' class='eventon_events_list'><div class='evo_loading_bar_holder h100 loading_e swipe' style=''><div class='nest nest1 e'><div class='nesthold r g10'><div class='nest nest2 e1'><div class='evo_loading_bar wid_100px hi_95px' style='width:100px; height:95px; '><\/div><\/div><div class='nest nest2 e2'><div class='evo_loading_bar wid_50% hi_55px' style='width:50%; height:55px; '><\/div><div class='evo_loading_bar wid_90% hi_30px' style='width:90%; height:30px; '><\/div><\/div><\/div><\/div><div class='nest nest1 e'><div class='nesthold r g10'><div class='nest nest2 e1'><div class='evo_loading_bar wid_100px hi_95px' style='width:100px; height:95px; '><\/div><\/div><div class='nest nest2 e2'><div class='evo_loading_bar wid_50% hi_55px' style='width:50%; height:55px; '><\/div><div class='evo_loading_bar wid_90% hi_30px' style='width:90%; height:30px; '><\/div><\/div><\/div><\/div><div class='nest nest1 e'><div class='nesthold r g10'><div class='nest nest2 e1'><div class='evo_loading_bar wid_100px hi_95px' style='width:100px; height:95px; '><\/div><\/div><div class='nest nest2 e2'><div class='evo_loading_bar wid_50% hi_55px' style='width:50%; height:55px; '><\/div><div class='evo_loading_bar wid_90% hi_30px' style='width:90%; height:30px; '><\/div><\/div><\/div><\/div><\/div>\t\t\t<\/div>\r\n\t\t\t<\/div><!-- evo_events_list_box -->\t\r\n\t\t\t<div class='clear'><\/div>\r\n\t\t\t\t\t \t<div id='evcal_footer' class='evo_bottom' style='display:none'>\r\n\t\t \t\t<div class='evo_cal_data' data-sc=\"{&quot;accord&quot;:&quot;no&quot;,&quot;bottom_nav&quot;:&quot;no&quot;,&quot;cal_id&quot;:&quot;&quot;,&quot;cal_init_nonajax&quot;:&quot;no&quot;,&quot;calendar_type&quot;:&quot;default&quot;,&quot;ep_fields&quot;:&quot;&quot;,&quot;etc_override&quot;:&quot;no&quot;,&quot;evc_open&quot;:&quot;no&quot;,&quot;event_count&quot;:0,&quot;event_location&quot;:&quot;all&quot;,&quot;event_order&quot;:&quot;ASC&quot;,&quot;event_organizer&quot;:&quot;all&quot;,&quot;event_parts&quot;:&quot;no&quot;,&quot;event_past_future&quot;:&quot;all&quot;,&quot;event_status&quot;:&quot;all&quot;,&quot;event_tag&quot;:&quot;all&quot;,&quot;event_type&quot;:&quot;all&quot;,&quot;event_type_2&quot;:&quot;all&quot;,&quot;event_virtual&quot;:&quot;all&quot;,&quot;eventtop_date_style&quot;:0,&quot;eventtop_style&quot;:2,&quot;exp_jumper&quot;:&quot;no&quot;,&quot;exp_so&quot;:&quot;no&quot;,&quot;filter_relationship&quot;:&quot;AND&quot;,&quot;filter_show_set_only&quot;:&quot;no&quot;,&quot;filter_style&quot;:&quot;default&quot;,&quot;filter_type&quot;:&quot;default&quot;,&quot;filters&quot;:&quot;yes&quot;,&quot;fixed_month&quot;:&quot;4&quot;,&quot;fixed_year&quot;:&quot;2026&quot;,&quot;focus_end_date_range&quot;:&quot;1777593599&quot;,&quot;focus_start_date_range&quot;:&quot;1775001600&quot;,&quot;ft_event_priority&quot;:&quot;no&quot;,&quot;hide_arrows&quot;:&quot;no&quot;,&quot;hide_cancels&quot;:&quot;no&quot;,&quot;hide_empty_months&quot;:&quot;no&quot;,&quot;hide_end_time&quot;:&quot;no&quot;,&quot;hide_et_dn&quot;:&quot;no&quot;,&quot;hide_et_extra&quot;:&quot;no&quot;,&quot;hide_et_tags&quot;:&quot;no&quot;,&quot;hide_et_tl&quot;:&quot;no&quot;,&quot;hide_ft&quot;:&quot;no&quot;,&quot;hide_ft_img&quot;:&quot;no&quot;,&quot;hide_month_headers&quot;:&quot;no&quot;,&quot;hide_mult_occur&quot;:&quot;no&quot;,&quot;hide_past&quot;:&quot;no&quot;,&quot;hide_past_by&quot;:&quot;ee&quot;,&quot;hide_so&quot;:&quot;no&quot;,&quot;ics&quot;:&quot;no&quot;,&quot;jumper&quot;:&quot;no&quot;,&quot;jumper_count&quot;:5,&quot;jumper_offset&quot;:&quot;0&quot;,&quot;lang&quot;:&quot;L1&quot;,&quot;layout_changer&quot;:&quot;no&quot;,&quot;livenow_bar&quot;:&quot;yes&quot;,&quot;mapformat&quot;:&quot;roadmap&quot;,&quot;mapiconurl&quot;:&quot;&quot;,&quot;maps_load&quot;:&quot;yes&quot;,&quot;mapscroll&quot;:&quot;true&quot;,&quot;mapzoom&quot;:&quot;12&quot;,&quot;members_only&quot;:&quot;no&quot;,&quot;ml_priority&quot;:&quot;no&quot;,&quot;ml_toend&quot;:&quot;no&quot;,&quot;month_incre&quot;:0,&quot;number_of_months&quot;:&quot;1&quot;,&quot;only_ft&quot;:&quot;no&quot;,&quot;pec&quot;:&quot;&quot;,&quot;s&quot;:&quot;&quot;,&quot;search&quot;:&quot;&quot;,&quot;search_all&quot;:&quot;no&quot;,&quot;sep_month&quot;:&quot;no&quot;,&quot;show_et_ft_img&quot;:&quot;no&quot;,&quot;show_limit&quot;:&quot;no&quot;,&quot;show_limit_ajax&quot;:&quot;no&quot;,&quot;show_limit_paged&quot;:1,&quot;show_limit_redir&quot;:&quot;&quot;,&quot;show_repeats&quot;:&quot;no&quot;,&quot;show_search&quot;:&quot;no&quot;,&quot;show_upcoming&quot;:0,&quot;show_year&quot;:&quot;no&quot;,&quot;social_share&quot;:&quot;no&quot;,&quot;sort_by&quot;:&quot;sort_date&quot;,&quot;tile_bg&quot;:0,&quot;tile_bg_size&quot;:&quot;full&quot;,&quot;tile_count&quot;:2,&quot;tile_height&quot;:0,&quot;tile_style&quot;:0,&quot;tiles&quot;:&quot;no&quot;,&quot;ux_val&quot;:&quot;0&quot;,&quot;view_switcher&quot;:&quot;no&quot;,&quot;wpml_l1&quot;:&quot;&quot;,&quot;wpml_l2&quot;:&quot;&quot;,&quot;wpml_l3&quot;:&quot;&quot;,&quot;yl_priority&quot;:&quot;no&quot;,&quot;yl_toend&quot;:&quot;no&quot;,&quot;fixed_day&quot;:&quot;20&quot;,&quot;_cver&quot;:&quot;4.9.10&quot;}\" data-filter_data=\"[]\" data-nav_data=\"{&quot;month_title&quot;:&quot;&lt;p id=&#039;evcal_cur&#039; class=&#039;evo_month_title padr10&#039;&gt; April, 2026&lt;\\\/p&gt;&quot;,&quot;arrows&quot;:&quot;&lt;p class=&#039;evo_arrows&#039;&gt;\\r\\n\\t\\t\\t\\t\\t&lt;span id=&#039;evcal_prev&#039; class=&#039;evcal_arrows evcal_btn_prev evodfx evofx_jc_c evofx_ai_c&#039; &gt;&lt;i class=&#039;fa fa-chevron-left&#039;&gt;&lt;\\\/i&gt;&lt;\\\/span&gt;\\r\\n\\t\\t\\t\\t\\t&lt;span id=&#039;evcal_next&#039; class=&#039;evcal_arrows evo_arrow_next evcal_btn_next evodfx evofx_jc_c evofx_ai_c&#039; &gt;&lt;i class=&#039;fa fa-chevron-right&#039;&gt;&lt;\\\/i&gt;&lt;\\\/span&gt;\\r\\n\\t\\t\\t\\t\\t&lt;\\\/p&gt;&quot;}\" data-od=\"{&quot;lang_no_events&quot;:&quot;No Events&quot;,&quot;cal_tz_offset&quot;:0,&quot;cal_tz&quot;:&quot;UTC&quot;}\" ><\/div>\r\n\t\t \t\t<div class='evo_cal_events' data-events=\"\"><\/div>\r\n\t\t \t<\/div>\r\n\t\t\t\t\r\n\t\t\t\r\n\t\t\t\t\t\t<\/div><!-- EventON End -->\r\n\t\t\t\t\t\t\t\t\t\t\t<\/div>\n\t\t\t\t<\/div>\n\t\t\t\t\t<\/div>\n\t\t\t\t<\/div>\n\t\t\t\t<\/div>","protected":false},"excerpt":{"rendered":"<p>\u00c9v\u00e9nements Ensemble pour un avenir meilleur \u00c9v\u00e9nements et activit\u00e9s du FAWE \u00c9v\u00e9nements \u00c9v\u00e9nements et activit\u00e9s du FAWE<\/p>","protected":false},"author":1,"featured_media":0,"parent":0,"menu_order":0,"comment_status":"closed","ping_status":"closed","template":"","meta":{"footnotes":""},"class_list":["post-60610","page","type-page","status-publish","hentry"],"yoast_head":"<!-- This site is optimized with the Yoast SEO plugin v27.1.1 - https:\/\/yoast.com\/product\/yoast-seo-wordpress\/ -->\n<title>Events - FORUM FOR AFRICAN WOMEN EDUCATIONALISTS (FAWE)<\/title>\n<meta name=\"robots\" content=\"index, follow, max-snippet:-1, max-image-preview:large, max-video-preview:-1\" \/>\n<link rel=\"canonical\" href=\"https:\/\/fawe.org\/fr\/event-directory\/\" \/>\n<meta property=\"og:locale\" content=\"fr_FR\" \/>\n<meta property=\"og:type\" content=\"article\" \/>\n<meta property=\"og:title\" content=\"Events - FORUM FOR AFRICAN WOMEN EDUCATIONALISTS (FAWE)\" \/>\n<meta property=\"og:description\" content=\"Events Together for a Better Tomorrow FAWE Events and activities Events FAWE Events and Activities\" \/>\n<meta property=\"og:url\" content=\"https:\/\/fawe.org\/fr\/event-directory\/\" \/>\n<meta property=\"og:site_name\" content=\"FORUM FOR AFRICAN WOMEN EDUCATIONALISTS (FAWE)\" \/>\n<meta property=\"article:publisher\" content=\"https:\/\/www.facebook.com\/Forum.for.African.Women.Educationalists\" \/>\n<meta property=\"article:modified_time\" content=\"2025-03-11T17:26:37+00:00\" \/>\n<meta property=\"og:image\" content=\"https:\/\/fawe.org\/wp-content\/uploads\/2025\/07\/511197692_1117918787032068_1548540696703686237_n.jpg\" \/>\n\t<meta property=\"og:image:width\" content=\"1600\" \/>\n\t<meta property=\"og:image:height\" content=\"1066\" \/>\n\t<meta property=\"og:image:type\" content=\"image\/jpeg\" \/>\n<meta name=\"twitter:card\" content=\"summary_large_image\" \/>\n<meta name=\"twitter:site\" content=\"@FAWEAfrica\" \/>\n<script type=\"application\/ld+json\" class=\"yoast-schema-graph\">{\"@context\":\"https:\/\/schema.org\",\"@graph\":[{\"@type\":\"WebPage\",\"@id\":\"https:\/\/fawe.org\/fr\/event-directory\/\",\"url\":\"https:\/\/fawe.org\/fr\/event-directory\/\",\"name\":\"Events - FORUM FOR AFRICAN WOMEN EDUCATIONALISTS (FAWE)\",\"isPartOf\":{\"@id\":\"http:\/\/fawe.org\/en\/#website\"},\"datePublished\":\"2025-02-24T12:26:47+00:00\",\"dateModified\":\"2025-03-11T17:26:37+00:00\",\"breadcrumb\":{\"@id\":\"https:\/\/fawe.org\/fr\/event-directory\/#breadcrumb\"},\"inLanguage\":\"fr-FR\",\"potentialAction\":[{\"@type\":\"ReadAction\",\"target\":[\"https:\/\/fawe.org\/fr\/event-directory\/\"]}]},{\"@type\":\"BreadcrumbList\",\"@id\":\"https:\/\/fawe.org\/fr\/event-directory\/#breadcrumb\",\"itemListElement\":[{\"@type\":\"ListItem\",\"position\":1,\"name\":\"Home\",\"item\":\"http:\/\/fawe.org\/en\/\"},{\"@type\":\"ListItem\",\"position\":2,\"name\":\"Events\"}]},{\"@type\":\"WebSite\",\"@id\":\"http:\/\/fawe.org\/en\/#website\",\"url\":\"http:\/\/fawe.org\/en\/\",\"name\":\"FORUM FOR AFRICAN WOMEN EDUCATIONALISTS (FAWE)\",\"description\":\"Education for Change\",\"publisher\":{\"@id\":\"http:\/\/fawe.org\/en\/#organization\"},\"alternateName\":\"FAWE RS\",\"potentialAction\":[{\"@type\":\"SearchAction\",\"target\":{\"@type\":\"EntryPoint\",\"urlTemplate\":\"http:\/\/fawe.org\/en\/?s={search_term_string}\"},\"query-input\":{\"@type\":\"PropertyValueSpecification\",\"valueRequired\":true,\"valueName\":\"search_term_string\"}}],\"inLanguage\":\"fr-FR\"},{\"@type\":\"Organization\",\"@id\":\"http:\/\/fawe.org\/en\/#organization\",\"name\":\"FORUM FOR AFRICAN WOMEN EDUCATIONALISTS (FAWE)\",\"url\":\"http:\/\/fawe.org\/en\/\",\"logo\":{\"@type\":\"ImageObject\",\"inLanguage\":\"fr-FR\",\"@id\":\"http:\/\/fawe.org\/en\/#\/schema\/logo\/image\/\",\"url\":\"https:\/\/fawe.org\/wp-content\/uploads\/2025\/02\/FAWE-FINAL-PRIMARY-LOGO-1-Photoroom.png\",\"contentUrl\":\"https:\/\/fawe.org\/wp-content\/uploads\/2025\/02\/FAWE-FINAL-PRIMARY-LOGO-1-Photoroom.png\",\"width\":1280,\"height\":510,\"caption\":\"FORUM FOR AFRICAN WOMEN EDUCATIONALISTS (FAWE)\"},\"image\":{\"@id\":\"http:\/\/fawe.org\/en\/#\/schema\/logo\/image\/\"},\"sameAs\":[\"https:\/\/www.facebook.com\/Forum.for.African.Women.Educationalists\",\"https:\/\/x.com\/FAWEAfrica\",\"https:\/\/www.instagram.com\/fawe_africa\/\",\"https:\/\/www.linkedin.com\/company\/fawe-africa\/\",\"https:\/\/www.youtube.com\/@FAWEAfrica\"]}]}<\/script>\n<!-- \/ Yoast SEO plugin. -->","yoast_head_json":{"title":"\u00c9v\u00e9nements - FORUM POUR LES FEMMES AFRICAINES \u00c9DUCATIVES (FAWE)","robots":{"index":"index","follow":"follow","max-snippet":"max-snippet:-1","max-image-preview":"max-image-preview:large","max-video-preview":"max-video-preview:-1"},"canonical":"https:\/\/fawe.org\/fr\/event-directory\/","og_locale":"fr_FR","og_type":"article","og_title":"Events - FORUM FOR AFRICAN WOMEN EDUCATIONALISTS (FAWE)","og_description":"Events Together for a Better Tomorrow FAWE Events and activities Events FAWE Events and Activities","og_url":"https:\/\/fawe.org\/fr\/event-directory\/","og_site_name":"FORUM FOR AFRICAN WOMEN EDUCATIONALISTS (FAWE)","article_publisher":"https:\/\/www.facebook.com\/Forum.for.African.Women.Educationalists","article_modified_time":"2025-03-11T17:26:37+00:00","og_image":[{"width":1600,"height":1066,"url":"https:\/\/fawe.org\/wp-content\/uploads\/2025\/07\/511197692_1117918787032068_1548540696703686237_n.jpg","type":"image\/jpeg"}],"twitter_card":"summary_large_image","twitter_site":"@FAWEAfrica","schema":{"@context":"https:\/\/schema.org","@graph":[{"@type":"WebPage","@id":"https:\/\/fawe.org\/fr\/event-directory\/","url":"https:\/\/fawe.org\/fr\/event-directory\/","name":"\u00c9v\u00e9nements - FORUM POUR LES FEMMES AFRICAINES \u00c9DUCATIVES (FAWE)","isPartOf":{"@id":"http:\/\/fawe.org\/en\/#website"},"datePublished":"2025-02-24T12:26:47+00:00","dateModified":"2025-03-11T17:26:37+00:00","breadcrumb":{"@id":"https:\/\/fawe.org\/fr\/event-directory\/#breadcrumb"},"inLanguage":"fr-FR","potentialAction":[{"@type":"ReadAction","target":["https:\/\/fawe.org\/fr\/event-directory\/"]}]},{"@type":"BreadcrumbList","@id":"https:\/\/fawe.org\/fr\/event-directory\/#breadcrumb","itemListElement":[{"@type":"ListItem","position":1,"name":"Home","item":"http:\/\/fawe.org\/en\/"},{"@type":"ListItem","position":2,"name":"Events"}]},{"@type":"WebSite","@id":"http:\/\/fawe.org\/en\/#website","url":"http:\/\/fawe.org\/en\/","name":"FORUM DES \u00c9DUCATRICES AFRICAINES (FAWE)","description":"L'\u00e9ducation au changement","publisher":{"@id":"http:\/\/fawe.org\/en\/#organization"},"alternateName":"FAWE RS","potentialAction":[{"@type":"SearchAction","target":{"@type":"EntryPoint","urlTemplate":"http:\/\/fawe.org\/en\/?s={search_term_string}"},"query-input":{"@type":"PropertyValueSpecification","valueRequired":true,"valueName":"search_term_string"}}],"inLanguage":"fr-FR"},{"@type":"Organization","@id":"http:\/\/fawe.org\/en\/#organization","name":"FORUM DES \u00c9DUCATRICES AFRICAINES (FAWE)","url":"http:\/\/fawe.org\/en\/","logo":{"@type":"ImageObject","inLanguage":"fr-FR","@id":"http:\/\/fawe.org\/en\/#\/schema\/logo\/image\/","url":"https:\/\/fawe.org\/wp-content\/uploads\/2025\/02\/FAWE-FINAL-PRIMARY-LOGO-1-Photoroom.png","contentUrl":"https:\/\/fawe.org\/wp-content\/uploads\/2025\/02\/FAWE-FINAL-PRIMARY-LOGO-1-Photoroom.png","width":1280,"height":510,"caption":"FORUM FOR AFRICAN WOMEN EDUCATIONALISTS (FAWE)"},"image":{"@id":"http:\/\/fawe.org\/en\/#\/schema\/logo\/image\/"},"sameAs":["https:\/\/www.facebook.com\/Forum.for.African.Women.Educationalists","https:\/\/x.com\/FAWEAfrica","https:\/\/www.instagram.com\/fawe_africa\/","https:\/\/www.linkedin.com\/company\/fawe-africa\/","https:\/\/www.youtube.com\/@FAWEAfrica"]}]}},"_links":{"self":[{"href":"https:\/\/fawe.org\/fr\/wp-json\/wp\/v2\/pages\/60610","targetHints":{"allow":["GET"]}}],"collection":[{"href":"https:\/\/fawe.org\/fr\/wp-json\/wp\/v2\/pages"}],"about":[{"href":"https:\/\/fawe.org\/fr\/wp-json\/wp\/v2\/types\/page"}],"author":[{"embeddable":true,"href":"https:\/\/fawe.org\/fr\/wp-json\/wp\/v2\/users\/1"}],"replies":[{"embeddable":true,"href":"https:\/\/fawe.org\/fr\/wp-json\/wp\/v2\/comments?post=60610"}],"version-history":[{"count":0,"href":"https:\/\/fawe.org\/fr\/wp-json\/wp\/v2\/pages\/60610\/revisions"}],"wp:attachment":[{"href":"https:\/\/fawe.org\/fr\/wp-json\/wp\/v2\/media?parent=60610"}],"curies":[{"name":"wp","href":"https:\/\/api.w.org\/{rel}","templated":true}]}}