{"id":60464,"date":"2025-02-18T15:55:49","date_gmt":"2025-02-18T15:55:49","guid":{"rendered":"https:\/\/fawe.robilworld.co.ke\/?page_id=60464"},"modified":"2026-03-20T11:55:56","modified_gmt":"2026-03-20T08:55:56","slug":"about-us","status":"publish","type":"page","link":"https:\/\/fawe.org\/fr\/about-us\/","title":{"rendered":"\u00c0 propos de nous"},"content":{"rendered":"<p><a href=\"#\" id=\"\"><br \/>\n\t\t\t\t\t\u00c0 propos de nous\t\t\t\t<\/a><\/p>\n<h2>Ensemble pour un avenir meilleur<\/h2>\n<p>\t\t\t\t\t\t\t<a href=\"#\" id=\"\"><br \/>\n\t\t\t\t\tQui sommes-nous ?\t\t\t\t<\/a><\/p>\n<h2>Promouvoir l'acc\u00e8s et la r\u00e9tention et am\u00e9liorer la qualit\u00e9 de l'\u00e9ducation pour les filles<br \/>\n<\/h2>\n<p>Le Forum des \u00e9ducatrices africaines (FAWE) est une organisation non gouvernementale panafricaine compos\u00e9e de membres qui op\u00e8re dans les domaines suivants\u00a0<a href=\"https:\/\/fawe.org\/fr\/national-chapters-and-regions\/%22\/\"><u>par le biais de 34 sections nationales<\/u><\/a>\u00a0en Afrique subsaharienne pour promouvoir l'\u00e9ducation des filles et des femmes. Les activit\u00e9s du FAWE\u00a0<u>vision, mission et objectif<\/u>\u00a0sont tous r\u00e9solus \u00e0 assurer le bien-\u00eatre de l'\u00e9ducation des filles. Afin d'accomplir sa mission de \"promotion de l'\u00e9quit\u00e9 et de l'\u00e9galit\u00e9 des sexes dans l'\u00e9ducation en Afrique\", le FAWE a recours \u00e0 un syst\u00e8me d'\u00e9valuation de la qualit\u00e9 de l'\u00e9ducation des filles.\u00a0<u>une approche holistique en quatre volets<\/u>.<\/p>\n<p>Le FAWE est une organisation apolitique, b\u00e9n\u00e9vole, caritative, non sectaire et sans but lucratif, qui ne pratique aucune discrimination fond\u00e9e sur la race, l'id\u00e9ologie, la couleur, la nationalit\u00e9 ou les convictions religieuses. Toutefois, ses b\u00e9n\u00e9ficiaires cibles et ses membres sont principalement des filles et des femmes.<\/p>\n<p>\u00a0\u00a0<br \/>\n\t\t\t\t\t\t\t<a href=\"#\" id=\"\"><br \/>\n\t\t\t\t\tNotre vision\t\t\t\t<\/a><\/p>\n<h2>Une soci\u00e9t\u00e9 \u00e9quitable et inclusive o\u00f9 toutes les filles et tous les enfants africains<br \/>\nles femmes prosp\u00e8rent.<br \/>\n<\/h2>\n<p>\t\t\t\t\t\t\t<a href=\"#\" id=\"\"><br \/>\n\t\t\t\t\tNotre mission\t\t\t\t<\/a><\/p>\n<h2>Promouvoir des politiques, des pratiques et des attitudes sensibles au genre dans le domaine de l'\u00e9ducation<br \/>\nam\u00e9liorer l'\u00e9galit\u00e9 des chances pour les filles et les femmes africaines.<\/h2>\n<h2>01<\/h2>\n<h3>\n\t\t\t\t\t\t\t Plaidoyer et engagements politiques<br \/>\n\t\t\t\t\t<\/h3>\n<p>\n\t\t\t\t\t\tInfluencer les gouvernements et les autres partenaires \u00e0 revoir les politiques \u00e9ducatives existantes et \u00e0 adopter des strat\u00e9gies visant \u00e0 accro\u00eetre la participation. \t\t\t\t\t<\/p>\n<h2>02<\/h2>\n<h3>\n\t\t\t\t\t\t\tD\u00e9fense des int\u00e9r\u00eats de la Communaut\u00e9<br \/>\n\t\t\t\t\t<\/h3>\n<p>\n\t\t\t\t\t\tSensibiliser le public \u00e0 la valeur sociale et \u00e9conomique de l'\u00e9ducation des filles afin que les citoyens eux-m\u00eames assument la responsabilit\u00e9 de cette t\u00e2che et travaillent collectivement pour soutenir l'agenda.\t\t\t\t\t<\/p>\n<h2>03<\/h2>\n<h3>\n\t\t\t\t\t\t\tInterventions d\u00e9monstratives<br \/>\n\t\t\t\t\t<\/h3>\n<p>\n\t\t\t\t\t\tD\u00e9velopper et promouvoir des mod\u00e8les qui d\u00e9montrent qu'il est possible de cr\u00e9er des contextes propices \u00e0 la scolarisation des filles, \u00e0 la poursuite de leurs \u00e9tudes et \u00e0 l'ach\u00e8vement du cycle scolaire.\n\t\t\t\t\t<\/p>\n<p>\t\t\t\t\t\t\t<a href=\"#\" id=\"\"><br \/>\n\t\t\t\t\tNotre histoire\t\t\t\t<\/a><\/p>\n<h2>Un h\u00e9ritage d'autonomisation et d'impact transformateur<\/h2>\n<p>\t\t\t\t\t\t\t<a href=\"#\" id=\"\"><br \/>\n\t\t\t\t\t1991\t\t\t\t<\/a><\/p>\n<h3>\n\t\t\t\t\t\t\tL'id\u00e9e du FAWE<br \/>\n\t\t\t\t\t<\/h3>\n<p>\n\t\t\t\t\t\tPropos\u00e9 lors d'une r\u00e9union qui s'est tenue en octobre 1991 \u00e0 Manchester.\t\t\t\t\t<\/p>\n<p>\t\t\t\t\t\t\t<a href=\"#\" id=\"\"><br \/>\n\t\t\t\t\t1992\t\t\t\t<\/a><\/p>\n<h3>\n\t\t\t\t\t\t\tLe FAWE a \u00e9t\u00e9 cr\u00e9\u00e9 par des femmes africaines responsables de l'\u00e9laboration de politiques \u00e9ducatives.<br \/>\n\t\t\t\t\t<\/h3>\n<p>\n\t\t\t\t\t\t fond\u00e9e en 1992 par cinq femmes africaines ministres de l'\u00e9ducation\t\t\t\t\t<\/p>\n<p>\t\t\t\t\t\t\t<a href=\"#\" id=\"\"><br \/>\n\t\t\t\t\t1995\t\t\t\t<\/a><\/p>\n<h3>\n\t\t\t\t\t\t\tRenforcement et expansion de l'adh\u00e9sion au FAWE<br \/>\n\t\t\t\t\t<\/h3>\n<p>\n\t\t\t\t\t\t17 pays ont form\u00e9 des sections nationales qui se trouvent toutes \u00e0 des stades diff\u00e9rents de l'obtention du droit d'auteur.\t\t\t\t\t<\/p>\n<p>\t\t\t\t\t\t\t<a href=\"#\" id=\"\"><br \/>\n\t\t\t\t\t2002\t\t\t\t<\/a><\/p>\n<h3>\n\t\t\t\t\t\t\tOuverture officielle de la Maison du FAWE<br \/>\n\t\t\t\t\t<\/h3>\n<p>\n\t\t\t\t\t\tFormer des partenariats cl\u00e9s pour amplifier notre impact.\t\t\t\t\t<\/p>\n<p>\t\t\t\t\t\t\t<a href=\"#\" id=\"\"><br \/>\n\t\t\t\t\t2008\t\t\t\t<\/a><\/p>\n<h3>\n\t\t\t\t\t\t\tLe FAWE re\u00e7oit le prix Henry R. Kravis 2008 pour le leadership<br \/>\n\t\t\t\t\t<\/h3>\n<p>\n\t\t\t\t\t\tLe FAWE re\u00e7oit le prix Henry R. Kravis 2008 pour le leadership\t\t\t\t\t<\/p>\n<p>\t\t\t\t\t\t\t<a href=\"#\" id=\"\"><br \/>\n\t\t\t\t\tMaintenant\t\t\t\t<\/a><\/p>\n<h3>\n\t\t\t\t\t\t\tDepuis plus de 20 ans<br \/>\n\t\t\t\t\t<\/h3>\n<p>\n\t\t\t\t\t\tPlus de 20 ans plus tard, le FAWE continue de travailler au d\u00e9veloppement de l'\u00e9ducation\t\t\t\t\t<\/p>\n<p>\t\t\t\t\t\t\t<a href=\"#\" id=\"\"><br \/>\n\t\t\t\t\tRejoindre notre \u00e9quipe\t\t\t\t<\/a><\/p>\n<h2>Faites partie de notre \u00e9quipe, impulsez un changement positif !<\/h2>\n<p>\t\t\t\t\t\t\t<a href=\"#\" id=\"\"><br \/>\n\t\t\t\t\tRejoindre\t\t\t\t<\/a><br \/>\n\t\t\t\t\t\t\t<a href=\"#\" id=\"\"><br \/>\n\t\t\t\t\tNotre valeur\t\t\t\t<\/a><\/p>\n<h2>Des valeurs fondamentales pour un changement positif<\/h2>\n<p>Nous donnons la priorit\u00e9 \u00e0 l'int\u00e9grit\u00e9, \u00e0 l'autonomisation, \u00e0 la collaboration et \u00e0 la durabilit\u00e9 afin de cr\u00e9er un impact durable et de soutenir la croissance de communaut\u00e9s prosp\u00e8res.<\/p>\n<h3>\n\t\t\t\t\t\t\tOrient\u00e9 vers l'impact<br \/>\n\t\t\t\t\t<\/h3>\n<h3>\n\t\t\t\t\t\t\tInclusion<br \/>\n\t\t\t\t\t<\/h3>\n<h3>\n\t\t\t\t\t\t\tL'innovation<br \/>\n\t\t\t\t\t<\/h3>\n<h3>\n\t\t\t\t\t\t\tInt\u00e9grit\u00e9<br \/>\n\t\t\t\t\t<\/h3>\n<p>\t\t\t\t\t\t\t<a href=\"#\" id=\"\"><br \/>\n\t\t\t\t\tNotre engagement\t\t\t\t<\/a><\/p>\n<h2>Renforcer les communaut\u00e9s gr\u00e2ce \u00e0 des solutions durables et \u00e0 un impact durable<\/h2>\n<p>Nous travaillons main dans la main avec les communaut\u00e9s, les \u00e9coles, la soci\u00e9t\u00e9 civile, les organisations non gouvernementales et les minist\u00e8res pour parvenir \u00e0 l'\u00e9quit\u00e9 et \u00e0 l'\u00e9galit\u00e9 des sexes dans l'\u00e9ducation gr\u00e2ce \u00e0 des programmes cibl\u00e9s. Nous encourageons nos\u00a0<u>partenaires<\/u>\u00a0d'adopter des politiques et de cr\u00e9er des environnements d'apprentissage positifs qui traitent les filles et les gar\u00e7ons sur un pied d'\u00e9galit\u00e9.<\/p>\n<p>Notre travail influence la politique gouvernementale, sensibilise le public, d\u00e9montre les meilleures pratiques \u00e9ducatives gr\u00e2ce \u00e0 des mod\u00e8les efficaces et encourage l'adoption de ces mod\u00e8les par les gouvernements et les \u00e9tablissements d'enseignement. Cela a permis d'augmenter les taux d'inscription, de maintien et d'ach\u00e8vement de la scolarit\u00e9 des filles dans les pays suivants\u00a0<u>les pays dans lesquels nos sections nationales exercent leurs activit\u00e9s<\/u>.<\/p>","protected":false},"excerpt":{"rendered":"<p>About Us Together for a Better Tomorrow Who We Are Promoting access and retention and improving the quality of education for girls The Forum for African Women Educationalists (FAWE) is a membership-based pan-African Non-Governmental Organisation that operates\u00a0through 34 National Chapters\u00a0in sub-Saharan Africa to promote girls\u2019 and women\u2019s education. FAWE\u2019s\u00a0vision, mission and goal\u00a0are all resolute on [&hellip;]<\/p>\n","protected":false},"author":1,"featured_media":0,"parent":0,"menu_order":0,"comment_status":"closed","ping_status":"closed","template":"","meta":{"footnotes":""},"class_list":["post-60464","page","type-page","status-publish","hentry"],"yoast_head":"<!-- This site is optimized with the Yoast SEO plugin v27.1.1 - https:\/\/yoast.com\/product\/yoast-seo-wordpress\/ -->\n<title>About Us - FORUM FOR AFRICAN WOMEN EDUCATIONALISTS (FAWE)<\/title>\n<meta name=\"robots\" content=\"index, follow, max-snippet:-1, max-image-preview:large, max-video-preview:-1\" \/>\n<link rel=\"canonical\" href=\"https:\/\/fawe.org\/fr\/about-us\/\" \/>\n<meta property=\"og:locale\" content=\"fr_FR\" \/>\n<meta property=\"og:type\" content=\"article\" \/>\n<meta property=\"og:title\" content=\"About Us - FORUM FOR AFRICAN WOMEN EDUCATIONALISTS (FAWE)\" \/>\n<meta property=\"og:description\" content=\"About Us Together for a Better Tomorrow Who We Are Promoting access and retention and improving the quality of education for girls The Forum for African Women Educationalists (FAWE) is a membership-based pan-African Non-Governmental Organisation that operates\u00a0through 34 National Chapters\u00a0in sub-Saharan Africa to promote girls\u2019 and women\u2019s education. FAWE\u2019s\u00a0vision, mission and goal\u00a0are all resolute on [&hellip;]\" \/>\n<meta property=\"og:url\" content=\"https:\/\/fawe.org\/fr\/about-us\/\" \/>\n<meta property=\"og:site_name\" content=\"FORUM FOR AFRICAN WOMEN EDUCATIONALISTS (FAWE)\" \/>\n<meta property=\"article:publisher\" content=\"https:\/\/www.facebook.com\/Forum.for.African.Women.Educationalists\" \/>\n<meta property=\"article:modified_time\" content=\"2026-03-20T08:55:56+00:00\" \/>\n<meta property=\"og:image\" content=\"https:\/\/fawe.org\/wp-content\/uploads\/2025\/07\/511197692_1117918787032068_1548540696703686237_n.jpg\" \/>\n\t<meta property=\"og:image:width\" content=\"1600\" \/>\n\t<meta property=\"og:image:height\" content=\"1066\" \/>\n\t<meta property=\"og:image:type\" content=\"image\/jpeg\" \/>\n<meta name=\"twitter:card\" content=\"summary_large_image\" \/>\n<meta name=\"twitter:site\" content=\"@FAWEAfrica\" \/>\n<meta name=\"twitter:label1\" content=\"Dur\u00e9e de lecture estim\u00e9e\" \/>\n\t<meta name=\"twitter:data1\" content=\"3 minutes\" \/>\n<script type=\"application\/ld+json\" class=\"yoast-schema-graph\">{\"@context\":\"https:\/\/schema.org\",\"@graph\":[{\"@type\":\"WebPage\",\"@id\":\"https:\/\/fawe.org\/about-us\/\",\"url\":\"https:\/\/fawe.org\/about-us\/\",\"name\":\"About Us - FORUM FOR AFRICAN WOMEN EDUCATIONALISTS (FAWE)\",\"isPartOf\":{\"@id\":\"http:\/\/fawe.org\/en\/#website\"},\"datePublished\":\"2025-02-18T15:55:49+00:00\",\"dateModified\":\"2026-03-20T08:55:56+00:00\",\"breadcrumb\":{\"@id\":\"https:\/\/fawe.org\/about-us\/#breadcrumb\"},\"inLanguage\":\"fr-FR\",\"potentialAction\":[{\"@type\":\"ReadAction\",\"target\":[\"https:\/\/fawe.org\/about-us\/\"]}]},{\"@type\":\"BreadcrumbList\",\"@id\":\"https:\/\/fawe.org\/about-us\/#breadcrumb\",\"itemListElement\":[{\"@type\":\"ListItem\",\"position\":1,\"name\":\"Home\",\"item\":\"http:\/\/fawe.org\/en\/\"},{\"@type\":\"ListItem\",\"position\":2,\"name\":\"About Us\"}]},{\"@type\":\"WebSite\",\"@id\":\"http:\/\/fawe.org\/en\/#website\",\"url\":\"http:\/\/fawe.org\/en\/\",\"name\":\"FORUM FOR AFRICAN WOMEN EDUCATIONALISTS (FAWE)\",\"description\":\"Education for Change\",\"publisher\":{\"@id\":\"http:\/\/fawe.org\/en\/#organization\"},\"alternateName\":\"FAWE RS\",\"potentialAction\":[{\"@type\":\"SearchAction\",\"target\":{\"@type\":\"EntryPoint\",\"urlTemplate\":\"http:\/\/fawe.org\/en\/?s={search_term_string}\"},\"query-input\":{\"@type\":\"PropertyValueSpecification\",\"valueRequired\":true,\"valueName\":\"search_term_string\"}}],\"inLanguage\":\"fr-FR\"},{\"@type\":\"Organization\",\"@id\":\"http:\/\/fawe.org\/en\/#organization\",\"name\":\"FORUM FOR AFRICAN WOMEN EDUCATIONALISTS (FAWE)\",\"url\":\"http:\/\/fawe.org\/en\/\",\"logo\":{\"@type\":\"ImageObject\",\"inLanguage\":\"fr-FR\",\"@id\":\"http:\/\/fawe.org\/en\/#\/schema\/logo\/image\/\",\"url\":\"https:\/\/fawe.org\/wp-content\/uploads\/2025\/02\/FAWE-FINAL-PRIMARY-LOGO-1-Photoroom.png\",\"contentUrl\":\"https:\/\/fawe.org\/wp-content\/uploads\/2025\/02\/FAWE-FINAL-PRIMARY-LOGO-1-Photoroom.png\",\"width\":1280,\"height\":510,\"caption\":\"FORUM FOR AFRICAN WOMEN EDUCATIONALISTS (FAWE)\"},\"image\":{\"@id\":\"http:\/\/fawe.org\/en\/#\/schema\/logo\/image\/\"},\"sameAs\":[\"https:\/\/www.facebook.com\/Forum.for.African.Women.Educationalists\",\"https:\/\/x.com\/FAWEAfrica\",\"https:\/\/www.instagram.com\/fawe_africa\/\",\"https:\/\/www.linkedin.com\/company\/fawe-africa\/\",\"https:\/\/www.youtube.com\/@FAWEAfrica\"]}]}<\/script>\n<!-- \/ Yoast SEO plugin. -->","yoast_head_json":{"title":"A propos de nous - FORUM FOR AFRICAN WOMEN EDUCATIONALISTS (FAWE)","robots":{"index":"index","follow":"follow","max-snippet":"max-snippet:-1","max-image-preview":"max-image-preview:large","max-video-preview":"max-video-preview:-1"},"canonical":"https:\/\/fawe.org\/fr\/about-us\/","og_locale":"fr_FR","og_type":"article","og_title":"About Us - FORUM FOR AFRICAN WOMEN EDUCATIONALISTS (FAWE)","og_description":"About Us Together for a Better Tomorrow Who We Are Promoting access and retention and improving the quality of education for girls The Forum for African Women Educationalists (FAWE) is a membership-based pan-African Non-Governmental Organisation that operates\u00a0through 34 National Chapters\u00a0in sub-Saharan Africa to promote girls\u2019 and women\u2019s education. FAWE\u2019s\u00a0vision, mission and goal\u00a0are all resolute on [&hellip;]","og_url":"https:\/\/fawe.org\/fr\/about-us\/","og_site_name":"FORUM FOR AFRICAN WOMEN EDUCATIONALISTS (FAWE)","article_publisher":"https:\/\/www.facebook.com\/Forum.for.African.Women.Educationalists","article_modified_time":"2026-03-20T08:55:56+00:00","og_image":[{"width":1600,"height":1066,"url":"https:\/\/fawe.org\/wp-content\/uploads\/2025\/07\/511197692_1117918787032068_1548540696703686237_n.jpg","type":"image\/jpeg"}],"twitter_card":"summary_large_image","twitter_site":"@FAWEAfrica","twitter_misc":{"Dur\u00e9e de lecture estim\u00e9e":"3 minutes"},"schema":{"@context":"https:\/\/schema.org","@graph":[{"@type":"WebPage","@id":"https:\/\/fawe.org\/about-us\/","url":"https:\/\/fawe.org\/about-us\/","name":"A propos de nous - FORUM FOR AFRICAN WOMEN EDUCATIONALISTS (FAWE)","isPartOf":{"@id":"http:\/\/fawe.org\/en\/#website"},"datePublished":"2025-02-18T15:55:49+00:00","dateModified":"2026-03-20T08:55:56+00:00","breadcrumb":{"@id":"https:\/\/fawe.org\/about-us\/#breadcrumb"},"inLanguage":"fr-FR","potentialAction":[{"@type":"ReadAction","target":["https:\/\/fawe.org\/about-us\/"]}]},{"@type":"BreadcrumbList","@id":"https:\/\/fawe.org\/about-us\/#breadcrumb","itemListElement":[{"@type":"ListItem","position":1,"name":"Home","item":"http:\/\/fawe.org\/en\/"},{"@type":"ListItem","position":2,"name":"About Us"}]},{"@type":"WebSite","@id":"http:\/\/fawe.org\/en\/#website","url":"http:\/\/fawe.org\/en\/","name":"FORUM DES \u00c9DUCATRICES AFRICAINES (FAWE)","description":"L'\u00e9ducation au changement","publisher":{"@id":"http:\/\/fawe.org\/en\/#organization"},"alternateName":"FAWE RS","potentialAction":[{"@type":"SearchAction","target":{"@type":"EntryPoint","urlTemplate":"http:\/\/fawe.org\/en\/?s={search_term_string}"},"query-input":{"@type":"PropertyValueSpecification","valueRequired":true,"valueName":"search_term_string"}}],"inLanguage":"fr-FR"},{"@type":"Organization","@id":"http:\/\/fawe.org\/en\/#organization","name":"FORUM DES \u00c9DUCATRICES AFRICAINES (FAWE)","url":"http:\/\/fawe.org\/en\/","logo":{"@type":"ImageObject","inLanguage":"fr-FR","@id":"http:\/\/fawe.org\/en\/#\/schema\/logo\/image\/","url":"https:\/\/fawe.org\/wp-content\/uploads\/2025\/02\/FAWE-FINAL-PRIMARY-LOGO-1-Photoroom.png","contentUrl":"https:\/\/fawe.org\/wp-content\/uploads\/2025\/02\/FAWE-FINAL-PRIMARY-LOGO-1-Photoroom.png","width":1280,"height":510,"caption":"FORUM FOR AFRICAN WOMEN EDUCATIONALISTS (FAWE)"},"image":{"@id":"http:\/\/fawe.org\/en\/#\/schema\/logo\/image\/"},"sameAs":["https:\/\/www.facebook.com\/Forum.for.African.Women.Educationalists","https:\/\/x.com\/FAWEAfrica","https:\/\/www.instagram.com\/fawe_africa\/","https:\/\/www.linkedin.com\/company\/fawe-africa\/","https:\/\/www.youtube.com\/@FAWEAfrica"]}]}},"_links":{"self":[{"href":"https:\/\/fawe.org\/fr\/wp-json\/wp\/v2\/pages\/60464","targetHints":{"allow":["GET"]}}],"collection":[{"href":"https:\/\/fawe.org\/fr\/wp-json\/wp\/v2\/pages"}],"about":[{"href":"https:\/\/fawe.org\/fr\/wp-json\/wp\/v2\/types\/page"}],"author":[{"embeddable":true,"href":"https:\/\/fawe.org\/fr\/wp-json\/wp\/v2\/users\/1"}],"replies":[{"embeddable":true,"href":"https:\/\/fawe.org\/fr\/wp-json\/wp\/v2\/comments?post=60464"}],"version-history":[{"count":9,"href":"https:\/\/fawe.org\/fr\/wp-json\/wp\/v2\/pages\/60464\/revisions"}],"predecessor-version":[{"id":71477,"href":"https:\/\/fawe.org\/fr\/wp-json\/wp\/v2\/pages\/60464\/revisions\/71477"}],"wp:attachment":[{"href":"https:\/\/fawe.org\/fr\/wp-json\/wp\/v2\/media?parent=60464"}],"curies":[{"name":"wp","href":"https:\/\/api.w.org\/{rel}","templated":true}]}}